{"id":3993,"date":"2026-03-03T11:20:39","date_gmt":"2026-03-03T11:20:39","guid":{"rendered":"https:\/\/casadartistes.esfarcultural.net\/?page_id=3993"},"modified":"2026-03-03T12:03:25","modified_gmt":"2026-03-03T12:03:25","slug":"performance-2026","status":"publish","type":"page","link":"https:\/\/casadartistes.esfarcultural.net\/en\/performance-2026","title":{"rendered":"PERFORMANCE 2026"},"content":{"rendered":"<div class=\"wpb-content-wrapper\"><p>[vc_row row_type=&#8221;row&#8221; use_row_as_full_screen_section=&#8221;no&#8221; type=&#8221;full_width&#8221; text_align=&#8221;left&#8221; background_animation=&#8221;none&#8221; css_animation=&#8221;&#8221; css=&#8221;.vc_custom_1610971923298{padding-top: 10px !important;padding-bottom: 20px !important;}&#8221;][vc_column][vc_empty_space][vc_column_text css=&#8221;&#8221;]<\/p>\n<h1 style=\"text-align: left;\"><strong>PERFORMANCE RESIDENCE<\/strong><\/h1>\n<p>[\/vc_column_text][vc_empty_space][vc_column_text css=&#8221;&#8221;]<\/p>\n<h3><span style=\"color: #ff0000;\">Selected artists<\/span><\/h3>\n<p>[\/vc_column_text][vc_empty_space][vc_empty_space][vc_row_inner row_type=&#8221;row&#8221; type=&#8221;full_width&#8221; use_row_as_full_screen_section_slide=&#8221;no&#8221; text_align=&#8221;left&#8221; css_animation=&#8221;&#8221;][vc_column_inner width=&#8221;2\/3&#8243;][vc_empty_space][vc_column_text css=&#8221;&#8221;]<\/p>\n<h5 style=\"text-align: left;\"><span style=\"color: #ea2d2e;\"><b>IRENE PASCUAL MOLINAS<\/b><\/span><\/h5>\n<p>[\/vc_column_text][vc_empty_space][vc_column_text css=&#8221;&#8221;]<\/p>\n<p style=\"font-weight: 400; text-align: justify;\"><span style=\"font-weight: 400;\">Irene Pascual Molinas (Girona, 1976) is an artist, researcher and lecturer in performing arts. Her artistic practice is articulated through drawing, installation and performance, with a strong focus on participatory dispositifs, the relationship between body, space and institution, and cultural mediation processes. Her international trajectory has been shaped by fifteen years based in Berlin, where she worked in the field of scenography and performance creation. Between 2007 and 2014 she directed the artist residency centre GlogauAIR, fostering international exchange and artistic research projects. She has developed and presented work in artistic and institutional contexts across several European countries, as well as in Mexico and Cameroon, including international exhibition contexts such as Hauser &#038; Wirth. She is currently based in Mallorca, where she develops site-specific and participatory artistic projects.<\/span><\/p>\n<p>[\/vc_column_text][vc_empty_space][\/vc_column_inner][vc_column_inner width=&#8221;1\/3&#8243;][vc_empty_space][vc_single_image image=&#8221;4003&#8243; img_size=&#8221;large&#8221; alignment=&#8221;center&#8221; onclick=&#8221;custom_link&#8221; img_link_target=&#8221;_blank&#8221; css=&#8221;&#8221; qode_css_animation=&#8221;&#8221;][vc_empty_space][vc_single_image image=&#8221;3995&#8243; img_size=&#8221;large&#8221; alignment=&#8221;center&#8221; onclick=&#8221;custom_link&#8221; img_link_target=&#8221;_blank&#8221; css=&#8221;&#8221; qode_css_animation=&#8221;&#8221;][vc_empty_space height=&#8221;8px&#8221;][\/vc_column_inner][\/vc_row_inner][vc_empty_space][vc_separator type=&#8221;normal&#8221; border_style=&#8221;&#8221; color=&#8221;#0a0a0a&#8221;][vc_empty_space][vc_row_inner row_type=&#8221;row&#8221; type=&#8221;full_width&#8221; use_row_as_full_screen_section_slide=&#8221;no&#8221; text_align=&#8221;left&#8221; css_animation=&#8221;&#8221;][vc_column_inner width=&#8221;2\/3&#8243;][vc_empty_space][vc_column_text css=&#8221;&#8221;]<\/p>\n<h5 style=\"text-align: left;\"><span style=\"color: #ea2d2e;\"><b>\u00d3SCAR BUENO<\/b><\/span><\/h5>\n<p>[\/vc_column_text][vc_empty_space][vc_column_text css=&#8221;&#8221;]<\/p>\n<p style=\"text-align: justify; font-weight: 400;\">\u00d3scar Bueno (1985, Avil\u00e9s, Asturias) is a creator and performer trained in Drama at the ESAD of Asturias. He holds a Professional Degree in Piano and a Master\u2019s in Performing Practice and Visual Culture from the Museo Reina Sof\u00eda. His work lies at the intersection of performance, music, and image, and unfolds through research frameworks that allow him to approach a single question from multiple perspectives. He also supports the creative processes of other artists.<\/p>\n<p style=\"text-align: justify; font-weight: 400;\">In parallel, he develops an educational line of work through workshops and sound creation laboratories in museums and art centres such as CA2M, La Casa Encendida, Museo Thyssen M\u00e1laga and MACBA. He has undertaken residencies in national and international institutions and regularly collaborates with artists from the contemporary scene.<\/p>\n<p>&nbsp;<\/p>\n<p style=\"text-align: justify; font-weight: 400;\">One of the central axes of his practice has been Sonidaci\u00f3n, understood as the mental generation of sound, from which works such as Soundtrack, Amarillo Chill\u00f3n and Estudios para sonidaci\u00f3n emerged. He is currently developing La excitaci\u00f3n del paisaje, a research project that returns to sound in order to reflect on the relationship between music, image, performativity, and nature, with works presented in festivals and art centres.<\/p>\n<p>[\/vc_column_text][vc_empty_space][\/vc_column_inner][vc_column_inner width=&#8221;1\/3&#8243;][vc_empty_space][vc_single_image image=&#8221;4004&#8243; img_size=&#8221;large&#8221; alignment=&#8221;center&#8221; onclick=&#8221;custom_link&#8221; img_link_target=&#8221;_blank&#8221; css=&#8221;&#8221; qode_css_animation=&#8221;&#8221;][vc_empty_space][vc_single_image image=&#8221;4006&#8243; img_size=&#8221;full&#8221; alignment=&#8221;center&#8221; onclick=&#8221;custom_link&#8221; img_link_target=&#8221;_blank&#8221; css=&#8221;&#8221; qode_css_animation=&#8221;&#8221;][vc_empty_space height=&#8221;8px&#8221;][\/vc_column_inner][\/vc_row_inner][vc_empty_space][vc_empty_space][\/vc_column][\/vc_row]<\/p>\n<\/div>","protected":false},"excerpt":{"rendered":"<p>[vc_row row_type=&#8221;row&#8221; use_row_as_full_screen_section=&#8221;no&#8221; type=&#8221;full_width&#8221; text_align=&#8221;left&#8221; background_animation=&#8221;none&#8221; css_animation=&#8221;&#8221; css=&#8221;.vc_custom_1610971923298{padding-top: 10px !important;padding-bottom: 20px !important;}&#8221;][vc_column][vc_empty_space][vc_column_text css=&#8221;&#8221;] PERFORMANCE RESIDENCE [\/vc_column_text][vc_empty_space][vc_column_text css=&#8221;&#8221;] Selected artists [\/vc_column_text][vc_empty_space][vc_empty_space][vc_row_inner row_type=&#8221;row&#8221; type=&#8221;full_width&#8221; use_row_as_full_screen_section_slide=&#8221;no&#8221; text_align=&#8221;left&#8221; css_animation=&#8221;&#8221;][vc_column_inner width=&#8221;2\/3&#8243;][vc_empty_space][vc_column_text css=&#8221;&#8221;] IRENE PASCUAL MOLINAS [\/vc_column_text][vc_empty_space][vc_column_text css=&#8221;&#8221;] Irene Pascual Molinas (Girona, 1976) is an artist, researcher and lecturer in performing&#8230;<\/p>\n","protected":false},"author":1,"featured_media":0,"parent":0,"menu_order":0,"comment_status":"closed","ping_status":"closed","template":"","meta":{"footnotes":""},"class_list":["post-3993","page","type-page","status-publish","hentry"],"_links":{"self":[{"href":"https:\/\/casadartistes.esfarcultural.net\/en\/wp-json\/wp\/v2\/pages\/3993","targetHints":{"allow":["GET"]}}],"collection":[{"href":"https:\/\/casadartistes.esfarcultural.net\/en\/wp-json\/wp\/v2\/pages"}],"about":[{"href":"https:\/\/casadartistes.esfarcultural.net\/en\/wp-json\/wp\/v2\/types\/page"}],"author":[{"embeddable":true,"href":"https:\/\/casadartistes.esfarcultural.net\/en\/wp-json\/wp\/v2\/users\/1"}],"replies":[{"embeddable":true,"href":"https:\/\/casadartistes.esfarcultural.net\/en\/wp-json\/wp\/v2\/comments?post=3993"}],"version-history":[{"count":9,"href":"https:\/\/casadartistes.esfarcultural.net\/en\/wp-json\/wp\/v2\/pages\/3993\/revisions"}],"predecessor-version":[{"id":4013,"href":"https:\/\/casadartistes.esfarcultural.net\/en\/wp-json\/wp\/v2\/pages\/3993\/revisions\/4013"}],"wp:attachment":[{"href":"https:\/\/casadartistes.esfarcultural.net\/en\/wp-json\/wp\/v2\/media?parent=3993"}],"curies":[{"name":"wp","href":"https:\/\/api.w.org\/{rel}","templated":true}]}}