{"id":3972,"date":"2026-02-27T12:09:41","date_gmt":"2026-02-27T12:09:41","guid":{"rendered":"https:\/\/casadartistes.esfarcultural.net\/?page_id=3972"},"modified":"2026-03-03T11:30:47","modified_gmt":"2026-03-03T11:30:47","slug":"illes-dart-2026","status":"publish","type":"page","link":"https:\/\/casadartistes.esfarcultural.net\/en\/illes-dart-2026","title":{"rendered":"ILLES D&#8217;ART 2026"},"content":{"rendered":"<div class=\"wpb-content-wrapper\"><p>[vc_row row_type=&#8221;row&#8221; use_row_as_full_screen_section=&#8221;no&#8221; type=&#8221;full_width&#8221; text_align=&#8221;left&#8221; background_animation=&#8221;none&#8221; css_animation=&#8221;&#8221; css=&#8221;.vc_custom_1610971923298{padding-top: 10px !important;padding-bottom: 20px !important;}&#8221;][vc_column][vc_empty_space][vc_column_text css=&#8221;&#8221;]<\/p>\n<h1 style=\"text-align: left;\"><strong>ILLES D&#8217;ART RESIDENCE<\/strong><\/h1>\n<p>[\/vc_column_text][vc_empty_space][vc_column_text css=&#8221;&#8221;]<\/p>\n<h3><span style=\"color: #ff0000;\">Selected artists<\/span><\/h3>\n<p>[\/vc_column_text][vc_empty_space][vc_empty_space][vc_row_inner row_type=&#8221;row&#8221; type=&#8221;full_width&#8221; use_row_as_full_screen_section_slide=&#8221;no&#8221; text_align=&#8221;left&#8221; css_animation=&#8221;&#8221;][vc_column_inner width=&#8221;2\/3&#8243;][vc_empty_space][vc_column_text css=&#8221;&#8221;]<\/p>\n<h5 style=\"text-align: left;\"><span style=\"color: #ea2d2e;\"><b>CLARA GARRIGA ANDREU<\/b><\/span><\/h5>\n<p>[\/vc_column_text][vc_empty_space][vc_column_text css=&#8221;&#8221;]<\/p>\n<p style=\"font-weight: 400; text-align: justify;\">Clara Garriga Andreu (Ma\u00f3, 1984) is a Menorcan photographer, videographer and visual artist. Her practice is rooted in contemporary photography and audiovisual media, with a particular focus on artistic-documentary narratives and their dialogue with other artistic languages. She works from feminist social realities linked to the territory she inhabits or experienced firsthand, approached through a poetic and critical perspective.<\/p>\n<p>&nbsp;<\/p>\n<p style=\"font-weight: 400; text-align: justify;\">Her work explores gender inequalities and different forms of violence against women, as well as the relationship between body and territory, with Menorca as a constant and symbolic presence. Formally, she combines photography, video and installation, incorporating manual processes such as collage, sewing and weaving onto photographic prints, seeking new forms of deconstruction and manual expression of the image.<\/p>\n<p style=\"font-weight: 400; text-align: justify;\">Working as a freelance photographer since 2008, she has held solo exhibitions in Spain and internationally. In 2025 alone, she received the Lab Oliver Award and the Biosfera Award at Menorca Doc Fest, and exhibited at Sala del Roser in Ciutadella, in Barcelona, and in Argentina.<\/p>\n<p>[\/vc_column_text][vc_empty_space][\/vc_column_inner][vc_column_inner width=&#8221;1\/3&#8243;][vc_empty_space][vc_single_image image=&#8221;3975&#8243; img_size=&#8221;large&#8221; alignment=&#8221;center&#8221; onclick=&#8221;custom_link&#8221; img_link_target=&#8221;_blank&#8221; css=&#8221;&#8221; qode_css_animation=&#8221;&#8221;][vc_empty_space][vc_single_image image=&#8221;3976&#8243; img_size=&#8221;large&#8221; alignment=&#8221;center&#8221; onclick=&#8221;custom_link&#8221; img_link_target=&#8221;_blank&#8221; css=&#8221;&#8221; qode_css_animation=&#8221;&#8221;][vc_empty_space height=&#8221;8px&#8221;][\/vc_column_inner][\/vc_row_inner][vc_empty_space][vc_separator type=&#8221;normal&#8221; border_style=&#8221;&#8221; color=&#8221;#0a0a0a&#8221;][vc_empty_space][vc_row_inner row_type=&#8221;row&#8221; type=&#8221;full_width&#8221; use_row_as_full_screen_section_slide=&#8221;no&#8221; text_align=&#8221;left&#8221; css_animation=&#8221;&#8221;][vc_column_inner width=&#8221;2\/3&#8243;][vc_empty_space][vc_column_text css=&#8221;&#8221;]<\/p>\n<h5 style=\"text-align: left;\"><span style=\"color: #ea2d2e;\"><b>ROBERTO CAMPILLO<\/b><\/span><\/h5>\n<p>[\/vc_column_text][vc_empty_space][vc_column_text css=&#8221;&#8221;]<\/p>\n<p style=\"text-align: justify;\"><span style=\"font-weight: 400;\">Roberto Campillo \u00e9s autor i creador visual vinculat a la cultura popular i a la divulgaci\u00f3 de l\u2019imaginari de les Illes Balears. La seva pr\u00e0ctica combina il\u00b7lustraci\u00f3, narrativa i disseny amb una clara voluntat de posar en valor el patrimoni immaterial, entenent el joc i la creaci\u00f3 de continguts com a eines de transmissi\u00f3 cultural. Ha publicat diversos llibres amb editorials com Nova Editorial Moll, Editorial Sa\u00efm, Insula Liter\u00e0ria i Sa Filosa, centrats en la mitologia, la festa i els relats populars. Paral\u00b7lelament, desenvolupa projectes interdisciplinaris, especialment en l\u2019\u00e0mbit del joc de taula, com <i>A\u00efllats<\/i>, <i>Captura Criatura<\/i> i <i>4 Illes<\/i> (Dino Ludens). Ha estat seleccionat en resid\u00e8ncies de gr\u00e0fica contempor\u00e0nia i participa habitualment en espais de divulgaci\u00f3 cultural. La seva feina busca actualitzar la tradici\u00f3 amb llenguatges visuals contemporanis, generant ponts entre mem\u00f2ria, territori i noves generacions.<\/span><\/p>\n<p>[\/vc_column_text][vc_empty_space][\/vc_column_inner][vc_column_inner width=&#8221;1\/3&#8243;][vc_empty_space][vc_single_image image=&#8221;3979&#8243; img_size=&#8221;large&#8221; alignment=&#8221;center&#8221; onclick=&#8221;custom_link&#8221; img_link_target=&#8221;_blank&#8221; css=&#8221;&#8221; qode_css_animation=&#8221;&#8221;][vc_empty_space][vc_single_image image=&#8221;3978&#8243; img_size=&#8221;full&#8221; alignment=&#8221;center&#8221; onclick=&#8221;custom_link&#8221; img_link_target=&#8221;_blank&#8221; css=&#8221;&#8221; qode_css_animation=&#8221;&#8221;][vc_empty_space height=&#8221;8px&#8221;][\/vc_column_inner][\/vc_row_inner][vc_empty_space][vc_empty_space][\/vc_column][\/vc_row]<\/p>\n<\/div>","protected":false},"excerpt":{"rendered":"<p>[vc_row row_type=&#8221;row&#8221; use_row_as_full_screen_section=&#8221;no&#8221; type=&#8221;full_width&#8221; text_align=&#8221;left&#8221; background_animation=&#8221;none&#8221; css_animation=&#8221;&#8221; css=&#8221;.vc_custom_1610971923298{padding-top: 10px !important;padding-bottom: 20px !important;}&#8221;][vc_column][vc_empty_space][vc_column_text css=&#8221;&#8221;] ILLES D&#8217;ART RESIDENCE [\/vc_column_text][vc_empty_space][vc_column_text css=&#8221;&#8221;] Selected artists [\/vc_column_text][vc_empty_space][vc_empty_space][vc_row_inner row_type=&#8221;row&#8221; type=&#8221;full_width&#8221; use_row_as_full_screen_section_slide=&#8221;no&#8221; text_align=&#8221;left&#8221; css_animation=&#8221;&#8221;][vc_column_inner width=&#8221;2\/3&#8243;][vc_empty_space][vc_column_text css=&#8221;&#8221;] CLARA GARRIGA ANDREU [\/vc_column_text][vc_empty_space][vc_column_text css=&#8221;&#8221;] Clara Garriga Andreu (Ma\u00f3, 1984) is a Menorcan photographer, videographer and visual&#8230;<\/p>\n","protected":false},"author":1,"featured_media":0,"parent":0,"menu_order":0,"comment_status":"closed","ping_status":"closed","template":"","meta":{"footnotes":""},"class_list":["post-3972","page","type-page","status-publish","hentry"],"_links":{"self":[{"href":"https:\/\/casadartistes.esfarcultural.net\/en\/wp-json\/wp\/v2\/pages\/3972","targetHints":{"allow":["GET"]}}],"collection":[{"href":"https:\/\/casadartistes.esfarcultural.net\/en\/wp-json\/wp\/v2\/pages"}],"about":[{"href":"https:\/\/casadartistes.esfarcultural.net\/en\/wp-json\/wp\/v2\/types\/page"}],"author":[{"embeddable":true,"href":"https:\/\/casadartistes.esfarcultural.net\/en\/wp-json\/wp\/v2\/users\/1"}],"replies":[{"embeddable":true,"href":"https:\/\/casadartistes.esfarcultural.net\/en\/wp-json\/wp\/v2\/comments?post=3972"}],"version-history":[{"count":16,"href":"https:\/\/casadartistes.esfarcultural.net\/en\/wp-json\/wp\/v2\/pages\/3972\/revisions"}],"predecessor-version":[{"id":4001,"href":"https:\/\/casadartistes.esfarcultural.net\/en\/wp-json\/wp\/v2\/pages\/3972\/revisions\/4001"}],"wp:attachment":[{"href":"https:\/\/casadartistes.esfarcultural.net\/en\/wp-json\/wp\/v2\/media?parent=3972"}],"curies":[{"name":"wp","href":"https:\/\/api.w.org\/{rel}","templated":true}]}}