{"id":3960,"date":"2026-02-16T09:08:14","date_gmt":"2026-02-16T09:08:14","guid":{"rendered":"https:\/\/casadartistes.esfarcultural.net\/?page_id=3960"},"modified":"2026-02-16T10:01:04","modified_gmt":"2026-02-16T10:01:04","slug":"teatre","status":"publish","type":"page","link":"https:\/\/casadartistes.esfarcultural.net\/en\/teatre","title":{"rendered":"TEATRE"},"content":{"rendered":"<div class=\"wpb-content-wrapper\"><p>[vc_row row_type=&#8221;row&#8221; use_row_as_full_screen_section=&#8221;no&#8221; type=&#8221;full_width&#8221; text_align=&#8221;left&#8221; background_animation=&#8221;none&#8221; css_animation=&#8221;&#8221; css=&#8221;.vc_custom_1610971923298{padding-top: 10px !important;padding-bottom: 20px !important;}&#8221;][vc_column][vc_empty_space][vc_column_text css=&#8221;&#8221;]<\/p>\n<h1 style=\"text-align: left;\"><strong><span style=\"color: #000000;\">TEATRE DE FORNELLS<\/span><\/strong><\/h1>\n<p>[\/vc_column_text][vc_empty_space height=&#8221;15px&#8221;][vc_column_text css=&#8221;&#8221;]<\/p>\n<h3 style=\"text-align: left;\"><span style=\"color: #ff0000;\">Selected artists<\/span><\/h3>\n<p>[\/vc_column_text][vc_empty_space][vc_empty_space][vc_row_inner row_type=&#8221;row&#8221; type=&#8221;full_width&#8221; use_row_as_full_screen_section_slide=&#8221;no&#8221; text_align=&#8221;left&#8221; css_animation=&#8221;&#8221;][vc_column_inner width=&#8221;1\/2&#8243;][vc_empty_space][vc_column_text css=&#8221;&#8221;]<\/p>\n<p style=\"text-align: justify;\"><b>Macarena and Olivia<\/b><span style=\"font-weight: 400;\">. Trained in performing arts, they are used to spending long periods immersed in processes of collective creation and research. They have shared workshops in stage direction with Carlos Tu\u00f1\u00f3n, director of the company [los n\u00fameros imaginarios].<\/span><\/p>\n<p style=\"text-align: justify;\"><span style=\"font-weight: 400;\">In 2019, they premiered their first work as directors at the Corral de Comedias in Alcal\u00e1 de Henares. Macarena premiered <em>Fumaroles<\/em> and Olivia #<em>aboutlastnight<\/em>. That little coincidence linked them as emerging artists. Three years ago they started snacking together with the intention of building a project. Those mornings they have taken them to Menorca to continue investigating their next work.<\/span><\/p>\n<p style=\"text-align: justify;\"><span style=\"font-weight: 400;\">Its passage through the island, within the framework of the residence in the creation center Casa d&#8217;Artistes y Teatro de Fornells, is divided into three stages. A first stage in September, in which they have dedicated themselves to stage research and writing. A second one in November, to continue with the creation process linked to the island. And finally, a third stage of scenic creation and sharing with the public in February 2026.<\/span><\/p>\n<p>&nbsp;<\/p>\n<p>&nbsp;<\/p>\n<p style=\"text-align: justify;\"><b>Olivia Delc\u00e1n.<\/b> <span style=\"font-weight: 400;\">This year he premieres his first short film, <em>Instrucciones para cocinar un pollo bajo tierra<\/em>, co-directed with Nacho S.nchez. In addition, he is developing his first feature film, <em>La hija bastarda<\/em>, which is part of the Rueda program of Academia de Cine and has won the first prize for the Talents Lab of the Atl\u00e0ntida Film Fest. He has also co-wrote and starred in the film <em>Isla Bonita<\/em>, by Fernando Colomo.<\/span><\/p>\n<p>&nbsp;<\/p>\n<p style=\"text-align: justify;\"><b>Macarena Regueiro.<\/b> <span style=\"font-weight: 400;\">She is a director, playwright, actress and ceramist. He is currently writing his first novel, with which he was in residence on April 2025 in France, at the Manoir centre in La Moissie. Her work as a creator is characterized by the mixture of scenic languages. With <em>Fumaroles<\/em> she lays the foundations as a creator, directing, writing and starring in her proposals. In his last project, <em>Lo que se rompe<\/em>, he worked with a cast of dancers choreographed by bailaor Julio Ruiz.<\/span><b> \u00a0<\/b><\/p>\n<p>[\/vc_column_text][vc_empty_space][\/vc_column_inner][vc_column_inner width=&#8221;1\/2&#8243;][vc_empty_space][vc_empty_space][vc_single_image image=&#8221;3961&#8243; img_size=&#8221;large&#8221; alignment=&#8221;center&#8221; onclick=&#8221;custom_link&#8221; img_link_target=&#8221;_blank&#8221; css=&#8221;&#8221; qode_css_animation=&#8221;&#8221; link=&#8221;http:\/\/sandrinedeumier.com\/&#8221;][vc_empty_space height=&#8221;12px&#8221;][vc_single_image image=&#8221;3962&#8243; img_size=&#8221;large&#8221; alignment=&#8221;center&#8221; onclick=&#8221;custom_link&#8221; img_link_target=&#8221;_blank&#8221; css=&#8221;&#8221; qode_css_animation=&#8221;&#8221; link=&#8221;http:\/\/sandrinedeumier.com\/&#8221;][vc_empty_space][\/vc_column_inner][\/vc_row_inner][vc_empty_space][vc_empty_space][\/vc_column][\/vc_row]<\/p>\n<\/div>","protected":false},"excerpt":{"rendered":"<p>[vc_row row_type=&#8221;row&#8221; use_row_as_full_screen_section=&#8221;no&#8221; type=&#8221;full_width&#8221; text_align=&#8221;left&#8221; background_animation=&#8221;none&#8221; css_animation=&#8221;&#8221; css=&#8221;.vc_custom_1610971923298{padding-top: 10px !important;padding-bottom: 20px !important;}&#8221;][vc_column][vc_empty_space][vc_column_text css=&#8221;&#8221;] TEATRE DE FORNELLS [\/vc_column_text][vc_empty_space height=&#8221;15px&#8221;][vc_column_text css=&#8221;&#8221;] Selected artists [\/vc_column_text][vc_empty_space][vc_empty_space][vc_row_inner row_type=&#8221;row&#8221; type=&#8221;full_width&#8221; use_row_as_full_screen_section_slide=&#8221;no&#8221; text_align=&#8221;left&#8221; css_animation=&#8221;&#8221;][vc_column_inner width=&#8221;1\/2&#8243;][vc_empty_space][vc_column_text css=&#8221;&#8221;] Macarena and Olivia. Trained in performing arts, they are used to spending long periods immersed in&#8230;<\/p>\n","protected":false},"author":1,"featured_media":0,"parent":0,"menu_order":0,"comment_status":"closed","ping_status":"closed","template":"","meta":{"footnotes":""},"class_list":["post-3960","page","type-page","status-publish","hentry"],"_links":{"self":[{"href":"https:\/\/casadartistes.esfarcultural.net\/en\/wp-json\/wp\/v2\/pages\/3960","targetHints":{"allow":["GET"]}}],"collection":[{"href":"https:\/\/casadartistes.esfarcultural.net\/en\/wp-json\/wp\/v2\/pages"}],"about":[{"href":"https:\/\/casadartistes.esfarcultural.net\/en\/wp-json\/wp\/v2\/types\/page"}],"author":[{"embeddable":true,"href":"https:\/\/casadartistes.esfarcultural.net\/en\/wp-json\/wp\/v2\/users\/1"}],"replies":[{"embeddable":true,"href":"https:\/\/casadartistes.esfarcultural.net\/en\/wp-json\/wp\/v2\/comments?post=3960"}],"version-history":[{"count":4,"href":"https:\/\/casadartistes.esfarcultural.net\/en\/wp-json\/wp\/v2\/pages\/3960\/revisions"}],"predecessor-version":[{"id":3969,"href":"https:\/\/casadartistes.esfarcultural.net\/en\/wp-json\/wp\/v2\/pages\/3960\/revisions\/3969"}],"wp:attachment":[{"href":"https:\/\/casadartistes.esfarcultural.net\/en\/wp-json\/wp\/v2\/media?parent=3960"}],"curies":[{"name":"wp","href":"https:\/\/api.w.org\/{rel}","templated":true}]}}