{"id":3791,"date":"2025-10-08T15:29:35","date_gmt":"2025-10-08T15:29:35","guid":{"rendered":"https:\/\/casadartistes.esfarcultural.net\/?page_id=3791"},"modified":"2025-11-05T12:56:41","modified_gmt":"2025-11-05T12:56:41","slug":"teatre-de-fornells","status":"publish","type":"page","link":"https:\/\/casadartistes.esfarcultural.net\/en\/teatre-de-fornells","title":{"rendered":"TEATRE DE FORNELLS"},"content":{"rendered":"<div class=\"wpb-content-wrapper\"><p>[vc_row row_type=&#8221;row&#8221; use_row_as_full_screen_section=&#8221;no&#8221; type=&#8221;full_width&#8221; text_align=&#8221;left&#8221; background_animation=&#8221;none&#8221; css_animation=&#8221;&#8221; css=&#8221;.vc_custom_1610971923298{padding-top: 10px !important;padding-bottom: 20px !important;}&#8221;][vc_column][vc_empty_space][vc_column_text css=&#8221;&#8221;]<\/p>\n<h1 style=\"text-align: left;\"><strong><span style=\"color: #000000;\">TEATRE DE FORNELLS<\/span><\/strong><\/h1>\n<p>[\/vc_column_text][vc_empty_space height=&#8221;15px&#8221;][vc_column_text css=&#8221;&#8221;]<\/p>\n<h3 style=\"text-align: left;\"><span style=\"color: #ff0000;\">Artistes seleccionades<\/span><\/h3>\n<p>[\/vc_column_text][vc_empty_space][vc_empty_space][vc_row_inner row_type=&#8221;row&#8221; type=&#8221;full_width&#8221; use_row_as_full_screen_section_slide=&#8221;no&#8221; text_align=&#8221;left&#8221; css_animation=&#8221;&#8221;][vc_column_inner width=&#8221;1\/2&#8243;][vc_empty_space][vc_column_text css=&#8221;&#8221;]<\/p>\n<p style=\"text-align: justify;\"><b>Macarena i Olivia<\/b><span style=\"font-weight: 400;\">. Formades en arts esc\u00e8niques, estan acostumades a passar llargues temporades immerses en processos de creaci\u00f3 col\u00b7lectiva i investigaci\u00f3. Han compartit tallers en direcci\u00f3 esc\u00e8nica amb Carlos Tu\u00f1\u00f3n, director de la companyia [los n\u00fameros imaginarios].<\/span><\/p>\n<p style=\"text-align: justify;\"><span style=\"font-weight: 400;\">El 2019, van estrenar la seva primera obra com a directores al Corral de Comedias d\u2019Alcal\u00e1 de Henares. Macarena va estrenar <\/span><i><span style=\"font-weight: 400;\">Fumaroles<\/span><\/i><span style=\"font-weight: 400;\"> i Olivia <\/span><i><span style=\"font-weight: 400;\">#aboutlastnight<\/span><\/i><span style=\"font-weight: 400;\">. Aquella petita coincid\u00e8ncia les va vincular com a artistes emergents. Fa tres anys van comen\u00e7ar a berenar juntes amb la intenci\u00f3 d\u2019aixecar un projecte. Aquells matins les han duit fins a Menorca per continuar investigant la seva pr\u00f2xima obra.<\/span><\/p>\n<p style=\"text-align: justify;\"><span style=\"font-weight: 400;\">El seu pas per l\u2019illa, en el marc de la resid\u00e8ncia al centre de creaci\u00f3 Casa d\u2019Artistes i Teatre de Fornells, est\u00e0 dividit en tres etapes. Una primera etapa al setembre, en la qual s\u2019han dedicat a la investigaci\u00f3 esc\u00e8nica i l\u2019escriptura. Una segona al novembre, per continuar amb el proc\u00e9s de creaci\u00f3 vinculat a l\u2019illa. I, finalment, una tercera etapa de creaci\u00f3 esc\u00e8nica i posa en com\u00fa amb el p\u00fablic que tindr\u00e0 lloc el febrer de 2026.<\/span><\/p>\n<p>&nbsp;<\/p>\n<p>&nbsp;<\/p>\n<p style=\"text-align: justify;\"><b>Olivia Delc\u00e1n.<\/b><span style=\"font-weight: 400;\"> Estrena enguany el seu primer curtmetratge,<\/span><i><span style=\"font-weight: 400;\"> Instrucciones para cocinar un pollo bajo tierra<\/span><\/i><span style=\"font-weight: 400;\">, codirigit amb Nacho S\u00e1nchez. A m\u00e9s, est\u00e0 desenvolupant el seu primer llargmetratge, <\/span><i><span style=\"font-weight: 400;\">La hija bastarda<\/span><\/i><span style=\"font-weight: 400;\">, que forma part del programa Rueda de l\u2019Academia de Cine i ha obtingut el primer premi al Talents Lab de l\u2019Atl\u00e0ntida Film Fest. Tamb\u00e9 ha coescrit i protagonitzat la pel\u00b7l\u00edcula <\/span><i><span style=\"font-weight: 400;\">Isla Bonita<\/span><\/i><span style=\"font-weight: 400;\">, de Fernando Colomo.<\/span><\/p>\n<p>&nbsp;<\/p>\n<p style=\"text-align: justify;\"><b>Macarena Regueiro.<\/b><span style=\"font-weight: 400;\"> \u00c9s directora, dramaturga, actriu i ceramista. Actualment, est\u00e0 escrivint la seva primera novel\u00b7la, amb la qual va estar de resid\u00e8ncia el passat abril a Fran\u00e7a, al centre Manoir de La Moissie. La seva feina com a creadora es caracteritza per la mescla de llenguatges esc\u00e8nics. Amb Fumaroles assenta les bases com a creadora, dirigint, escrivint i protagonitzant les seves propostes. En el seu darrer projecte, <\/span><i><span style=\"font-weight: 400;\">Lo que se rompe<\/span><\/i><span style=\"font-weight: 400;\">, va treballar amb un elenc de ballarines coreografiat pel <\/span><i><span style=\"font-weight: 400;\">bailaor<\/span><\/i><span style=\"font-weight: 400;\"> Julio Ruiz.<\/span><b> \u00a0<\/b><\/p>\n<p>[\/vc_column_text][vc_empty_space][\/vc_column_inner][vc_column_inner width=&#8221;1\/2&#8243;][vc_empty_space][vc_empty_space][vc_single_image image=&#8221;3841&#8243; img_size=&#8221;large&#8221; alignment=&#8221;center&#8221; onclick=&#8221;custom_link&#8221; img_link_target=&#8221;_blank&#8221; css=&#8221;&#8221; qode_css_animation=&#8221;&#8221; link=&#8221;http:\/\/sandrinedeumier.com\/&#8221;][vc_empty_space height=&#8221;12px&#8221;][vc_single_image image=&#8221;3840&#8243; img_size=&#8221;large&#8221; alignment=&#8221;center&#8221; onclick=&#8221;custom_link&#8221; img_link_target=&#8221;_blank&#8221; css=&#8221;&#8221; qode_css_animation=&#8221;&#8221; link=&#8221;http:\/\/sandrinedeumier.com\/&#8221;][vc_empty_space][\/vc_column_inner][\/vc_row_inner][vc_empty_space][vc_empty_space][\/vc_column][\/vc_row]<\/p>\n<\/div>","protected":false},"excerpt":{"rendered":"<p>[vc_row row_type=&#8221;row&#8221; use_row_as_full_screen_section=&#8221;no&#8221; type=&#8221;full_width&#8221; text_align=&#8221;left&#8221; background_animation=&#8221;none&#8221; css_animation=&#8221;&#8221; css=&#8221;.vc_custom_1610971923298{padding-top: 10px !important;padding-bottom: 20px !important;}&#8221;][vc_column][vc_empty_space][vc_column_text css=&#8221;&#8221;] TEATRE DE FORNELLS [\/vc_column_text][vc_empty_space height=&#8221;15px&#8221;][vc_column_text css=&#8221;&#8221;] Artistes seleccionades [\/vc_column_text][vc_empty_space][vc_empty_space][vc_row_inner row_type=&#8221;row&#8221; type=&#8221;full_width&#8221; use_row_as_full_screen_section_slide=&#8221;no&#8221; text_align=&#8221;left&#8221; css_animation=&#8221;&#8221;][vc_column_inner width=&#8221;1\/2&#8243;][vc_empty_space][vc_column_text css=&#8221;&#8221;] Macarena i Olivia. Formades en arts esc\u00e8niques, estan acostumades a passar llargues temporades immerses en processos&#8230;<\/p>\n","protected":false},"author":1,"featured_media":0,"parent":0,"menu_order":0,"comment_status":"closed","ping_status":"closed","template":"","meta":{"footnotes":""},"class_list":["post-3791","page","type-page","status-publish","hentry"],"_links":{"self":[{"href":"https:\/\/casadartistes.esfarcultural.net\/en\/wp-json\/wp\/v2\/pages\/3791","targetHints":{"allow":["GET"]}}],"collection":[{"href":"https:\/\/casadartistes.esfarcultural.net\/en\/wp-json\/wp\/v2\/pages"}],"about":[{"href":"https:\/\/casadartistes.esfarcultural.net\/en\/wp-json\/wp\/v2\/types\/page"}],"author":[{"embeddable":true,"href":"https:\/\/casadartistes.esfarcultural.net\/en\/wp-json\/wp\/v2\/users\/1"}],"replies":[{"embeddable":true,"href":"https:\/\/casadartistes.esfarcultural.net\/en\/wp-json\/wp\/v2\/comments?post=3791"}],"version-history":[{"count":32,"href":"https:\/\/casadartistes.esfarcultural.net\/en\/wp-json\/wp\/v2\/pages\/3791\/revisions"}],"predecessor-version":[{"id":3849,"href":"https:\/\/casadartistes.esfarcultural.net\/en\/wp-json\/wp\/v2\/pages\/3791\/revisions\/3849"}],"wp:attachment":[{"href":"https:\/\/casadartistes.esfarcultural.net\/en\/wp-json\/wp\/v2\/media?parent=3791"}],"curies":[{"name":"wp","href":"https:\/\/api.w.org\/{rel}","templated":true}]}}