{"id":3769,"date":"2025-07-24T17:03:46","date_gmt":"2025-07-24T17:03:46","guid":{"rendered":"https:\/\/casadartistes.esfarcultural.net\/?page_id=3769"},"modified":"2025-10-27T10:25:19","modified_gmt":"2025-10-27T10:25:19","slug":"entrellac-entrelacs-2025","status":"publish","type":"page","link":"https:\/\/casadartistes.esfarcultural.net\/en\/entrellac-entrelacs-2025","title":{"rendered":"ENTRELLA\u00c7-ENTRELACS"},"content":{"rendered":"<div class=\"wpb-content-wrapper\"><p>[vc_row row_type=&#8221;row&#8221; use_row_as_full_screen_section=&#8221;no&#8221; type=&#8221;full_width&#8221; text_align=&#8221;center&#8221; background_animation=&#8221;none&#8221; css_animation=&#8221;&#8221; css=&#8221;.vc_custom_1753376665896{padding-top: 10px !important;padding-bottom: 20px !important;}&#8221;][vc_column][vc_empty_space][vc_single_image image=&#8221;3770&#8243; img_size=&#8221;large&#8221; css=&#8221;&#8221; qode_css_animation=&#8221;&#8221;][vc_empty_space][vc_column_text css=&#8221;&#8221;]<\/p>\n<p style=\"text-align: justify;\">ENTRELLA\u00c7 \u2013 ENTRELACS promeut la <strong>cr\u00e9ation artistique sous la forme multim\u00e9dia<\/strong> <strong>et le soutien aux supports num\u00e9riques<\/strong> \u00e0 travers un programme professionnel qui comprend une r\u00e9union de formation et de co-cr\u00e9ation, une r\u00e9sidence artistique nomade et un parcours de diffusion. L\u2019appel s\u2019adresse <strong>aux collectifs ou aux artistes qui souhaitent travailler collectivement (deux personnes)<\/strong> avec des propositions qui hybrident la photographie et l\u2019art sonore, permettant l\u2019incorporation d\u2019autres langages artistiques tels que les mots.<\/p>\n<p>&nbsp;<\/p>\n<p style=\"text-align: justify;\">Il s\u2019agit d\u2019un projet d\u2019<a href=\"https:\/\/esfarcultural.net\/\"><strong>FAR Cultural<\/strong><\/a>, d\u2019<strong>Ull x Ull<\/strong> et <strong><a href=\"https:\/\/maison-salvan.fr\/\">Maison Salvan \u2013 Centre d\u2019art et r\u00e9sidence d\u2019artistes<\/a><\/strong>, auquel participent \u00e9galement le festival de films documentaires et de photographie <strong><a href=\"https:\/\/www.menorcadocfest.com\/\">Menorca Doc Fest<\/a><\/strong> et le festival de photographie <strong>Rub\u00ed <\/strong><strong><a href=\"https:\/\/www.lanuu.cat\/\">La Nuu<\/a><\/strong>. ENTRELLA\u00c7 est soutenu par l\u2019Euror\u00e9gion Pyr\u00e9n\u00e9es-M\u00e9diterran\u00e9e.<\/p>\n<p>[\/vc_column_text][vc_empty_space][vc_empty_space][vc_separator type=&#8221;normal&#8221; border_style=&#8221;&#8221;][vc_empty_space][vc_empty_space][vc_column_text css=&#8221;&#8221;]<\/p>\n<h3 style=\"text-align: left;\"><span style=\"color: #ff0000;\">Artistes s\u00e9lectionn\u00e9s<\/span><\/h3>\n<p>[\/vc_column_text][vc_empty_space][vc_row_inner row_type=&#8221;row&#8221; type=&#8221;full_width&#8221; use_row_as_full_screen_section_slide=&#8221;no&#8221; text_align=&#8221;left&#8221; css_animation=&#8221;&#8221;][vc_column_inner width=&#8221;2\/3&#8243;][vc_empty_space][vc_column_text css=&#8221;&#8221;]<\/p>\n<h5 style=\"text-align: left;\"><span style=\"color: #ea2d2e;\"><b>G\u00c9N\u00c9RIQUE MARDI<\/b><\/span><\/h5>\n<p>[\/vc_column_text][vc_empty_space][vc_column_text css=&#8221;&#8221;]<\/p>\n<p style=\"text-align: justify;\"><span style=\"font-weight: 400;\">G\u00e9n\u00e9rique Mardi est n\u00e9 fin 2022 \u00e0 Toulouse, lors de la rencontre de Juliette Pym (basse) et Bonella Holloway (clavier). Leurs morceaux sont compos\u00e9s, \u00e9crits et chant\u00e9s \u00e0 deux, invitant l&#8217;auditeurice dans un espace intime et sensible. Originellement ielles sont travailleureuses de l&#8217;art contemporain, origine qui r\u00e9sonne dans leur approche musical, influenc\u00e9e par la po\u00e9sie sonore et la no-wave, teint\u00e9e d&#8217;un esprit pop lofi.<\/span><\/p>\n<p style=\"text-align: justify;\"><span style=\"font-weight: 400;\">Leurs m\u00e9lodies simples sont contruites autour de paroles d\u00e9pictant un quotidien, une approche brute et subtile de l&#8217;anxi\u00e9t\u00e9, l&#8217;addiction et l&#8217;affection. Ielles nous livrent une f\u00eate douce-am\u00e8re, dans l&#8217;espoir de sublimer la r\u00e9p\u00e9titivit\u00e9 des sch\u00e9mas du quotidien.<\/span><\/p>\n<p style=\"text-align: justify;\"><span style=\"font-weight: 400;\">Jusqu&#8217;ici, ielles ont fait plus de 50 concerts en France, Belgique et Suisse. Leur premier album, Rebecca est sorti sur deux labels ind\u00e9pendants au printemps 2024, Coeur Sur Toi et AB Records. Dans sa recherche plastique, les m\u00e9diums de pr\u00e9dilection de Bonella Holloway sont la vid\u00e9o, texte et performance, qu&#8217;iel d\u00e9veloppe \u00e0 travers des pi\u00e8ces qui questionnement les normes de syst\u00e8mes linguistiques, comportementaux, psychologiques, sexuels et genr\u00e9s.<\/span><\/p>\n<p style=\"text-align: justify;\"><span style=\"font-weight: 400;\">Juliette Pym a \u00e9tudi\u00e9 l&#8217;histoire de l&#8217;art, et c&#8217;est apr\u00e8s divers m\u00e9tiers dans le champ de l&#8217;art contemporain qu&#8217;elle joue dans plusieurs projets musicaux (F.R.B., Laura Bolt) et collabore avec une vari\u00e9t\u00e9 d&#8217;artistes visuels (Cabaret Sommes, Ancora, Electriq bleu).<\/span><\/p>\n<p>&nbsp;<\/p>\n<p style=\"text-align: justify;\"><b>Projet de r\u00e9sidence<\/b><\/p>\n<p style=\"text-align: justify;\"><span style=\"font-weight: 400;\">Pour la r\u00e9sidence ENTRELLA\u00c7, G\u00e9n\u00e9rique Mardi va continuer d&#8217;\u00e9largir une recherche continuellement\u00a0 pr\u00e9sente dans leur pratique musical et artistique : l&#8217;\u00eatre-ensemble. Ielles exploreront la notion de f\u00eate comme rituel, fait d&#8217;un ensemble de r\u00e8gles et de tropes, accept\u00e9s et institu\u00e9s par tel groupe dans tel espace. Un rituel est fait de deux facettes indissociables, \u00e0 la fois oppos\u00e9es et compl\u00e9mentaires \u2013 la tradition et l&#8217;\u00e9mancipation. G\u00e9n\u00e9rique Mardi cherchera \u00e0 d\u00e9couvrir des traditions festives locales \u00e0 chacun des trois territoires, \u00e0 travers leurs d\u00e9nominateurs communs et sp\u00e9cificit\u00e9s, avec la musique au <\/span><span style=\"font-weight: 400;\">centre de leur approche artistique.<\/span><\/p>\n<p>[\/vc_column_text][vc_empty_space][\/vc_column_inner][vc_column_inner width=&#8221;1\/3&#8243;][vc_empty_space][vc_empty_space][vc_single_image image=&#8221;3777&#8243; img_size=&#8221;full&#8221; alignment=&#8221;center&#8221; css=&#8221;&#8221; qode_css_animation=&#8221;&#8221;][vc_empty_space][vc_single_image image=&#8221;3778&#8243; img_size=&#8221;full&#8221; alignment=&#8221;center&#8221; css=&#8221;&#8221; qode_css_animation=&#8221;&#8221;][vc_empty_space height=&#8221;8px&#8221;][\/vc_column_inner][\/vc_row_inner][vc_empty_space][vc_empty_space][\/vc_column][\/vc_row]<\/p>\n<\/div>","protected":false},"excerpt":{"rendered":"<p>[vc_row row_type=&#8221;row&#8221; use_row_as_full_screen_section=&#8221;no&#8221; type=&#8221;full_width&#8221; text_align=&#8221;center&#8221; background_animation=&#8221;none&#8221; css_animation=&#8221;&#8221; css=&#8221;.vc_custom_1753376665896{padding-top: 10px !important;padding-bottom: 20px !important;}&#8221;][vc_column][vc_empty_space][vc_single_image image=&#8221;3770&#8243; img_size=&#8221;large&#8221; css=&#8221;&#8221; qode_css_animation=&#8221;&#8221;][vc_empty_space][vc_column_text css=&#8221;&#8221;] ENTRELLA\u00c7 \u2013 ENTRELACS promeut la cr\u00e9ation artistique sous la forme multim\u00e9dia et le soutien aux supports num\u00e9riques \u00e0 travers un programme professionnel qui comprend une r\u00e9union de formation&#8230;<\/p>\n","protected":false},"author":1,"featured_media":0,"parent":0,"menu_order":0,"comment_status":"closed","ping_status":"closed","template":"","meta":{"footnotes":""},"class_list":["post-3769","page","type-page","status-publish","hentry"],"_links":{"self":[{"href":"https:\/\/casadartistes.esfarcultural.net\/en\/wp-json\/wp\/v2\/pages\/3769","targetHints":{"allow":["GET"]}}],"collection":[{"href":"https:\/\/casadartistes.esfarcultural.net\/en\/wp-json\/wp\/v2\/pages"}],"about":[{"href":"https:\/\/casadartistes.esfarcultural.net\/en\/wp-json\/wp\/v2\/types\/page"}],"author":[{"embeddable":true,"href":"https:\/\/casadartistes.esfarcultural.net\/en\/wp-json\/wp\/v2\/users\/1"}],"replies":[{"embeddable":true,"href":"https:\/\/casadartistes.esfarcultural.net\/en\/wp-json\/wp\/v2\/comments?post=3769"}],"version-history":[{"count":13,"href":"https:\/\/casadartistes.esfarcultural.net\/en\/wp-json\/wp\/v2\/pages\/3769\/revisions"}],"predecessor-version":[{"id":3785,"href":"https:\/\/casadartistes.esfarcultural.net\/en\/wp-json\/wp\/v2\/pages\/3769\/revisions\/3785"}],"wp:attachment":[{"href":"https:\/\/casadartistes.esfarcultural.net\/en\/wp-json\/wp\/v2\/media?parent=3769"}],"curies":[{"name":"wp","href":"https:\/\/api.w.org\/{rel}","templated":true}]}}