{"id":3520,"date":"2025-05-05T09:58:39","date_gmt":"2025-05-05T09:58:39","guid":{"rendered":"https:\/\/casadartistes.esfarcultural.net\/?page_id=3520"},"modified":"2025-05-27T15:38:24","modified_gmt":"2025-05-27T15:38:24","slug":"entrellacs","status":"publish","type":"page","link":"https:\/\/casadartistes.esfarcultural.net\/en\/entrellacs","title":{"rendered":"ENTRELLA\u00c7"},"content":{"rendered":"<div class=\"wpb-content-wrapper\"><p>[vc_row row_type=&#8221;row&#8221; use_row_as_full_screen_section=&#8221;no&#8221; type=&#8221;full_width&#8221; text_align=&#8221;left&#8221; background_animation=&#8221;none&#8221; css_animation=&#8221;&#8221;][vc_column][vc_empty_space][vc_row_inner row_type=&#8221;row&#8221; type=&#8221;full_width&#8221; use_row_as_full_screen_section_slide=&#8221;no&#8221; text_align=&#8221;left&#8221; css_animation=&#8221;&#8221;][vc_column_inner][vc_single_image image=&#8221;3657&#8243; img_size=&#8221;large&#8221; alignment=&#8221;center&#8221; css=&#8221;&#8221; qode_css_animation=&#8221;&#8221;][\/vc_column_inner][\/vc_row_inner][vc_empty_space][vc_empty_space][vc_column_text css=&#8221;&#8221;]<strong style=\"font-size: 16px;\">1. INTRODUCTION<\/strong><b style=\"font-size: 16px;\"><\/b>[\/vc_column_text][vc_empty_space height=&#8221;10px&#8221;][vc_column_text css=&#8221;&#8221;]<\/p>\n<p style=\"text-align: justify;\"><span style=\"font-weight: 400;\">ENTRELLA\u00c7 &#8211; ENTRELACS <\/span><span style=\"font-weight: 400;\">promeut la <strong>cr\u00e9ation artistique sous la forme multim\u00e9dia<\/strong> <strong>et le soutien aux supports num\u00e9riques<\/strong> \u00e0 travers un programme professionnel qui comprend une r\u00e9union de formation et de co-cr\u00e9ation, une r\u00e9sidence artistique nomade et un parcours de diffusion. L&#8217;appel s&#8217;adresse <strong>aux collectifs ou aux artistes qui souhaitent travailler collectivement (deux personnes)<\/strong> avec des propositions qui hybrident la photographie et l&#8217;art sonore, permettant l&#8217;incorporation d&#8217;autres langages artistiques tels que les mots.<\/span><\/p>\n<p>&nbsp;<\/p>\n<p><span style=\"font-weight: 400;\">Il s&#8217;agit d&#8217;un projet d&#8217;<\/span><a href=\"https:\/\/esfarcultural.net\/\"><span style=\"font-weight: 400;\"><strong>FAR Cultural<\/strong><\/span><\/a><span style=\"font-weight: 400;\">, d&#8217;<strong>Ull x Ull<\/strong> et <\/span><strong><a href=\"https:\/\/maison-salvan.fr\/\">Maison Salvan &#8211; Centre d\u2019art et r\u00e9sidence d\u2019artistes<\/a><\/strong><span style=\"font-weight: 400;\">, auquel participent \u00e9galement le festival de films documentaires et de photographie <\/span><strong><a href=\"https:\/\/www.menorcadocfest.com\/\">Menorca Doc Fest<\/a><\/strong><span style=\"font-weight: 400;\"> et le festival de photographie <strong>Rub\u00ed <\/strong><\/span><strong><a href=\"https:\/\/www.lanuu.cat\/\">La Nuu<\/a><\/strong><span style=\"font-weight: 400;\">.<\/span><span style=\"font-weight: 400;\"> ENTRELLA\u00c7 <\/span><span style=\"font-weight: 400;\">est soutenu par l&#8217;Euror\u00e9gion Pyr\u00e9n\u00e9es-M\u00e9diterran\u00e9e.<\/span><span style=\"font-weight: 400;\"><br style=\"font-weight: 400;\" \/><\/span><\/p>\n<p>&nbsp;<\/p>\n<p>&nbsp;<\/p>\n<p><b style=\"font-size: 16px;\">2. CALENDRIER ET OBJECTIFS<\/b>[\/vc_column_text][vc_empty_space height=&#8221;10px&#8221;][vc_row_inner row_type=&#8221;row&#8221; type=&#8221;full_width&#8221; use_row_as_full_screen_section_slide=&#8221;no&#8221; text_align=&#8221;left&#8221; css_animation=&#8221;&#8221;][vc_column_inner width=&#8221;1\/3&#8243;][vc_column_text css=&#8221;&#8221;]<strong>Octobre 2025<span style=\"color: #dd3333;\">*<\/span><\/strong><\/p>\n<p>Festival La Nuu (Rub\u00ed, Catalu\u00f1a)[\/vc_column_text][\/vc_column_inner][vc_column_inner width=&#8221;2\/3&#8243;][vc_column_text css=&#8221;&#8221;]<\/p>\n<p style=\"text-align: left;\"><strong>Rencontres professionnelles \u00e0 La Nuu :<\/strong><\/p>\n<ul>\n<li style=\"font-weight: 400;\" aria-level=\"1\"><span style=\"font-weight: 400;\">Masterclass avec un professionnel du domaine du multim\u00e9dia.<\/span><\/li>\n<li style=\"font-weight: 400;\" aria-level=\"1\"><span style=\"font-weight: 400;\">Travail de co-cr\u00e9ation. Le collectif artistique &#8211; en collaboration avec Es FAR Cultural, Ull x Ull et la Maison Salvan &#8211; travaillera sur l&#8217;id\u00e9e de projet \u00e0 d\u00e9velopper.<\/span><\/li>\n<li><span style=\"font-weight: 400;\">Pendant le processus de cr\u00e9ation du projet (octobre 2025 &#8211; avril 2026), le collectif b\u00e9n\u00e9ficiera d&#8217;un accompagnement r\u00e9gulier de la part d&#8217;un professionnel de La Nuu.<\/span><\/li>\n<\/ul>\n<p>[\/vc_column_text][\/vc_column_inner][\/vc_row_inner][vc_empty_space height=&#8221;10px&#8221;][vc_separator type=&#8221;normal&#8221; border_style=&#8221;&#8221;][vc_empty_space height=&#8221;10px&#8221;][vc_row_inner row_type=&#8221;row&#8221; type=&#8221;full_width&#8221; use_row_as_full_screen_section_slide=&#8221;no&#8221; text_align=&#8221;left&#8221; css_animation=&#8221;&#8221;][vc_column_inner width=&#8221;1\/3&#8243;][vc_column_text css=&#8221;&#8221;]<strong>Entre le 3 novembre et le 19 d\u00e9cembre 2025 (dates flexibles).<\/strong><\/p>\n<p>Casa d\u2019Artistes (Es Mercadal, Menorca)[\/vc_column_text][\/vc_column_inner][vc_column_inner width=&#8221;2\/3&#8243;][vc_column_text css=&#8221;&#8221;]<strong>R\u00e9sidence de cr\u00e9ation de 3 \u00e0 4 semaines.<\/strong><\/p>\n<ul>\n<li style=\"font-weight: 400;\" aria-level=\"1\"><span style=\"font-weight: 400;\">Travail sur la cr\u00e9ation du projet multim\u00e9dia, bas\u00e9 sur le travail de co-cr\u00e9ation r\u00e9alis\u00e9 lors de la r\u00e9union professionnelle \u00e0 La Nuu.\u00a0<\/span><\/li>\n<\/ul>\n<p>[\/vc_column_text][\/vc_column_inner][\/vc_row_inner][vc_empty_space height=&#8221;10px&#8221;][vc_separator type=&#8221;normal&#8221; border_style=&#8221;&#8221;][vc_empty_space height=&#8221;10px&#8221;][vc_row_inner row_type=&#8221;row&#8221; type=&#8221;full_width&#8221; use_row_as_full_screen_section_slide=&#8221;no&#8221; text_align=&#8221;left&#8221; css_animation=&#8221;&#8221;][vc_column_inner width=&#8221;1\/3&#8243;][vc_column_text css=&#8221;&#8221;]<strong>Avril 2026<span style=\"color: #dd3333;\">*<\/span><\/strong><\/p>\n<p>Maison Salvan &#8211; Centre d\u2019art et r\u00e9sidence d\u2019artistes (Ville de Lab\u00e8ge)[\/vc_column_text][\/vc_column_inner][vc_column_inner width=&#8221;2\/3&#8243;][vc_column_text css=&#8221;&#8221;]<strong>R\u00e9sidence de cr\u00e9ation de 3 \u00e0 4 semaines.<\/strong><\/p>\n<ul>\n<li style=\"text-align: justify;\"><strong><span style=\"font-weight: 400;\">Poursuite du travail de cr\u00e9ation du projet multim\u00e9dia dans la continuit\u00e9 des \u00e9tapes pr\u00e9c\u00e9dentes.<\/span>\u00a0<\/strong><\/li>\n<\/ul>\n<p>[\/vc_column_text][\/vc_column_inner][\/vc_row_inner][vc_empty_space height=&#8221;10px&#8221;][vc_separator type=&#8221;normal&#8221; border_style=&#8221;&#8221;][vc_empty_space height=&#8221;10px&#8221;][vc_row_inner row_type=&#8221;row&#8221; type=&#8221;full_width&#8221; use_row_as_full_screen_section_slide=&#8221;no&#8221; text_align=&#8221;left&#8221; css_animation=&#8221;&#8221;][vc_column_inner width=&#8221;1\/3&#8243;][vc_column_text css=&#8221;&#8221;]<strong>Juin 2026<span style=\"color: #dd3333;\">*<\/span><\/strong><\/p>\n<p>Maison Salvan (Ville de Lab\u00e8ge)[\/vc_column_text][\/vc_column_inner][vc_column_inner width=&#8221;2\/3&#8243;][vc_column_text css=&#8221;&#8221;]<\/p>\n<p style=\"text-align: justify;\"><span style=\"font-weight: 400;\"><strong>Parcours de diffusion 1\/3.<\/strong> Activation du projet multim\u00e9dia dans la programmation de juin de la Maison Salvan.<\/span><\/p>\n<p>[\/vc_column_text][\/vc_column_inner][\/vc_row_inner][vc_empty_space height=&#8221;10px&#8221;][vc_separator type=&#8221;normal&#8221; border_style=&#8221;&#8221;][vc_empty_space height=&#8221;10px&#8221;][vc_row_inner row_type=&#8221;row&#8221; type=&#8221;full_width&#8221; use_row_as_full_screen_section_slide=&#8221;no&#8221; text_align=&#8221;left&#8221; css_animation=&#8221;&#8221;][vc_column_inner width=&#8221;1\/3&#8243;][vc_column_text css=&#8221;&#8221;]<strong>Octobre 2026<span style=\"color: #dd3333;\">*<\/span><\/strong><\/p>\n<p>Festival La Nuu (Rub\u00ed)<strong><br style=\"font-weight: 400;\" \/><\/strong>[\/vc_column_text][\/vc_column_inner][vc_column_inner width=&#8221;2\/3&#8243;][vc_column_text css=&#8221;&#8221;]<\/p>\n<p style=\"text-align: justify;\"><span style=\"font-weight: 400;\"><strong>Parcours de diffusion 2\/3.<\/strong> Programmation dans le cadre de la 12\u1d49 \u00e9dition de La Nuu. Festival de photographie de Rub\u00ed.<\/span><\/p>\n<p>[\/vc_column_text][\/vc_column_inner][\/vc_row_inner][vc_empty_space height=&#8221;10px&#8221;][vc_separator type=&#8221;normal&#8221; border_style=&#8221;&#8221;][vc_empty_space height=&#8221;10px&#8221;][vc_row_inner row_type=&#8221;row&#8221; type=&#8221;full_width&#8221; use_row_as_full_screen_section_slide=&#8221;no&#8221; text_align=&#8221;left&#8221; css_animation=&#8221;&#8221;][vc_column_inner width=&#8221;1\/3&#8243;][vc_column_text css=&#8221;&#8221;]<strong>Octobre &#8211; Novembre 2026<span style=\"color: #dd3333;\">*<\/span><\/strong><\/p>\n<p>Menorca Doc Fest (Menorca)[\/vc_column_text][\/vc_column_inner][vc_column_inner width=&#8221;2\/3&#8243;][vc_column_text css=&#8221;&#8221;]<\/p>\n<p style=\"text-align: justify;\"><span style=\"font-weight: 400;\"><strong>Parcours de diffusion 3\/3.<\/strong> Programmation dans le cadre de la 8\u1d49 \u00e9dition du Menorca Doc Fest. Festival de cin\u00e9ma et de photographie documentaire. <\/span><\/p>\n<p>[\/vc_column_text][\/vc_column_inner][\/vc_row_inner][vc_empty_space][vc_column_text css=&#8221;&#8221;]<span style=\"color: #dd3333;\"><b>*Les dates exactes sont \u00e0 confirmer.<\/b><\/span><\/p>\n<p>&nbsp;<\/p>\n<p>&nbsp;<\/p>\n<p><b style=\"font-size: 16px;\">3. CONDITIONS G\u00c9N\u00c9RALES DE PARTICIPATION<\/b>[\/vc_column_text][vc_empty_space height=&#8221;10px&#8221;][vc_column_text css=&#8221;&#8221;]<\/p>\n<ul>\n<li><span style=\"font-weight: 400;\">Les cr\u00e9ateurs originaires ou r\u00e9sidant dans une municipalit\u00e9 de l&#8217;Euror\u00e9gion (Occitanie, Catalogne et Bal\u00e9ares) peuvent participer.\u00a0<\/span><\/li>\n<li style=\"font-weight: 400;\" aria-level=\"1\"><span style=\"font-weight: 400;\">La participation est ouverte aux collectifs artistiques \u00e9tablis ainsi qu&#8217;aux artistes qui souhaitent travailler ensemble \u00e0 l&#8217;occasion de ce projet. Dans les deux cas, un maximum de 2 membres est accept\u00e9.<\/span><\/li>\n<li style=\"font-weight: 400;\" aria-level=\"1\"><span style=\"font-weight: 400;\">Avoir la capacit\u00e9 de facturer des honoraires ou des droits d&#8217;exposition.<\/span><\/li>\n<li style=\"font-weight: 400;\" aria-level=\"1\"><span style=\"font-weight: 400;\">\u00catre disponible pour un entretien en ligne si le jury ou l&#8217;organisation le demande.<\/span><\/li>\n<li style=\"font-weight: 400;\" aria-level=\"1\"><span style=\"font-weight: 400;\">Les projets qui vont \u00e0 l&#8217;encontre des droits fondamentaux des personnes seront exclus de cet appel.<\/span><\/li>\n<\/ul>\n<p>&nbsp;<\/p>\n<p>&nbsp;<\/p>\n<p><b style=\"font-size: 16px;\">4. ENGAGEMENTS G\u00c9N\u00c9RAUX DU COLLECTIF<\/b>[\/vc_column_text][vc_empty_space height=&#8221;10px&#8221;][vc_column_text css=&#8221;&#8221;]<\/p>\n<ul>\n<li style=\"text-align: justify;\"><span style=\"font-weight: 400;\">Pr\u00e9senter un bref rapport sur le projet d\u00e9velopp\u00e9 et un minimum de 4 images du projet.<\/span><\/li>\n<li style=\"text-align: justify; font-weight: 400;\" aria-level=\"1\"><span style=\"font-weight: 400;\">Autoriser Es FAR Cultural, Ull x Ull et la Maison Salvan \u00e0 utiliser leur image personnelle et la documentation visuelle, audiovisuelle et\/ou sonore de leur travail \u00e0 des fins de communication et de diffusion non commerciales.<\/span><\/li>\n<li style=\"text-align: justify; font-weight: 400;\" aria-level=\"1\"><span style=\"font-weight: 400;\">Citer le soutien de Es FAR Cultural, Ull x Ull et la Maison Salvan dans toutes les actions de communication et de diffusion du projet r\u00e9alis\u00e9 dans le cadre d&#8217;ENTRELLA\u00c7.<\/span><\/li>\n<li style=\"text-align: justify; font-weight: 400;\" aria-level=\"1\"><span style=\"font-weight: 400;\">Tous les frais non d\u00e9taill\u00e9s dans la section \u00ab aide apport\u00e9e \u00bb du pr\u00e9sent r\u00e8glement sont \u00e0 la charge du collectif participant.<\/span><\/li>\n<li style=\"text-align: justify; font-weight: 400;\" aria-level=\"1\"><span style=\"font-weight: 400;\">Le r\u00e9sultat de cet appel sera communiqu\u00e9 par e-mail. Le collectif s&#8217;engage \u00e0 accepter ou \u00e0 rejeter leur \u00e9ventuelle s\u00e9lection dans un d\u00e9lai maximum de 5 jours ouvrables \u00e0 compter de la date de communication.<\/span><\/li>\n<li style=\"text-align: justify; font-weight: 400;\" aria-level=\"1\"><span style=\"font-weight: 400;\">Il accepte les termes de cet appel et le r\u00e8glement des centres de cr\u00e9ation qui lui sera communiqu\u00e9 au d\u00e9but de la r\u00e9sidence.<\/span><\/li>\n<\/ul>\n<p>&nbsp;<\/p>\n<p>&nbsp;<\/p>\n<p style=\"text-align: justify;\"><b style=\"font-size: 16px;\">5. AIDE APPORT\u00c9E<\/b><\/p>\n<p>[\/vc_column_text][vc_empty_space height=&#8221;10px&#8221;][vc_column_text css=&#8221;&#8221;]<\/p>\n<ul>\n<li style=\"text-align: justify;\"><span style=\"font-weight: 400;\">Le voyage aller-retour du lieu de r\u00e9sidence habituel des deux artistes \u00e0 toutes les \u00e9tapes du projet, dans la limite de 330 \u20ac par \u00e9tape et par regroupement de deux artistes. Les organisateurs seront responsables de la gestion des billets.<\/span><\/li>\n<li style=\"text-align: justify; font-weight: 400;\" aria-level=\"1\"><span style=\"font-weight: 400;\">H\u00e9bergement \u00e0 toutes les \u00e9tapes du projet.\u00a0\u00a0<\/span><\/li>\n<li style=\"text-align: justify; font-weight: 400;\" aria-level=\"1\"><span style=\"font-weight: 400;\">Subsistance <\/span><span style=\"font-weight: 400;\">lors de la rencontre professionnelle \u00e0 La Nuu et \u00e0 toutes les \u00e9tapes de la tourn\u00e9e de diffusion.\u00a0<\/span><\/li>\n<li style=\"text-align: justify; font-weight: 400;\" aria-level=\"1\"><span style=\"font-weight: 400;\">Honoraires de 3900 \u20ac au total pour les deux artistes, \u00e0 payer en trois versements de 1300 \u20ac.<\/span><\/li>\n<li style=\"text-align: justify; font-weight: 400;\" aria-level=\"1\"><span style=\"font-weight: 400;\">Droits d&#8217;auteur de 1500 \u20ac au total pour les deux artistes pour la participation \u00e0 la tourn\u00e9e de diffusion, qui seront pay\u00e9s en trois versements de 500 \u20ac.<\/span><\/li>\n<\/ul>\n<p>&nbsp;<\/p>\n<p>&nbsp;<\/p>\n<p style=\"text-align: justify;\"><b style=\"font-size: 16px;\">6. PROC\u00c9DURE D&#8217;INSCRIPTION \u00c0 L&#8217;APPEL \u00c0 CANDIDATURES<\/b><\/p>\n<p>[\/vc_column_text][vc_empty_space height=&#8221;10px&#8221;][vc_column_text css=&#8221;&#8221;]<\/p>\n<p style=\"text-align: justify;\"><span style=\"font-weight: 400;\">Acc\u00e9dez au\u00a0<\/span><a href=\"https:\/\/docs.google.com\/forms\/d\/e\/1FAIpQLScCPk-DgdI9ZTOpQUl3J8bDg5_UqiY61-1aGPgEg2zUQpW9hQ\/viewform\"><strong>formulaire<\/strong><\/a>\u00a0<span style=\"font-weight: 400;\">en ligne et suivez les instructions. Toute la documentation doit \u00eatre soumise en<\/span><span style=\"font-weight: 400;\"> anglais ou en espagnol<\/span><span style=\"font-weight: 400;\">.\u00a0<\/span><\/p>\n<ul>\n<li style=\"font-weight: 400;\" aria-level=\"1\"><span style=\"font-weight: 400;\"><strong>Joindre un dossier<\/strong> portant sur le travail des artistes contenant la d\u00e9marche artistique, la trajectoire artistique du collectif ou des membres du groupe (sous forme de CV ou de texte) en insistant sur le travail r\u00e9cent du collectif ou des deux artistes. Le dossier doit comporter au maximum 10 pages et 10 Mo.\u00a0<\/span><\/li>\n<li style=\"font-weight: 400;\" aria-level=\"1\"><span style=\"font-weight: 400;\"><strong>Descriptif du projet \u00e0 d\u00e9velopper, contenant:<\/strong> description de l&#8217;int\u00e9r\u00eat \u00e0 participer \u00e0 la r\u00e9sidence, motivations pour travailler collectivement, br\u00e8ve pr\u00e9sentation de l&#8217;id\u00e9e \u00e0 d\u00e9velopper collectivement, qui doit faire le lien entre les trois territoires (Occitanie, Bal\u00e9ares et Catalogne). Le dossier doit comporter au maximum 3 pages et 1 Mo.<\/span><\/li>\n<\/ul>\n<p>&nbsp;<\/p>\n<p>&nbsp;<\/p>\n<p style=\"text-align: justify;\"><span style=\"font-weight: 400;\"><strong>Date limite de d\u00e9p\u00f4t des candidatures:<\/strong> 30 juin 2025<\/span><\/p>\n<p style=\"text-align: justify;\"><span style=\"font-weight: 400;\"><strong>R\u00e9soluti\u00f3n:<\/strong> 8 juillet 2025<\/span><\/p>\n<p>[\/vc_column_text][vc_empty_space]<a href=\"https:\/\/docs.google.com\/forms\/d\/e\/1FAIpQLScCPk-DgdI9ZTOpQUl3J8bDg5_UqiY61-1aGPgEg2zUQpW9hQ\/viewform\" target=\"_blank\"  class=\"qbutton \" style=\"\">INSCRIPTION<\/a>[vc_empty_space][\/vc_column][\/vc_row]<\/p>\n<\/div>","protected":false},"excerpt":{"rendered":"<p>[vc_row row_type=&#8221;row&#8221; use_row_as_full_screen_section=&#8221;no&#8221; type=&#8221;full_width&#8221; text_align=&#8221;left&#8221; background_animation=&#8221;none&#8221; css_animation=&#8221;&#8221;][vc_column][vc_empty_space][vc_row_inner row_type=&#8221;row&#8221; type=&#8221;full_width&#8221; use_row_as_full_screen_section_slide=&#8221;no&#8221; text_align=&#8221;left&#8221; css_animation=&#8221;&#8221;][vc_column_inner][vc_single_image image=&#8221;3657&#8243; img_size=&#8221;large&#8221; alignment=&#8221;center&#8221; css=&#8221;&#8221; qode_css_animation=&#8221;&#8221;][\/vc_column_inner][\/vc_row_inner][vc_empty_space][vc_empty_space][vc_column_text css=&#8221;&#8221;]1. INTRODUCTION[\/vc_column_text][vc_empty_space height=&#8221;10px&#8221;][vc_column_text css=&#8221;&#8221;] ENTRELLA\u00c7 &#8211; ENTRELACS promeut la cr\u00e9ation artistique sous la forme multim\u00e9dia et le soutien aux supports num\u00e9riques \u00e0 travers un programme professionnel qui comprend&#8230;<\/p>\n","protected":false},"author":1,"featured_media":0,"parent":0,"menu_order":0,"comment_status":"closed","ping_status":"closed","template":"","meta":{"footnotes":""},"class_list":["post-3520","page","type-page","status-publish","hentry"],"_links":{"self":[{"href":"https:\/\/casadartistes.esfarcultural.net\/en\/wp-json\/wp\/v2\/pages\/3520","targetHints":{"allow":["GET"]}}],"collection":[{"href":"https:\/\/casadartistes.esfarcultural.net\/en\/wp-json\/wp\/v2\/pages"}],"about":[{"href":"https:\/\/casadartistes.esfarcultural.net\/en\/wp-json\/wp\/v2\/types\/page"}],"author":[{"embeddable":true,"href":"https:\/\/casadartistes.esfarcultural.net\/en\/wp-json\/wp\/v2\/users\/1"}],"replies":[{"embeddable":true,"href":"https:\/\/casadartistes.esfarcultural.net\/en\/wp-json\/wp\/v2\/comments?post=3520"}],"version-history":[{"count":43,"href":"https:\/\/casadartistes.esfarcultural.net\/en\/wp-json\/wp\/v2\/pages\/3520\/revisions"}],"predecessor-version":[{"id":3666,"href":"https:\/\/casadartistes.esfarcultural.net\/en\/wp-json\/wp\/v2\/pages\/3520\/revisions\/3666"}],"wp:attachment":[{"href":"https:\/\/casadartistes.esfarcultural.net\/en\/wp-json\/wp\/v2\/media?parent=3520"}],"curies":[{"name":"wp","href":"https:\/\/api.w.org\/{rel}","templated":true}]}}