{"id":3463,"date":"2025-04-22T16:58:57","date_gmt":"2025-04-22T16:58:57","guid":{"rendered":"https:\/\/casadartistes.esfarcultural.net\/?page_id=3463"},"modified":"2025-05-30T09:41:06","modified_gmt":"2025-05-30T09:41:06","slug":"v-jornades-de-performance","status":"publish","type":"page","link":"https:\/\/casadartistes.esfarcultural.net\/en\/v-jornades-de-performance","title":{"rendered":"V JORNADES DE PERFORMANCE"},"content":{"rendered":"<div class=\"wpb-content-wrapper\"><p>[vc_row row_type=&#8221;row&#8221; use_row_as_full_screen_section=&#8221;no&#8221; type=&#8221;full_width&#8221; text_align=&#8221;left&#8221; background_animation=&#8221;none&#8221; css_animation=&#8221;&#8221;][vc_column][vc_empty_space height=&#8221;20px&#8221;][vc_column_text css=&#8221;&#8221;]<\/p>\n<h2 style=\"text-align: center;\"><strong>V JORNADES DE PERFORMANCE<br \/>\n<\/strong><\/h2>\n<p>[\/vc_column_text][vc_empty_space height=&#8221;50px&#8221;][\/vc_column][\/vc_row][vc_row row_type=&#8221;row&#8221; use_row_as_full_screen_section=&#8221;no&#8221; type=&#8221;full_width&#8221; text_align=&#8221;left&#8221; background_animation=&#8221;none&#8221; css_animation=&#8221;&#8221;][vc_column][vc_empty_space height=&#8221;20px&#8221;][vc_gallery type=&#8221;flexslider_slide&#8221; interval=&#8221;3&#8243; images=&#8221;3669,3670,3672,3673,3674,3675,3676,3678,3690,3691,3689,3681,3682,3688,3683,3684,3686,3694,3693,3692&#8243; img_size=&#8221;medium&#8221; css=&#8221;&#8221;][vc_empty_space height=&#8221;20px&#8221;][\/vc_column][\/vc_row][vc_row row_type=&#8221;row&#8221; use_row_as_full_screen_section=&#8221;no&#8221; type=&#8221;full_width&#8221; text_align=&#8221;left&#8221; background_animation=&#8221;none&#8221; css_animation=&#8221;&#8221; css=&#8221;.vc_custom_1682527332215{background-color: #ddd9bc !important;}&#8221;][vc_column][vc_empty_space height=&#8221;20px&#8221;][vc_row_inner row_type=&#8221;row&#8221; type=&#8221;full_width&#8221; use_row_as_full_screen_section_slide=&#8221;no&#8221; text_align=&#8221;left&#8221; css_animation=&#8221;&#8221;][vc_column_inner width=&#8221;2\/3&#8243;][vc_column_text css=&#8221;&#8221;]<\/p>\n<p style=\"font-size: 27px;\"><strong>LABORATORI TEORICOPR\u00c0CTIC<\/strong><\/p>\n<p>[\/vc_column_text][vc_empty_space height=&#8221;8px&#8221;][vc_column_text css=&#8221;&#8221;]<\/p>\n<p style=\"font-size: 22px;\">Amb \u00c1lvaro Prats Bertomeu<\/p>\n<p>[\/vc_column_text][\/vc_column_inner][vc_column_inner width=&#8221;1\/3&#8243;][vc_column_text css=&#8221;&#8221;]<\/p>\n<p style=\"font-size: 22px; text-align: right;\"><strong><span style=\"color: #000000;\">Teatre de Fornells (Menorca)<\/span><\/strong><\/p>\n<p style=\"font-size: 22px; text-align: right;\"><strong><span style=\"color: #000000;\">23 i 24 de maig del 2025<\/span><\/strong><\/p>\n<p>[\/vc_column_text][vc_empty_space height=&#8221;10px&#8221;][\/vc_column_inner][\/vc_row_inner][vc_empty_space height=&#8221;20px&#8221;][\/vc_column][\/vc_row][vc_row row_type=&#8221;row&#8221; use_row_as_full_screen_section=&#8221;no&#8221; type=&#8221;full_width&#8221; text_align=&#8221;left&#8221; background_animation=&#8221;none&#8221; css_animation=&#8221;&#8221;][vc_column width=&#8221;1\/3&#8243;][vc_empty_space][vc_single_image image=&#8221;3471&#8243; img_size=&#8221;large&#8221; css=&#8221;&#8221; qode_css_animation=&#8221;&#8221;][vc_empty_space height=&#8221;20px&#8221;][vc_column_text css=&#8221;&#8221;]<\/p>\n<div>\n<div style=\"text-align: justify;\"><b>\u00c1lvaro Prats Bertomeu<\/b> \u00e9s membre de les associacions professionals d&#8217;Artter\u00e0pia Grefart i Altrart. Imparteix de professor de dansa-teatre, performance art i arts aplicades a l&#8217;\u00e0mbit de l&#8217;Educaci\u00f3 i la Salut. \u00c9s docent de Dansa i Performance Art al Postgrau i M\u00e0ster Integratiu en Artter\u00e0pia de la Universitat de Girona i de Performance Art al Postgrau i M\u00e0ster de Ter\u00e0pies d&#8217;Arts Expressives, Trauma i Embodiment de l&#8217;Institut Poiesis. I tamb\u00e9 treballa com a artterapeuta en pr\u00e0ctica privada i institucional en els camps de l\u2019educaci\u00f3 i integraci\u00f3 social (acollida de menors, addiccions i drogodepend\u00e8ncies).<\/div>\n<\/div>\n<div>\n<p style=\"text-align: justify;\">A m\u00e9s del seu vessant com a artterapeuta i dansaterapeuta, fa m\u00e9s de vint anys que es dedica a les arts esc\u00e8niques i a la performance a l\u2019espai p\u00fablic i des d&#8217;un vessant sociopol\u00edtic.<\/p>\n<\/div>\n<p>[\/vc_column_text][\/vc_column][vc_column width=&#8221;2\/3&#8243;][vc_empty_space][vc_column_text css=&#8221;&#8221;]<\/p>\n<p style=\"text-align: justify;\"><span style=\"font-weight: 400;\">En aquest laboratori s&#8217;exploraran algunes de les possibilitats d\u2019aplicaci\u00f3 de la performance en l\u2019\u00e0mbit de la salut individual i comunit\u00e0ria, definint els seus aspectes fonamentals i les possibles aplicacions en l\u2019\u00e0mbit art terap\u00e8utic, tant des d&#8217;un vessant te\u00f2ric com de la pr\u00e0ctica performativa individual i col\u00b7lectiva. \u00c1lvaro Prats Bertomeu ens convida a experimentar els beneficis d&#8217;aquest llenguatge en la salut psicoemocional i psicosocial dels individus i a reflexionar sobre les seves possibilitats de transformaci\u00f3.<\/span><\/p>\n<p>[\/vc_column_text][vc_empty_space][vc_column_text css=&#8221;&#8221;]<strong><span style=\"color: #000000;\">Calendari<\/span><\/strong><\/p>\n<p><span style=\"color: #000000;\">Divendres 23 de maig, de 17 h a 19 h<\/span><\/p>\n<p><span style=\"color: #000000;\">Dissabte 24 de maig, de 10 h a 14 h i de 15.30 h a 18.30 h<\/span><\/p>\n<p>&nbsp;<\/p>\n<p><b>Destinataris<\/b><\/p>\n<ul>\n<li style=\"font-weight: 400;\" aria-level=\"1\">Qualsevol persona interessada en la performance, les arts visuals, esc\u00e8niques i l&#8217;artter\u00e0pia.<\/li>\n<li>No \u00e9s necessari tenir coneixements previs.<\/li>\n<li>El formador impartir\u00e0 els continguts en catal\u00e0.<\/li>\n<\/ul>\n<p>&nbsp;<\/p>\n<p><b>Inscripcions<\/b><\/p>\n<ul>\n<li>Places limitades.<\/li>\n<li style=\"font-weight: 400;\" aria-level=\"1\">Omple el\u00a0<a href=\"https:\/\/docs.google.com\/forms\/d\/e\/1FAIpQLSeZ28SzpU-7P2H6CA00k6x_l_fdaGJ6jfUNaJCGTLMWieaPDA\/viewform\" target=\"_blank\" rel=\"noopener\" data-saferedirecturl=\"https:\/\/www.google.com\/url?q=https:\/\/docs.google.com\/forms\/d\/e\/1FAIpQLSdMJlXaENwzP1E4eDJMmqC2bDYZnPeVNtke0GxGf1ps-v6Eaw\/viewform?usp%3Dsf_link&#038;source=gmail&#038;ust=1745398647412000&#038;usg=AOvVaw3i8oUz24KTjUfAfSPim88K\"><b>formulari<\/b><\/a>\u00a0amb les teves dades de contacte.<\/li>\n<li>Rebreu un correu electr\u00f2nic de confirmaci\u00f3 amb el nombre de compte.<\/li>\n<li>Ingressar la quota de 30 \u20ac<\/li>\n<li><span style=\"color: #000000;\">Termini per inscriur<span style=\"color: #000000;\">e\u2019t: 17<\/span><\/span><span style=\"color: #000000;\">\u00a0de maig<\/span><\/li>\n<li>Consultes a\u00a0<a href=\"mailto:tallersdesfar@gmail.com\" target=\"_blank\" rel=\"noopener\">tallersdesfar@gmail.com<\/a><\/li>\n<\/ul>\n<p>&nbsp;<\/p>\n<p>*En cas de venir de fora de Menorca, pots escriure a <a href=\"mailto:tallersdesfar@gmail.com\">tallersdesfar@gmail.com<\/a> i t&#8217;informarem sobre les possibilitats d&#8217;allotjament.[\/vc_column_text][vc_empty_space][vc_row_inner row_type=&#8221;row&#8221; type=&#8221;full_width&#8221; use_row_as_full_screen_section_slide=&#8221;no&#8221; text_align=&#8221;right&#8221; css_animation=&#8221;&#8221;][vc_column_inner]<a href=\"https:\/\/docs.google.com\/forms\/d\/e\/1FAIpQLSeZ28SzpU-7P2H6CA00k6x_l_fdaGJ6jfUNaJCGTLMWieaPDA\/viewform\" target=\"_blank\"  class=\"qbutton \" style=\"\">FORMULARI<\/a>[\/vc_column_inner][\/vc_row_inner][\/vc_column][\/vc_row][vc_row row_type=&#8221;row&#8221; use_row_as_full_screen_section=&#8221;no&#8221; type=&#8221;full_width&#8221; text_align=&#8221;left&#8221; background_animation=&#8221;none&#8221; css_animation=&#8221;&#8221;][vc_column][vc_empty_space][\/vc_column][\/vc_row][vc_row row_type=&#8221;row&#8221; use_row_as_full_screen_section=&#8221;no&#8221; type=&#8221;full_width&#8221; text_align=&#8221;left&#8221; background_animation=&#8221;none&#8221; css_animation=&#8221;&#8221;][vc_column][vc_empty_space][vc_separator type=&#8221;normal&#8221; border_style=&#8221;&#8221;][vc_empty_space][\/vc_column][\/vc_row]<\/p>\n<\/div>","protected":false},"excerpt":{"rendered":"<p>[vc_row row_type=&#8221;row&#8221; use_row_as_full_screen_section=&#8221;no&#8221; type=&#8221;full_width&#8221; text_align=&#8221;left&#8221; background_animation=&#8221;none&#8221; css_animation=&#8221;&#8221;][vc_column][vc_empty_space height=&#8221;20px&#8221;][vc_column_text css=&#8221;&#8221;] V JORNADES DE PERFORMANCE [\/vc_column_text][vc_empty_space height=&#8221;50px&#8221;][\/vc_column][\/vc_row][vc_row row_type=&#8221;row&#8221; use_row_as_full_screen_section=&#8221;no&#8221; type=&#8221;full_width&#8221; text_align=&#8221;left&#8221; background_animation=&#8221;none&#8221; css_animation=&#8221;&#8221;][vc_column][vc_empty_space height=&#8221;20px&#8221;][vc_gallery type=&#8221;flexslider_slide&#8221; interval=&#8221;3&#8243; images=&#8221;3669,3670,3672,3673,3674,3675,3676,3678,3690,3691,3689,3681,3682,3688,3683,3684,3686,3694,3693,3692&#8243; img_size=&#8221;medium&#8221; css=&#8221;&#8221;][vc_empty_space height=&#8221;20px&#8221;][\/vc_column][\/vc_row][vc_row row_type=&#8221;row&#8221; use_row_as_full_screen_section=&#8221;no&#8221; type=&#8221;full_width&#8221; text_align=&#8221;left&#8221; background_animation=&#8221;none&#8221; css_animation=&#8221;&#8221; css=&#8221;.vc_custom_1682527332215{background-color: #ddd9bc !important;}&#8221;][vc_column][vc_empty_space height=&#8221;20px&#8221;][vc_row_inner row_type=&#8221;row&#8221; type=&#8221;full_width&#8221; use_row_as_full_screen_section_slide=&#8221;no&#8221; text_align=&#8221;left&#8221; css_animation=&#8221;&#8221;][vc_column_inner width=&#8221;2\/3&#8243;][vc_column_text css=&#8221;&#8221;]&#8230;<\/p>\n","protected":false},"author":1,"featured_media":0,"parent":0,"menu_order":0,"comment_status":"closed","ping_status":"closed","template":"","meta":{"footnotes":""},"class_list":["post-3463","page","type-page","status-publish","hentry"],"_links":{"self":[{"href":"https:\/\/casadartistes.esfarcultural.net\/en\/wp-json\/wp\/v2\/pages\/3463","targetHints":{"allow":["GET"]}}],"collection":[{"href":"https:\/\/casadartistes.esfarcultural.net\/en\/wp-json\/wp\/v2\/pages"}],"about":[{"href":"https:\/\/casadartistes.esfarcultural.net\/en\/wp-json\/wp\/v2\/types\/page"}],"author":[{"embeddable":true,"href":"https:\/\/casadartistes.esfarcultural.net\/en\/wp-json\/wp\/v2\/users\/1"}],"replies":[{"embeddable":true,"href":"https:\/\/casadartistes.esfarcultural.net\/en\/wp-json\/wp\/v2\/comments?post=3463"}],"version-history":[{"count":47,"href":"https:\/\/casadartistes.esfarcultural.net\/en\/wp-json\/wp\/v2\/pages\/3463\/revisions"}],"predecessor-version":[{"id":3710,"href":"https:\/\/casadartistes.esfarcultural.net\/en\/wp-json\/wp\/v2\/pages\/3463\/revisions\/3710"}],"wp:attachment":[{"href":"https:\/\/casadartistes.esfarcultural.net\/en\/wp-json\/wp\/v2\/media?parent=3463"}],"curies":[{"name":"wp","href":"https:\/\/api.w.org\/{rel}","templated":true}]}}