{"id":3291,"date":"2024-09-06T07:31:48","date_gmt":"2024-09-06T07:31:48","guid":{"rendered":"https:\/\/casadartistes.esfarcultural.net\/?page_id=3291"},"modified":"2024-09-06T15:00:27","modified_gmt":"2024-09-06T15:00:27","slug":"residencia-biosfera","status":"publish","type":"page","link":"https:\/\/casadartistes.esfarcultural.net\/en\/residencia-biosfera","title":{"rendered":"RESID\u00c8NCIA BIOSFERA"},"content":{"rendered":"<div class=\"wpb-content-wrapper\"><p>[vc_row row_type=&#8221;row&#8221; use_row_as_full_screen_section=&#8221;no&#8221; type=&#8221;full_width&#8221; text_align=&#8221;center&#8221; background_animation=&#8221;none&#8221; css_animation=&#8221;&#8221; css=&#8221;.vc_custom_1610973632409{padding-bottom: 20px !important;}&#8221;][vc_column][vc_empty_space][vc_column_text css=&#8221;&#8221;]<\/p>\n<h1 style=\"text-align: left;\"><strong>\u00abBIOSFERA\u00bb RESIDENCY<\/strong><\/h1>\n<p>[\/vc_column_text][vc_column_text css=&#8221;&#8221;]<\/p>\n<h3 style=\"text-align: left;\"><span style=\"color: #ea2d2e;\">With mentoring by <a href=\"http:\/\/www.laiamanresa.com\/\">Laia Manresa<\/a><\/span><\/h3>\n<p>[\/vc_column_text][vc_empty_space][vc_empty_space][vc_empty_space][vc_column_text css=&#8221;&#8221;]<\/p>\n<h3 style=\"text-align: left;\"><span style=\"color: #ea2d2e;\">Artistes seleccionades<\/span><\/h3>\n<p>[\/vc_column_text][\/vc_column][\/vc_row][vc_row row_type=&#8221;row&#8221; use_row_as_full_screen_section=&#8221;no&#8221; type=&#8221;full_width&#8221; text_align=&#8221;left&#8221; background_animation=&#8221;none&#8221; css_animation=&#8221;&#8221; css=&#8221;.vc_custom_1610973590515{padding-top: 30px !important;padding-right: 0px !important;padding-bottom: 30px !important;padding-left: 0px !important;}&#8221;][vc_column width=&#8221;2\/3&#8243;][vc_empty_space][vc_column_text css=&#8221;&#8221;]<\/p>\n<h5 style=\"text-align: left;\"><span style=\"color: #ea2d2e;\"><b>CLAUDIA BARTHELEMY<\/b><\/span><\/h5>\n<p>[\/vc_column_text][vc_empty_space][vc_column_text css=&#8221;&#8221;]<b>Claudia Barthelemy<\/b><span style=\"font-weight: 400;\"> (Menorca, 1991) is a filmmaker and anthropologist specializing in the use of ethnographic tools for audiovisual diversity. She collaborates with national and international producers as a screenwriter, advisor and\/or researcher. Her projects have taken part in laboratories such as Docs Barcelona, \u200b\u200bCoofilm (as documentary script mentor for the Mastermind program), Cima Impulsa and the Residencies of the Academy of Cinema.<\/span><\/p>\n<p>&nbsp;<\/p>\n<p><span style=\"font-weight: 400;\">He has directed and written the short documentaries &#8220;Nota de voz pendiente&#8221; (Estatal Encuentro de Violencia Vic\u00e0ria e Institutional, Volando Vengo), &#8220;Reminiscencias de una convivencia&#8221; (Ayuntamiento de El Vell\u00f3n, Taller Fractal), &#8220;Lib\u00e9rate&#8221; co-directed with Andrea Casaseca ( Teatro Fern\u00e1n G\u00f3mez), the multimedia piece &#8220;La vida&#8221;, co-directed with Cristina Amate, and has written the script for the short documentary film &#8220;Vida&#8221; by Hendrik Rojas, which he has also edited. He has participated in the collective project &#8220;Archipi\u00e9lago&#8221; (Colectivo Archipi\u00e9lago and Cochabamba Films) and has produced the fictional documentary &#8220;Tiempo&#8221; by Cristina Amate, in the post-production phase; photography is also part of his work (\u201cJambar\u201d).<\/span><\/p>\n<p>&nbsp;<\/p>\n<p><span style=\"font-weight: 400;\">Currently, she is immersed in the completion of the creative documentary &#8220;Rojo y sus platillos voladores&#8221;, and in the research and writing of the script, co-written with Ana Puentes, of the documentary &#8220;Taranta&#8221; by Samuel Nacar.<\/span><\/p>\n<p>&nbsp;<\/p>\n<p>&nbsp;<\/p>\n<p><a href=\"https:\/\/www.claudiabarthelemy.com\/es\/\">claudiabarthelemy.com<\/a>[\/vc_column_text][vc_empty_space][vc_empty_space][\/vc_column][vc_column width=&#8221;1\/3&#8243;][vc_empty_space]<div class='image_hover ' style='' data-transition-delay=''><div class='images_holder'><img class='' src='https:\/\/casadartistes.esfarcultural.net\/wp-content\/uploads\/2024\/09\/Foto_ClaudiaBarthelemy-1-scaled.jpg' alt='' style='' \/><img class='hover_image' src='' alt='' style='' \/><\/div><\/div>[vc_empty_space][\/vc_column][\/vc_row][vc_row row_type=&#8221;row&#8221; use_row_as_full_screen_section=&#8221;no&#8221; type=&#8221;full_width&#8221; text_align=&#8221;left&#8221; background_animation=&#8221;none&#8221; css_animation=&#8221;&#8221;][vc_column][vc_empty_space][vc_separator type=&#8221;normal&#8221; border_style=&#8221;&#8221;][vc_empty_space][\/vc_column][\/vc_row][vc_row row_type=&#8221;row&#8221; use_row_as_full_screen_section=&#8221;no&#8221; type=&#8221;full_width&#8221; text_align=&#8221;left&#8221; background_animation=&#8221;none&#8221; css_animation=&#8221;&#8221; css=&#8221;.vc_custom_1610973590515{padding-top: 30px !important;padding-right: 0px !important;padding-bottom: 30px !important;padding-left: 0px !important;}&#8221;][vc_column width=&#8221;2\/3&#8243;][vc_empty_space][vc_column_text css=&#8221;&#8221;]<\/p>\n<h5 style=\"text-align: left;\"><span style=\"color: #ea2d2e;\"><b>MACI\u00c0 FLORIT CAMPINS<\/b><\/span><\/h5>\n<p>[\/vc_column_text][vc_empty_space][vc_column_text css=&#8221;&#8221;]<b>Maci\u00e0 Florit Campins<\/b><span style=\"font-weight: 400;\"> (Menorca, 1990) is a film director. He graduated in Humanities from the Pompeu Fabra University and, thanks to the DOCMA scholarship, he studied the master&#8217;s degree in Documentary Cinema at the IPECC-Centro Cultural Matadero (Madrid).<\/span><\/p>\n<p>&nbsp;<\/p>\n<p><span style=\"font-weight: 400;\">Since 2015, he has been working as a director and editor at the independent film production company Elsabeth, based in Solsona. His professional experience includes the production of cultural television programs, music videos and documentary and fiction feature films.<\/span><\/p>\n<p>&nbsp;<\/p>\n<p><span style=\"font-weight: 400;\">In 2020, he joined Elsabeth Produccions as a partner and, together with his partner Xavier Puig, produced, produced and edited programs such as &#8220;El retorn de les lluernes&#8221; (2020), &#8220;Una hist\u00f2ria de la literatura&#8221; (2021) or &#8220;Les feres&#8221; (2024), documentaries such as &#8220;Totes les criatures&#8221; (2021), &#8220;Morente i Barcelona&#8221; (2023), &#8220;Pa\u00eds de t\u00f2fona&#8221; (2023), and live music sessions for the &#8220;Directori de les m\u00fasiques del Cardener&#8221;.<\/span><\/p>\n<p>&nbsp;<\/p>\n<p><span style=\"font-weight: 400;\">After directing four short documentaries, in 2021 he released &#8220;Pedra p\u00e0tria&#8221;, his first feature film as a director. The film premiered in Doclisboa, nominated for the European Doc Alliance award, and selected at multiple national and international festivals, among which stand out Visions du R\u00e9el, DOK Leipzig, Black Canvas, Majordocs or Alcances, where it received the award in the best movie The short documentary film &#8220;T\u00f2tem&#8221; is his last film work.<\/span>[\/vc_column_text][vc_empty_space][vc_empty_space][\/vc_column][vc_column width=&#8221;1\/3&#8243;][vc_empty_space]<div class='image_hover ' style='' data-transition-delay=''><div class='images_holder'><img class='' src='https:\/\/casadartistes.esfarcultural.net\/wp-content\/uploads\/2024\/09\/Macia-Florit-\u00a9-Laia-Serch-1.jpg' alt='' style='' \/><img class='hover_image' src='' alt='' style='' \/><\/div><\/div>[vc_empty_space][\/vc_column][\/vc_row][vc_row row_type=&#8221;row&#8221; use_row_as_full_screen_section=&#8221;no&#8221; type=&#8221;full_width&#8221; text_align=&#8221;left&#8221; background_animation=&#8221;none&#8221; css_animation=&#8221;&#8221;][vc_column][vc_empty_space][vc_separator type=&#8221;normal&#8221; border_style=&#8221;&#8221;][vc_empty_space][\/vc_column][\/vc_row][vc_row row_type=&#8221;row&#8221; use_row_as_full_screen_section=&#8221;no&#8221; type=&#8221;full_width&#8221; text_align=&#8221;left&#8221; background_animation=&#8221;none&#8221; css_animation=&#8221;&#8221; css=&#8221;.vc_custom_1610973590515{padding-top: 30px !important;padding-right: 0px !important;padding-bottom: 30px !important;padding-left: 0px !important;}&#8221;][vc_column width=&#8221;2\/3&#8243;][vc_empty_space][vc_column_text css=&#8221;&#8221;]<\/p>\n<h5 style=\"text-align: left;\"><span style=\"color: #ea2d2e;\"><b>ARNAU CLOQUELLS<\/b><\/span><\/h5>\n<p>[\/vc_column_text][vc_empty_space][vc_column_text css=&#8221;&#8221;]<b>Arnau Cloquells<\/b><span style=\"font-weight: 400;\"> (Menorca, 2001) is an audiovisual creator, filmmaker and freelancer. He completed the degree in cinematography, Bande \u00e0 Part (2020-2022), later specializing in editing at ESCAC (2022-2023). He is passionate about photography and video; some of his personal projects have been awarded in different competitions (First prize in the underwater photography competition for the preservation of the Balearic Sea, MARE, with the photograph &#8220;Touching the sea&#8221;, 2021 ). Many of his works, both photographic and audiovisual, are strongly influenced by the sea and the natural environment.<\/span><\/p>\n<p>&nbsp;<\/p>\n<p><span style=\"font-weight: 400;\">He has worked in various specialties in the audiovisual world: director of photography (&#8220;Sol sol&#8221;, &#8220;El que haur\u00edem fet&#8221;, &#8220;Ramat&#8221;&#8230;), editor (&#8220;En Mesquida&#8221;, the docuseries &#8220;Els Inexperts&#8221;&#8230;) , color &#8220;El que haur\u00edem fet&#8221;, &#8220;Estiu blau&#8221;&#8230;), sound technician (&#8220;Ramon Coll&#8221; from the docuserie &#8220;Menorquins&#8221;&#8230;), production assistant (&#8220;Bluebanana x Sevilla&#8221;&#8230;) &#8230; and his work includes both documentary and fiction, advertising (Es Paput, BlueBanana Brand, Buragun Menorca&#8230;) and video clips (Titu Mart\u00ed, Verlaat, Paunezz, Fiappii&#8230;). As a director, he directed the short documentaries &#8220;Tao&#8221; (2021) and &#8220;Mar pla&#8221; (2023).<\/span><\/p>\n<p>&nbsp;<\/p>\n<p>&nbsp;<\/p>\n<p><a href=\"https:\/\/arnicloq.com\/\">arnicloq.com<\/a>[\/vc_column_text][vc_empty_space][vc_empty_space][\/vc_column][vc_column width=&#8221;1\/3&#8243;][vc_empty_space]<div class='image_hover ' style='' data-transition-delay=''><div class='images_holder'><img class='' src='https:\/\/casadartistes.esfarcultural.net\/wp-content\/uploads\/2024\/09\/000452-013-VK-scaled.jpg' alt='' style='' \/><img class='hover_image' src='' alt='' style='' \/><\/div><\/div>[vc_empty_space][\/vc_column][\/vc_row][vc_row row_type=&#8221;row&#8221; use_row_as_full_screen_section=&#8221;no&#8221; type=&#8221;full_width&#8221; text_align=&#8221;left&#8221; background_animation=&#8221;none&#8221; css_animation=&#8221;&#8221;][vc_column][vc_empty_space][vc_separator type=&#8221;normal&#8221; border_style=&#8221;&#8221;][\/vc_column][\/vc_row]<\/p>\n<\/div>","protected":false},"excerpt":{"rendered":"<p>[vc_row row_type=&#8221;row&#8221; use_row_as_full_screen_section=&#8221;no&#8221; type=&#8221;full_width&#8221; text_align=&#8221;center&#8221; background_animation=&#8221;none&#8221; css_animation=&#8221;&#8221; css=&#8221;.vc_custom_1610973632409{padding-bottom: 20px !important;}&#8221;][vc_column][vc_empty_space][vc_column_text css=&#8221;&#8221;] \u00abBIOSFERA\u00bb RESIDENCY [\/vc_column_text][vc_column_text css=&#8221;&#8221;] With mentoring by Laia Manresa [\/vc_column_text][vc_empty_space][vc_empty_space][vc_empty_space][vc_column_text css=&#8221;&#8221;] Artistes seleccionades [\/vc_column_text][\/vc_column][\/vc_row][vc_row row_type=&#8221;row&#8221; use_row_as_full_screen_section=&#8221;no&#8221; type=&#8221;full_width&#8221; text_align=&#8221;left&#8221; background_animation=&#8221;none&#8221; css_animation=&#8221;&#8221; css=&#8221;.vc_custom_1610973590515{padding-top: 30px !important;padding-right: 0px !important;padding-bottom: 30px !important;padding-left: 0px !important;}&#8221;][vc_column width=&#8221;2\/3&#8243;][vc_empty_space][vc_column_text css=&#8221;&#8221;] CLAUDIA BARTHELEMY [\/vc_column_text][vc_empty_space][vc_column_text&#8230;<\/p>\n","protected":false},"author":1,"featured_media":0,"parent":0,"menu_order":0,"comment_status":"closed","ping_status":"closed","template":"","meta":{"footnotes":""},"class_list":["post-3291","page","type-page","status-publish","hentry"],"_links":{"self":[{"href":"https:\/\/casadartistes.esfarcultural.net\/en\/wp-json\/wp\/v2\/pages\/3291","targetHints":{"allow":["GET"]}}],"collection":[{"href":"https:\/\/casadartistes.esfarcultural.net\/en\/wp-json\/wp\/v2\/pages"}],"about":[{"href":"https:\/\/casadartistes.esfarcultural.net\/en\/wp-json\/wp\/v2\/types\/page"}],"author":[{"embeddable":true,"href":"https:\/\/casadartistes.esfarcultural.net\/en\/wp-json\/wp\/v2\/users\/1"}],"replies":[{"embeddable":true,"href":"https:\/\/casadartistes.esfarcultural.net\/en\/wp-json\/wp\/v2\/comments?post=3291"}],"version-history":[{"count":12,"href":"https:\/\/casadartistes.esfarcultural.net\/en\/wp-json\/wp\/v2\/pages\/3291\/revisions"}],"predecessor-version":[{"id":3331,"href":"https:\/\/casadartistes.esfarcultural.net\/en\/wp-json\/wp\/v2\/pages\/3291\/revisions\/3331"}],"wp:attachment":[{"href":"https:\/\/casadartistes.esfarcultural.net\/en\/wp-json\/wp\/v2\/media?parent=3291"}],"curies":[{"name":"wp","href":"https:\/\/api.w.org\/{rel}","templated":true}]}}