{"id":2991,"date":"2024-06-03T12:38:53","date_gmt":"2024-06-03T12:38:53","guid":{"rendered":"https:\/\/casadartistes.esfarcultural.net\/?page_id=2991"},"modified":"2024-06-27T12:22:22","modified_gmt":"2024-06-27T12:22:22","slug":"jornades-de-performance","status":"publish","type":"page","link":"https:\/\/casadartistes.esfarcultural.net\/en\/jornades-de-performance","title":{"rendered":"IV JORNADES DE PERFORMANCE"},"content":{"rendered":"<div class=\"wpb-content-wrapper\"><p>[vc_row row_type=&#8221;row&#8221; use_row_as_full_screen_section=&#8221;no&#8221; type=&#8221;full_width&#8221; text_align=&#8221;left&#8221; background_animation=&#8221;none&#8221; css_animation=&#8221;&#8221;][vc_column][vc_column_text css=&#8221;&#8221;]<\/p>\n<h2 style=\"text-align: center;\"><strong>IV JORNADES DE PERFORMANCE<br \/>\n<\/strong><\/h2>\n<p>[\/vc_column_text][vc_empty_space height=&#8221;50px&#8221;][\/vc_column][\/vc_row][vc_row row_type=&#8221;row&#8221; use_row_as_full_screen_section=&#8221;no&#8221; type=&#8221;full_width&#8221; text_align=&#8221;left&#8221; background_animation=&#8221;none&#8221; css_animation=&#8221;&#8221; css=&#8221;.vc_custom_1682527332215{background-color: #ddd9bc !important;}&#8221;][vc_column][vc_empty_space height=&#8221;20px&#8221;][vc_row_inner row_type=&#8221;row&#8221; type=&#8221;full_width&#8221; use_row_as_full_screen_section_slide=&#8221;no&#8221; text_align=&#8221;left&#8221; css_animation=&#8221;&#8221;][vc_column_inner width=&#8221;1\/4&#8243;][vc_column_text css=&#8221;&#8221;]<\/p>\n<p style=\"font-size: 22px;\">FORMACI\u00d3<\/p>\n<p>[\/vc_column_text][vc_empty_space height=&#8221;5px&#8221;][vc_empty_space height=&#8221;5px&#8221;][vc_column_text css=&#8221;&#8221;]<\/p>\n<p style=\"font-size: 22px;\">MOSTRA<\/p>\n<p>[\/vc_column_text][\/vc_column_inner][vc_column_inner width=&#8221;3\/4&#8243;][vc_column_text css=&#8221;&#8221;]<\/p>\n<p style=\"font-size: 22px;\"><strong>Neus Masdeu \u00b7 <\/strong><span style=\"font-weight: 400;\">13 de juny<\/span>, <strong><a href=\"https:\/\/calendar.app.google\/eK6syaAJVsbgerqf6\" target=\"_blank\" rel=\"noopener\">en l\u00ednea<\/a><\/strong><\/p>\n<p style=\"font-size: 22px;\"><strong>Neus Masdeu \u00b7<\/strong> <span style=\"font-weight: 400;\">12 i 13 de juliol, Teatre de Fornells.<\/span><\/p>\n<p>[\/vc_column_text][vc_empty_space height=&#8221;5px&#8221;][vc_column_text css=&#8221;&#8221;]<\/p>\n<p style=\"font-size: 22px;\"><strong>Estel Boada i Teresa W \u00b7 <\/strong><span style=\"font-weight: 400;\">24 de juliol, Casa d&#8217;Artistes, Es Mercadal.\u00a0<\/span><\/p>\n<p>[\/vc_column_text][\/vc_column_inner][\/vc_row_inner][vc_empty_space height=&#8221;20px&#8221;][\/vc_column][\/vc_row][vc_row row_type=&#8221;row&#8221; use_row_as_full_screen_section=&#8221;no&#8221; type=&#8221;full_width&#8221; text_align=&#8221;left&#8221; background_animation=&#8221;none&#8221; css_animation=&#8221;&#8221;][vc_column][vc_empty_space height=&#8221;50px&#8221;][\/vc_column][\/vc_row][vc_row row_type=&#8221;row&#8221; use_row_as_full_screen_section=&#8221;no&#8221; type=&#8221;full_width&#8221; text_align=&#8221;left&#8221; background_animation=&#8221;none&#8221; css_animation=&#8221;&#8221;][vc_column width=&#8221;2\/3&#8243;][vc_empty_space][vc_column_text css=&#8221;&#8221;]<\/p>\n<p style=\"font-size: 22px;\"><strong><b>LABORATORIO TEORICOPR\u00c0CTIC <\/b>DE PERFORMANCE<\/strong><\/p>\n<p>[\/vc_column_text][vc_empty_space height=&#8221;22px&#8221;][vc_column_text css=&#8221;&#8221;]<\/p>\n<p style=\"font-size: 22px;\">Amb Neus Masdeu<\/p>\n<p>[\/vc_column_text][vc_empty_space][vc_column_text css=&#8221;&#8221;]<span style=\"font-weight: 400;\">De quantes maneres es pot formalitzar una performance? Quines difer\u00e8ncies hi ha entre la performance i el teatre? \u00c9s possible barrejar disciplines?\u00a0<\/span><\/p>\n<p><span style=\"font-weight: 400;\">En aquest laboratori teoricopr\u00e0ctic de 8 h compartirem referents d\u2019aquestes pr\u00e0ctiques, coneixerem l\u2019entrellat d\u2019algunes peces significatives de la Neus Masdeu i com \u00e9s la seva metodologia.<\/span><\/p>\n<p><span style=\"font-weight: 400;\">A trav\u00e9s de conceptes i premisses generades aleat\u00f2riament, treballarem col\u00b7lectivament en diferents possibilitats de formalitzar una performance com per exemple les confer\u00e8ncies performatives, les instal\u00b7lacions art\u00edstiques, les accions amb objectes, les gastron\u00f2miques, les sonores, entre altres.<\/span>[\/vc_column_text][vc_empty_space][vc_column_text css=&#8221;&#8221;]<b><strong>Calendari<\/strong><\/b><\/p>\n<ul>\n<li><span style=\"font-weight: 400;\">13 de juny, de 18 h a 20 h. <a href=\"https:\/\/calendar.app.google\/eK6syaAJVsbgerqf6\" target=\"_blank\" rel=\"noopener\">En l\u00ednea<\/a><\/span><\/li>\n<li style=\"font-weight: 400;\" aria-level=\"1\"><span style=\"font-weight: 400;\">12 de juliol, de 18 h a 20 h. Presencial, Teatre de Fornells.<br \/>\n<\/span><\/li>\n<li style=\"font-weight: 400;\" aria-level=\"1\"><span style=\"font-weight: 400;\">13 de juliol &#8211; de 17 h a 21 h. Presencial, Teatre de Fornells.<br \/>\n<\/span><\/li>\n<\/ul>\n<p>&nbsp;<\/p>\n<p><b>Destinataris<\/b><\/p>\n<ul>\n<li style=\"font-weight: 400;\" aria-level=\"1\"><span style=\"font-weight: 400;\">Qualsevol persona interessada en la performance, les arts visuals i esc\u00e8niques.<\/span><\/li>\n<li style=\"font-weight: 400;\" aria-level=\"1\"><span style=\"font-weight: 400;\">No \u00e9s necessari tenir coneixements previs o dedicar-se a la creaci\u00f3 art\u00edstica.<\/span><\/li>\n<li style=\"font-weight: 400;\" aria-level=\"1\"><span style=\"font-weight: 400;\">La formadora impartir\u00e0 els continguts en catal\u00e0.<br \/>\n<\/span><\/li>\n<\/ul>\n<p>&nbsp;<\/p>\n<p><b>Inscripcions<\/b><\/p>\n<ul>\n<li style=\"font-weight: 400;\" aria-level=\"1\"><span style=\"font-weight: 400;\">Omple el <a href=\"https:\/\/docs.google.com\/forms\/d\/e\/1FAIpQLSdMJlXaENwzP1E4eDJMmqC2bDYZnPeVNtke0GxGf1ps-v6Eaw\/viewform?usp=sf_link\"><b>formulari<\/b><\/a> amb les teves dades de contacte.<\/span><\/li>\n<li style=\"font-weight: 400;\" aria-level=\"1\"><span style=\"font-weight: 400;\">Rebreu un correu electr\u00f2nic de confirmaci\u00f3 amb el nombre de compte. <\/span><\/li>\n<li style=\"font-weight: 400;\" aria-level=\"1\"><span style=\"font-weight: 400;\">Ingressar la quota de 30 \u20ac<\/span><\/li>\n<li style=\"font-weight: 400;\" aria-level=\"1\"><span style=\"font-weight: 400;\">Termini per inscriure\u2019t: 10 de juny.<\/span><\/li>\n<li style=\"font-weight: 400;\" aria-level=\"1\"><span style=\"font-weight: 400;\">Consultes a <a href=\"mailto:tallersdesfar@gmail.com\" target=\"_blank\" rel=\"noopener\">tallersdesfar@gmail.com<\/a><br \/>\n<\/span><\/li>\n<\/ul>\n<p>[\/vc_column_text][vc_empty_space]<a href=\"https:\/\/docs.google.com\/forms\/d\/e\/1FAIpQLSdMJlXaENwzP1E4eDJMmqC2bDYZnPeVNtke0GxGf1ps-v6Eaw\/viewform?usp=sf_link\" target=\"_blank\"  class=\"qbutton \" style=\"\">FORMULARI<\/a>[\/vc_column][vc_column width=&#8221;1\/3&#8243;][vc_empty_space][vc_single_image image=&#8221;2922&#8243; img_size=&#8221;large&#8221; qode_css_animation=&#8221;&#8221;][vc_empty_space height=&#8221;20px&#8221;][vc_column_text css=&#8221;&#8221;]<\/p>\n<p style=\"text-align: justify;\"><a href=\"https:\/\/neusmasdeu.com\/\" target=\"_blank\" rel=\"noopener\"><span style=\"font-weight: 400;\">Neus Masdeu<\/span><\/a>\u00a0<span style=\"font-weight: 400;\">s&#8217;ha graduat en Art i Disseny a l&#8217;Escola Massana (Barcelona, 2018-2023) i en Arts Visuals i Noves Dramat\u00fargies a l&#8217;Escola Massana (Barcelona, 2019). Tamb\u00e9 ha format part de l&#8217;Aula Oberta de Recerca de les Arts en Viu de l&#8217;Institut del Teatre (Vic, 2024).<\/span><\/p>\n<p style=\"text-align: justify;\"><span style=\"font-weight: 400;\">\u00a0<\/span><\/p>\n<p style=\"text-align: justify;\"><span style=\"font-weight: 400;\">Recentment, ha presentat la seva \u00faltima pe\u00e7a <\/span><i><span style=\"font-weight: 400;\">Seitons Masdeu Hola i Adeu<\/span><\/i><span style=\"font-weight: 400;\"> al Teatre Lliure (Barcelona, 2024), ha participat en el festival BAM Cultura Viva (Barcelona, 2024) amb <\/span><i><span style=\"font-weight: 400;\">Un Big Bang en Miniatura<\/span><\/i><span style=\"font-weight: 400;\">, al programa Paracaigudisme del Club Nou al Casal Solleric (Mallorca, 2023) amb <\/span><i><span style=\"font-weight: 400;\">Aplaudir amb les mans tancades<\/span><\/i><span style=\"font-weight: 400;\">, al festival de performance ARTefACTe a la Fundaci\u00f3 Joan Brossa (Barcelona, 2021) i al festival TNT (Terrassa, 2020) amb el projecte <\/span><i><span style=\"font-weight: 400;\">El desig de ser un llimac (si els llimacs s\u00f3n caragols sense closca)<\/span><\/i><span style=\"font-weight: 400;\">, entre d&#8217;altres.<\/span><\/p>\n<p style=\"text-align: justify;\"><span style=\"font-weight: 400;\">\u00a0<\/span><\/p>\n<p style=\"text-align: justify;\"><span style=\"font-weight: 400;\">Ha fet diverses resid\u00e8ncies art\u00edstiques en espais com Roca Umbert (Granollers), Nau Estruch (Sabadell), El corralito (Terrassa), El Konvent (Berga) o a la Casa d\u2019Artistes (Menorca), entre d&#8217;altres.<\/span><\/p>\n<p style=\"text-align: justify;\"><span style=\"font-weight: 400;\"><br \/>\nParal\u00b7lelament, \u00e9s la curadora del cicle de performance 4X4 a la Sala Taro (Barcelona) i treballa fent acompanyament i producci\u00f3 en projectes d\u2019artistes com Daniel Gasol, Francesca Llopis, Alexandra Laudo, o Ant\u00f2nia del R\u00edo.<\/span><\/p>\n<p>[\/vc_column_text][\/vc_column][\/vc_row][vc_row row_type=&#8221;row&#8221; use_row_as_full_screen_section=&#8221;no&#8221; type=&#8221;full_width&#8221; text_align=&#8221;left&#8221; background_animation=&#8221;none&#8221; css_animation=&#8221;&#8221;][vc_column][vc_empty_space][\/vc_column][\/vc_row][vc_row row_type=&#8221;row&#8221; use_row_as_full_screen_section=&#8221;no&#8221; type=&#8221;full_width&#8221; text_align=&#8221;left&#8221; background_animation=&#8221;none&#8221; css_animation=&#8221;&#8221;][vc_column][vc_empty_space][vc_separator type=&#8221;normal&#8221; border_style=&#8221;&#8221;][vc_empty_space][\/vc_column][\/vc_row]<\/p>\n<\/div>","protected":false},"excerpt":{"rendered":"<p>[vc_row row_type=&#8221;row&#8221; use_row_as_full_screen_section=&#8221;no&#8221; type=&#8221;full_width&#8221; text_align=&#8221;left&#8221; background_animation=&#8221;none&#8221; css_animation=&#8221;&#8221;][vc_column][vc_column_text css=&#8221;&#8221;] IV JORNADES DE PERFORMANCE [\/vc_column_text][vc_empty_space height=&#8221;50px&#8221;][\/vc_column][\/vc_row][vc_row row_type=&#8221;row&#8221; use_row_as_full_screen_section=&#8221;no&#8221; type=&#8221;full_width&#8221; text_align=&#8221;left&#8221; background_animation=&#8221;none&#8221; css_animation=&#8221;&#8221; css=&#8221;.vc_custom_1682527332215{background-color: #ddd9bc !important;}&#8221;][vc_column][vc_empty_space height=&#8221;20px&#8221;][vc_row_inner row_type=&#8221;row&#8221; type=&#8221;full_width&#8221; use_row_as_full_screen_section_slide=&#8221;no&#8221; text_align=&#8221;left&#8221; css_animation=&#8221;&#8221;][vc_column_inner width=&#8221;1\/4&#8243;][vc_column_text css=&#8221;&#8221;] FORMACI\u00d3 [\/vc_column_text][vc_empty_space height=&#8221;5px&#8221;][vc_empty_space height=&#8221;5px&#8221;][vc_column_text css=&#8221;&#8221;] MOSTRA [\/vc_column_text][\/vc_column_inner][vc_column_inner width=&#8221;3\/4&#8243;][vc_column_text css=&#8221;&#8221;] Neus Masdeu \u00b7 13 de&#8230;<\/p>\n","protected":false},"author":1,"featured_media":0,"parent":0,"menu_order":0,"comment_status":"closed","ping_status":"closed","template":"","meta":{"footnotes":""},"class_list":["post-2991","page","type-page","status-publish","hentry"],"_links":{"self":[{"href":"https:\/\/casadartistes.esfarcultural.net\/en\/wp-json\/wp\/v2\/pages\/2991","targetHints":{"allow":["GET"]}}],"collection":[{"href":"https:\/\/casadartistes.esfarcultural.net\/en\/wp-json\/wp\/v2\/pages"}],"about":[{"href":"https:\/\/casadartistes.esfarcultural.net\/en\/wp-json\/wp\/v2\/types\/page"}],"author":[{"embeddable":true,"href":"https:\/\/casadartistes.esfarcultural.net\/en\/wp-json\/wp\/v2\/users\/1"}],"replies":[{"embeddable":true,"href":"https:\/\/casadartistes.esfarcultural.net\/en\/wp-json\/wp\/v2\/comments?post=2991"}],"version-history":[{"count":20,"href":"https:\/\/casadartistes.esfarcultural.net\/en\/wp-json\/wp\/v2\/pages\/2991\/revisions"}],"predecessor-version":[{"id":3149,"href":"https:\/\/casadartistes.esfarcultural.net\/en\/wp-json\/wp\/v2\/pages\/2991\/revisions\/3149"}],"wp:attachment":[{"href":"https:\/\/casadartistes.esfarcultural.net\/en\/wp-json\/wp\/v2\/media?parent=2991"}],"curies":[{"name":"wp","href":"https:\/\/api.w.org\/{rel}","templated":true}]}}