{"id":2573,"date":"2023-11-21T10:41:15","date_gmt":"2023-11-21T10:41:15","guid":{"rendered":"https:\/\/casadartistes.esfarcultural.net\/es\/?page_id=2573"},"modified":"2024-06-26T16:53:57","modified_gmt":"2024-06-26T16:53:57","slug":"illes-dart-9","status":"publish","type":"page","link":"https:\/\/casadartistes.esfarcultural.net\/en\/illes-dart-9","title":{"rendered":"ILLES D&#8217;ART 9"},"content":{"rendered":"<div class=\"wpb-content-wrapper\"><p>[vc_row row_type=&#8221;row&#8221; use_row_as_full_screen_section=&#8221;no&#8221; type=&#8221;full_width&#8221; text_align=&#8221;center&#8221; background_animation=&#8221;none&#8221; css_animation=&#8221;&#8221; css=&#8221;.vc_custom_1610973632409{padding-bottom: 20px !important;}&#8221;][vc_column][vc_empty_space][vc_column_text]<\/p>\n<h3 style=\"text-align: left;\"><span style=\"color: #000000;\"><b>ILLES D&#8217;ART 9<\/b><\/span><\/h3>\n<p>[\/vc_column_text][vc_empty_space][\/vc_column][\/vc_row][vc_row row_type=&#8221;row&#8221; use_row_as_full_screen_section=&#8221;no&#8221; type=&#8221;full_width&#8221; text_align=&#8221;center&#8221; background_animation=&#8221;none&#8221; css_animation=&#8221;&#8221; css=&#8221;.vc_custom_1610973632409{padding-bottom: 20px !important;}&#8221;][vc_column][vc_column_text]<\/p>\n<h5 style=\"text-align: left;\"><span style=\"color: #ea2d2e;\"><b>CECILIA NAVARRO<\/b><\/span><\/h5>\n<p>[\/vc_column_text][\/vc_column][\/vc_row][vc_row row_type=&#8221;row&#8221; use_row_as_full_screen_section=&#8221;no&#8221; type=&#8221;full_width&#8221; text_align=&#8221;left&#8221; background_animation=&#8221;none&#8221; css_animation=&#8221;&#8221; css=&#8221;.vc_custom_1610973590515{padding-top: 30px !important;padding-right: 0px !important;padding-bottom: 30px !important;padding-left: 0px !important;}&#8221;][vc_column width=&#8221;2\/3&#8243;][vc_column_text css=&#8221;&#8221;]<\/p>\n<p style=\"text-align: justify;\">Nascuda a Llucmajor, en 2002. Cursa Estudis Literaris en la Universitat de Barcelona. Ha conreat l&#8217;\u00e0mbit teatral amb l&#8217;obra El Cutrisme, guardonada amb el Premi Frederic Roda de Teatre de la Diputaci\u00f3 de Barcelona 2021. Ha participat en el tercer volum de la Revista PoetrySpam i ha aparegut en l&#8217;antologia po\u00e8tica La Tempesta aix\u00ed com en l&#8217;antologia Escriure la Serra, en 2023. En l&#8217;\u00e0mbit po\u00e8tic, han vist la llum els poemaris\u00a0 La dona talai\u00f2tica (El Gall Editor, 2022) i La mamella de D\u00e9u (Viena Edicions, 2022).<\/p>\n<p>&nbsp;<\/p>\n<p style=\"text-align: justify;\">A partir d&#8217;un vers lliure que es formula des del batec intern de l&#8217;escriptura a raig, el meu treball po\u00e8tic es regenera a partir de les tem\u00e0tiques que capten en el moment de l&#8217;evocaci\u00f3. Aix\u00ed com en La dona talai\u00f2tica \u00a0hi havia una necessitat de reelaborar un proc\u00e9s de maduraci\u00f3 del jo l\u00edric arrelat al seu voltant, en La mamella de D\u00e9u es planteja la relaci\u00f3 amb l&#8217;espiritualitat des del punt de vista na\u00eff, prematur, per\u00f2 que dubte. A partir d&#8217;aqu\u00ed, el jo l\u00edric es veu corromput per l&#8217;esdevenir d&#8217;aquesta espiritualitat i, entre altres, s&#8217;impregna de la q\u00fcesti\u00f3 material. Aix\u00ed doncs, aquesta primera paraula amb D\u00e9u, amb la mare, es pertorba amb la consci\u00e8ncia del cos, del desig. M&#8217;interessa molt trobar l&#8217;her\u00e8ncia d&#8217;aquests raigs a partir dels autors als quals m&#8217;acull en aquesta l\u00ednia: Anne Sexton, Alda Merini, Olga Orozco, entre altres. De totes maneres, hi ha un cau com\u00fa en aquests camins i \u00e9s la incertesa com a font de l&#8217;esperit.<\/p>\n<p>&nbsp;<\/p>\n<p>&nbsp;<\/p>\n<p style=\"text-align: left;\"><a href=\"https:\/\/www.instagram.com\/cecilianafra\/\" target=\"_blank\" rel=\"noopener\">@cecilianafra<\/a><\/p>\n<p>[\/vc_column_text][\/vc_column][vc_column width=&#8221;1\/3&#8243;][vc_single_image image=&#8221;2574&#8243; img_size=&#8221;large&#8221; alignment=&#8221;center&#8221; onclick=&#8221;custom_link&#8221; img_link_target=&#8221;_blank&#8221; qode_css_animation=&#8221;&#8221; link=&#8221;http:\/\/sandrinedeumier.com\/&#8221;][vc_column_text css=&#8221;.vc_custom_1719420750131{padding-top: 15px !important;}&#8221;]<\/p>\n<p style=\"text-align: center;\"><span style=\"font-weight: 400;\">Cr\u00e8dits: Miquel Munar <\/span><\/p>\n<p>[\/vc_column_text][\/vc_column][\/vc_row][vc_row row_type=&#8221;row&#8221; use_row_as_full_screen_section=&#8221;no&#8221; type=&#8221;full_width&#8221; text_align=&#8221;left&#8221; background_animation=&#8221;none&#8221; css_animation=&#8221;&#8221; css=&#8221;.vc_custom_1610971923298{padding-top: 10px !important;padding-bottom: 20px !important;}&#8221;][vc_column][vc_separator type=&#8221;normal&#8221; border_style=&#8221;&#8221; color=&#8221;#0a0a0a&#8221;][\/vc_column][\/vc_row][vc_row row_type=&#8221;row&#8221; use_row_as_full_screen_section=&#8221;no&#8221; type=&#8221;full_width&#8221; text_align=&#8221;center&#8221; background_animation=&#8221;none&#8221; css_animation=&#8221;&#8221; css=&#8221;.vc_custom_1610971790637{padding-top: 10px !important;padding-bottom: 30px !important;}&#8221;][vc_column][vc_column_text]<\/p>\n<h5 style=\"text-align: left;\"><span style=\"color: #ea2d2e;\"><b>JOAN ROTGER JULI\u00c0<\/b><\/span><\/h5>\n<p>[\/vc_column_text][\/vc_column][\/vc_row][vc_row row_type=&#8221;row&#8221; use_row_as_full_screen_section=&#8221;no&#8221; type=&#8221;full_width&#8221; text_align=&#8221;left&#8221; background_animation=&#8221;none&#8221; css_animation=&#8221;&#8221; css=&#8221;.vc_custom_1610973117877{padding-top: 0px !important;padding-bottom: 30px !important;}&#8221;][vc_column width=&#8221;2\/3&#8243;][vc_column_text css=&#8221;.vc_custom_1719420779401{padding-top: 30px !important;}&#8221;]<\/p>\n<p style=\"text-align: justify;\">Joan escriu des de petit per a entendre&#8217;s i descobrir qu\u00e8 li passa per dins i per fora. Evocats des de l&#8217;experi\u00e8ncia, els sentits i la imatgeria es converteixen en una constant en la seva poesia, la qual s&#8217;articula mitjan\u00e7ant la combinaci\u00f3 de la no forma, la can\u00e7\u00f3 i el joc. Aix\u00ed, Juan escriu per a explorar terrenys que li remouen com poden ser el rebuig generalitzat al canvi, la normativitat que oprimeix l&#8217;expressi\u00f3 individual i els intersticis de les relacions personals. \u00daltimament, tamb\u00e9 ha investigat sobre la ideaci\u00f3 del su\u00efcidi des d&#8217;una perspectiva personal i amb una intenci\u00f3 testimonial.<\/p>\n<p>&nbsp;<\/p>\n<p style=\"text-align: justify;\">Joan Rotger Juli\u00e0 neix a Ciutadella de Menorca en 1995. Estudia de manera escalonada Jazz i M\u00fasica Moderna en el Taller de M\u00fasics de Barcelona i Enginyeria d&#8217;Energies Renovables en la UPV\/EHU, de la qual es gradua en 2022. En aquests moments, exerceix d&#8217;enginyer i ho combina amb m\u00fasica i poesia. En l&#8217;\u00e0mbit musical, forma part del grup de m\u00fasica Dahlia i ha participat en altres projectes com Atzur i Verlaat. Quant a la poesia, \u00e9s finalista del Premi de Poesia Jove GumersindGomila 2022 i del Certamen Art Jove de poesia Salvador Iborra 2023. Recentment, ha participat en el festival Illanvers 2023.<\/p>\n<p>&nbsp;<\/p>\n<p>&nbsp;<\/p>\n<p style=\"text-align: left;\"><a href=\"https:\/\/www.instagram.com\/joanroju\/\" target=\"_blank\" rel=\"noopener\">@joanroju<\/a><\/p>\n<p>[\/vc_column_text][\/vc_column][vc_column width=&#8221;1\/3&#8243;][vc_empty_space][vc_single_image image=&#8221;2598&#8243; img_size=&#8221;large&#8221; alignment=&#8221;center&#8221; onclick=&#8221;custom_link&#8221; img_link_target=&#8221;_blank&#8221; qode_css_animation=&#8221;&#8221; link=&#8221;https:\/\/www.alky0ni.com\/&#8221;][\/vc_column][\/vc_row][vc_row row_type=&#8221;row&#8221; use_row_as_full_screen_section=&#8221;no&#8221; type=&#8221;full_width&#8221; text_align=&#8221;left&#8221; background_animation=&#8221;none&#8221; css_animation=&#8221;&#8221; css=&#8221;.vc_custom_1610973136118{padding-top: px !important;padding-bottom: 30px !important;}&#8221;][vc_column][vc_separator type=&#8221;normal&#8221; border_style=&#8221;&#8221; color=&#8221;#0a0a0a&#8221;][\/vc_column][\/vc_row][vc_row row_type=&#8221;row&#8221; use_row_as_full_screen_section=&#8221;no&#8221; type=&#8221;full_width&#8221; text_align=&#8221;left&#8221; background_animation=&#8221;none&#8221; css_animation=&#8221;&#8221; css=&#8221;.vc_custom_1610971612162{padding-top: 10px !important;}&#8221;][vc_column][vc_column_text]<\/p>\n<h5 style=\"text-align: left;\"><span style=\"color: #ea2d2e;\"><b>ANA\u00cfS FANER ANGLADA<\/b><\/span><\/h5>\n<p>[\/vc_column_text][\/vc_column][\/vc_row][vc_row row_type=&#8221;row&#8221; use_row_as_full_screen_section=&#8221;no&#8221; type=&#8221;full_width&#8221; text_align=&#8221;left&#8221; background_animation=&#8221;none&#8221; css_animation=&#8221;&#8221; css=&#8221;.vc_custom_1610971880916{padding-top: 30px !important;padding-bottom: 20px !important;}&#8221;][vc_column width=&#8221;2\/3&#8243;][vc_column_text css=&#8221;.vc_custom_1719420831490{padding-top: 30px !important;}&#8221;]<\/p>\n<p style=\"text-align: justify;\">Una poesia confessional, sincera, espont\u00e0nia, reflexiva i sarc\u00e0stica, amb una t\u00e8cnica de mirall imperfecte i plena d&#8217;elements d&#8217;autoficci\u00f3. Un esqueix d&#8217;obsessions, buits, inseguretats i contradiccions que m&#8217;habiten, aix\u00ed com la passi\u00f3 desmesurada i el fet de ser freda; les ll\u00e0grimes escoltades i el dolor amagat; la innoc\u00e8ncia i el fer-se adulta; el fugir i tornar; o la desorientaci\u00f3 i el sentir-se a casa.<\/p>\n<p>&nbsp;<\/p>\n<p style=\"text-align: justify;\">Versos carn\u00edvors, salvatges i desesperats, i al mateix temps, sensibles i pac\u00edfics, que parlen de les ferides interiors, tant les curades com les que estan en proc\u00e9s de cicatritzaci\u00f3. Poesia lliure o prosa po\u00e8tica, des de dins cap a fora.<\/p>\n<p>&nbsp;<\/p>\n<p style=\"text-align: justify;\">Ana\u00efs Faner Anglada (Ciutadella de Menorca, 1997) \u00e9s llicenciada en el Grau en Periodisme per la UAB, i M\u00e0ster en Creaci\u00f3 Liter\u00e0ria per la UPF.<\/p>\n<p>&nbsp;<\/p>\n<p style=\"text-align: justify;\">En l&#8217;\u00e0mbit laboral, ha treballat en les editorials VOCA i Edicions Maig i en les revistes El Farmac\u00e8utic, BCN M\u00e9s i LaMono MAGAZINE. Ha col\u00b7laborat en el Diari Menorca, entre altres mitjans de comunicaci\u00f3. Actualment, exerceix de periodista en Prodigi\u00f3s Volc\u00e0, l&#8217;ag\u00e8ncia de comunicaci\u00f3 de Caixaforum.<\/p>\n<p>&nbsp;<\/p>\n<p style=\"text-align: justify;\">Ha rebut diversos reconeixements literaris, com per exemple el premi Josep Pla de poesia, a Palafrugell (2015); l&#8217;IV Premi Joan Benejam en narraci\u00f3 curta (2018); el Mateu Segu\u00ed Puntas(2020); o el segon premi del Girona Poetry Eslam (2020). En 2021 va quedar finalista del VIII Premi de poesia Illa de Menorca, del qual ja havia rebut el segon premi en 2018 i havia quedat finalista en 2017, tots ells amb posterior publicaci\u00f3 del llibre.<\/p>\n<p>&nbsp;<\/p>\n<p style=\"text-align: justify;\">Ha participat en els recitals de poesia Vers Hivern. Poesia a Redossa, l&#8217;Acte institucional en homenatge a les v\u00edctimes de la COVID-19, o Sant Jordi a Redossa, organitzats pel Consell Insular de Menorca. Altres recitals han estat el Vermut po\u00e8tic, la 2a edici\u00f3 de Tast de cultura, o el Illanvers XIV, aquest \u00faltim amb publicaci\u00f3 de llibre. En l&#8217;\u00e0mbit balear, tamb\u00e9 ha participat en els recitals Solstici d\u2019Estiu (Fundaci\u00f3 Musical ACA), amb posterior publicaci\u00f3 de llibre, i el XX Encontrede Joves Poetes dels Pa\u00efsos Catalans(Formentera). Recentment, ha realitzat una resid\u00e8ncia a casa d\u2019Artistes, espai de creaci\u00f3 i pensament de Es FAR Cultural (Menorca).<\/p>\n<p>&nbsp;<\/p>\n<p style=\"text-align: justify;\">Ha publicat dos llibres: Eleanor Roosevelt. Impulsora dels drets humans (Vegueta Edicions, 2022) i La defensora de la humanitat. Eleanor Roosevelt (Vegueta Edicions, 2023).<\/p>\n<p>&nbsp;<\/p>\n<p>&nbsp;<\/p>\n<p style=\"text-align: left;\"><a href=\"https:\/\/www.instagram.com\/anaisfaner\/\" target=\"_blank\" rel=\"noopener\">@anaisfaner<\/a><\/p>\n<p>[\/vc_column_text][\/vc_column][vc_column width=&#8221;1\/3&#8243;][vc_empty_space][vc_single_image image=&#8221;2576&#8243; img_size=&#8221;large&#8221; alignment=&#8221;center&#8221; onclick=&#8221;custom_link&#8221; img_link_target=&#8221;_blank&#8221; qode_css_animation=&#8221;&#8221; link=&#8221;https:\/\/paulavicente.hotglue.me&#8221;][\/vc_column][\/vc_row][vc_row row_type=&#8221;row&#8221; use_row_as_full_screen_section=&#8221;no&#8221; type=&#8221;full_width&#8221; text_align=&#8221;left&#8221; background_animation=&#8221;none&#8221; css_animation=&#8221;&#8221; css=&#8221;.vc_custom_1610971949811{padding-top: 20px !important;padding-bottom: 30px !important;}&#8221;][vc_column][vc_empty_space][vc_separator type=&#8221;normal&#8221; border_style=&#8221;&#8221; color=&#8221;#0a0a0a&#8221;][vc_empty_space][\/vc_column][\/vc_row]<\/p>\n<\/div>","protected":false},"excerpt":{"rendered":"<p>[vc_row row_type=&#8221;row&#8221; use_row_as_full_screen_section=&#8221;no&#8221; type=&#8221;full_width&#8221; text_align=&#8221;center&#8221; background_animation=&#8221;none&#8221; css_animation=&#8221;&#8221; css=&#8221;.vc_custom_1610973632409{padding-bottom: 20px !important;}&#8221;][vc_column][vc_empty_space][vc_column_text] ILLES D&#8217;ART 9 [\/vc_column_text][vc_empty_space][\/vc_column][\/vc_row][vc_row row_type=&#8221;row&#8221; use_row_as_full_screen_section=&#8221;no&#8221; type=&#8221;full_width&#8221; text_align=&#8221;center&#8221; background_animation=&#8221;none&#8221; css_animation=&#8221;&#8221; css=&#8221;.vc_custom_1610973632409{padding-bottom: 20px !important;}&#8221;][vc_column][vc_column_text] CECILIA NAVARRO [\/vc_column_text][\/vc_column][\/vc_row][vc_row row_type=&#8221;row&#8221; use_row_as_full_screen_section=&#8221;no&#8221; type=&#8221;full_width&#8221; text_align=&#8221;left&#8221; background_animation=&#8221;none&#8221; css_animation=&#8221;&#8221; css=&#8221;.vc_custom_1610973590515{padding-top: 30px !important;padding-right: 0px !important;padding-bottom: 30px !important;padding-left: 0px !important;}&#8221;][vc_column width=&#8221;2\/3&#8243;][vc_column_text css=&#8221;&#8221;] Nascuda a&#8230;<\/p>\n","protected":false},"author":1,"featured_media":0,"parent":0,"menu_order":0,"comment_status":"closed","ping_status":"closed","template":"","meta":{"footnotes":""},"class_list":["post-2573","page","type-page","status-publish","hentry"],"_links":{"self":[{"href":"https:\/\/casadartistes.esfarcultural.net\/en\/wp-json\/wp\/v2\/pages\/2573","targetHints":{"allow":["GET"]}}],"collection":[{"href":"https:\/\/casadartistes.esfarcultural.net\/en\/wp-json\/wp\/v2\/pages"}],"about":[{"href":"https:\/\/casadartistes.esfarcultural.net\/en\/wp-json\/wp\/v2\/types\/page"}],"author":[{"embeddable":true,"href":"https:\/\/casadartistes.esfarcultural.net\/en\/wp-json\/wp\/v2\/users\/1"}],"replies":[{"embeddable":true,"href":"https:\/\/casadartistes.esfarcultural.net\/en\/wp-json\/wp\/v2\/comments?post=2573"}],"version-history":[{"count":46,"href":"https:\/\/casadartistes.esfarcultural.net\/en\/wp-json\/wp\/v2\/pages\/2573\/revisions"}],"predecessor-version":[{"id":3096,"href":"https:\/\/casadartistes.esfarcultural.net\/en\/wp-json\/wp\/v2\/pages\/2573\/revisions\/3096"}],"wp:attachment":[{"href":"https:\/\/casadartistes.esfarcultural.net\/en\/wp-json\/wp\/v2\/media?parent=2573"}],"curies":[{"name":"wp","href":"https:\/\/api.w.org\/{rel}","templated":true}]}}