{"id":2541,"date":"2023-11-21T08:15:11","date_gmt":"2023-11-21T08:15:11","guid":{"rendered":"https:\/\/casadartistes.esfarcultural.net\/es\/?page_id=2541"},"modified":"2024-06-26T16:51:14","modified_gmt":"2024-06-26T16:51:14","slug":"deslocalitzacions-espai-temps","status":"publish","type":"page","link":"https:\/\/casadartistes.esfarcultural.net\/en\/deslocalitzacions-espai-temps","title":{"rendered":"DESLOCALITZACIONS. ESPAI + TEMPS"},"content":{"rendered":"<div class=\"wpb-content-wrapper\"><p>[vc_row row_type=&#8221;row&#8221; use_row_as_full_screen_section=&#8221;no&#8221; type=&#8221;full_width&#8221; text_align=&#8221;center&#8221; background_animation=&#8221;none&#8221; css_animation=&#8221;&#8221; css=&#8221;.vc_custom_1610973632409{padding-bottom: 20px !important;}&#8221;][vc_column][vc_empty_space][vc_column_text css=&#8221;&#8221;]<\/p>\n<h3 style=\"text-align: left;\"><strong>DESLOCALITZACIONS. ESPAI + TEMPS<\/strong><\/h3>\n<h3 style=\"text-align: left;\"><span style=\"color: #ff0000;\">Artista seleccionat<\/span><\/h3>\n<p>[\/vc_column_text][vc_empty_space][vc_row_inner row_type=&#8221;row&#8221; type=&#8221;full_width&#8221; use_row_as_full_screen_section_slide=&#8221;no&#8221; text_align=&#8221;left&#8221; css_animation=&#8221;&#8221;][vc_column_inner width=&#8221;1\/2&#8243;][vc_empty_space][vc_column_text]<\/p>\n<h5 style=\"text-align: left;\"><span style=\"color: #ea2d2e;\"><b>GARI ARAMBARRI<\/b><\/span><\/h5>\n<p>[\/vc_column_text][vc_empty_space][vc_column_text css=&#8221;&#8221;]<\/p>\n<p style=\"text-align: justify;\">El meu treball parteix de l&#8217;observaci\u00f3 atenta de la realitat i s&#8217;articula a trav\u00e9s de l&#8217;experi\u00e8ncia. M&#8217;interessa com ens relacionem amb els objectes mitjan\u00e7ant formes no verbals, des del llenguatge, l&#8217;espai i la imatge. Busco trobar aquests codis propis a trav\u00e9s de gestos m\u00ednims, des d&#8217;una ergonomia a l&#8217;inrev\u00e9s, per a traduir-les a una posici\u00f3 on treballar-les des de les seves possibilitats materials. Tot aix\u00f2 es reflecteix en peces escult\u00f2riques i audiovisuals on el cos \u00e9s un centre de percepci\u00f3 des del qual desplegar unes q\u00fcestions relacionades amb el pr\u00f2xim, el plaer i l&#8217;experi\u00e8ncia.<\/p>\n<p>&nbsp;<\/p>\n<p style=\"text-align: justify;\">Gari Arambarri (Azkoitia, 1997) \u00e9s artista. S&#8217;ha format en el grau d&#8217;Hist\u00f2ria de l&#8217;Art i en el m\u00e0ster d&#8217;Art contemporani, tecnol\u00f2gic i performatiu, tots dos en la Universitat del Pa\u00eds Basc, i en JAI Institut de Pr\u00e0ctiques Art\u00edstiques, en Tabakalera. Actualment, \u00e9s participant en el programa d&#8217;estudis Articulacions, en l&#8217;IVAM.<\/p>\n<p>&nbsp;<\/p>\n<p style=\"text-align: justify;\">Ha realitzat resid\u00e8ncies i exposat de manera individual i col\u00b7lectiva en diversos espais d&#8217;Espanya i l&#8217;Argentina, com a Fundaci\u00f3 BilbaoArte, Tabakalera, Sala Rekalde, Galeria Gachi Prieto, Centre Cultural Koldo Mitxelena, Sala El Brocense, Acad\u00e8mia de Belles arts de Sabadell, etc. La seva obra tamb\u00e9 ha estat seleccionada i subvencionada gr\u00e0cies a diverses ajudes institucionals i programes de desenvolupament audiovisual.<\/p>\n<p>&nbsp;<\/p>\n<p>&nbsp;<\/p>\n<p style=\"text-align: center;\"><a href=\"https:\/\/www.instagram.com\/gariarambarri\/\" target=\"_blank\" rel=\"noopener\">@gariarambarri<\/a><\/p>\n<p>[\/vc_column_text][\/vc_column_inner][vc_column_inner width=&#8221;1\/2&#8243;][vc_empty_space][vc_single_image image=&#8221;2542&#8243; img_size=&#8221;large&#8221; alignment=&#8221;center&#8221; onclick=&#8221;custom_link&#8221; img_link_target=&#8221;_blank&#8221; qode_css_animation=&#8221;&#8221; link=&#8221;http:\/\/sandrinedeumier.com\/&#8221;][vc_empty_space][vc_single_image image=&#8221;2543&#8243; img_size=&#8221;large&#8221; alignment=&#8221;center&#8221; onclick=&#8221;custom_link&#8221; img_link_target=&#8221;_blank&#8221; qode_css_animation=&#8221;&#8221; link=&#8221;http:\/\/sandrinedeumier.com\/&#8221;][\/vc_column_inner][\/vc_row_inner][\/vc_column][\/vc_row][vc_row row_type=&#8221;row&#8221; use_row_as_full_screen_section=&#8221;no&#8221; type=&#8221;full_width&#8221; text_align=&#8221;left&#8221; background_animation=&#8221;none&#8221; css_animation=&#8221;&#8221; css=&#8221;.vc_custom_1610973590515{padding-top: 30px !important;padding-right: 0px !important;padding-bottom: 30px !important;padding-left: 0px !important;}&#8221;][vc_column][\/vc_column][\/vc_row][vc_row row_type=&#8221;row&#8221; use_row_as_full_screen_section=&#8221;no&#8221; type=&#8221;full_width&#8221; text_align=&#8221;left&#8221; background_animation=&#8221;none&#8221; css_animation=&#8221;&#8221; css=&#8221;.vc_custom_1610971923298{padding-top: 10px !important;padding-bottom: 20px !important;}&#8221;][vc_column][vc_separator type=&#8221;normal&#8221; border_style=&#8221;&#8221; color=&#8221;#0a0a0a&#8221;][\/vc_column][\/vc_row]<\/p>\n<\/div>","protected":false},"excerpt":{"rendered":"<p>[vc_row row_type=&#8221;row&#8221; use_row_as_full_screen_section=&#8221;no&#8221; type=&#8221;full_width&#8221; text_align=&#8221;center&#8221; background_animation=&#8221;none&#8221; css_animation=&#8221;&#8221; css=&#8221;.vc_custom_1610973632409{padding-bottom: 20px !important;}&#8221;][vc_column][vc_empty_space][vc_column_text css=&#8221;&#8221;] DESLOCALITZACIONS. ESPAI + TEMPS Artista seleccionat [\/vc_column_text][vc_empty_space][vc_row_inner row_type=&#8221;row&#8221; type=&#8221;full_width&#8221; use_row_as_full_screen_section_slide=&#8221;no&#8221; text_align=&#8221;left&#8221; css_animation=&#8221;&#8221;][vc_column_inner width=&#8221;1\/2&#8243;][vc_empty_space][vc_column_text] GARI ARAMBARRI [\/vc_column_text][vc_empty_space][vc_column_text css=&#8221;&#8221;] El meu treball parteix de l&#8217;observaci\u00f3 atenta de la realitat i s&#8217;articula a trav\u00e9s de l&#8217;experi\u00e8ncia. M&#8217;interessa&#8230;<\/p>\n","protected":false},"author":1,"featured_media":0,"parent":0,"menu_order":0,"comment_status":"closed","ping_status":"closed","template":"","meta":{"footnotes":""},"class_list":["post-2541","page","type-page","status-publish","hentry"],"_links":{"self":[{"href":"https:\/\/casadartistes.esfarcultural.net\/en\/wp-json\/wp\/v2\/pages\/2541","targetHints":{"allow":["GET"]}}],"collection":[{"href":"https:\/\/casadartistes.esfarcultural.net\/en\/wp-json\/wp\/v2\/pages"}],"about":[{"href":"https:\/\/casadartistes.esfarcultural.net\/en\/wp-json\/wp\/v2\/types\/page"}],"author":[{"embeddable":true,"href":"https:\/\/casadartistes.esfarcultural.net\/en\/wp-json\/wp\/v2\/users\/1"}],"replies":[{"embeddable":true,"href":"https:\/\/casadartistes.esfarcultural.net\/en\/wp-json\/wp\/v2\/comments?post=2541"}],"version-history":[{"count":34,"href":"https:\/\/casadartistes.esfarcultural.net\/en\/wp-json\/wp\/v2\/pages\/2541\/revisions"}],"predecessor-version":[{"id":3095,"href":"https:\/\/casadartistes.esfarcultural.net\/en\/wp-json\/wp\/v2\/pages\/2541\/revisions\/3095"}],"wp:attachment":[{"href":"https:\/\/casadartistes.esfarcultural.net\/en\/wp-json\/wp\/v2\/media?parent=2541"}],"curies":[{"name":"wp","href":"https:\/\/api.w.org\/{rel}","templated":true}]}}