{"id":2483,"date":"2023-09-11T07:18:15","date_gmt":"2023-09-11T07:18:15","guid":{"rendered":"https:\/\/casadartistes.esfarcultural.net\/?page_id=2483"},"modified":"2024-06-26T16:45:04","modified_gmt":"2024-06-26T16:45:04","slug":"creacio-fotografica-f-16","status":"publish","type":"page","link":"https:\/\/casadartistes.esfarcultural.net\/en\/creacio-fotografica-f-16","title":{"rendered":"CREACI\u00d3 FOTOGR\u00c0FICA F\/16"},"content":{"rendered":"<div class=\"wpb-content-wrapper\"><p>[vc_row row_type=&#8221;row&#8221; use_row_as_full_screen_section=&#8221;no&#8221; type=&#8221;full_width&#8221; text_align=&#8221;left&#8221; background_animation=&#8221;none&#8221; css_animation=&#8221;&#8221;][vc_column width=&#8221;1\/4&#8243; css=&#8221;.vc_custom_1694417795589{margin-top: -60px !important;}&#8221;][vc_single_image image=&#8221;2494&#8243; img_size=&#8221;400&#215;400&#8243; qode_css_animation=&#8221;&#8221;][\/vc_column][vc_column width=&#8221;1\/4&#8243;][vc_empty_space][\/vc_column][vc_column width=&#8221;1\/4&#8243;][vc_empty_space][\/vc_column][vc_column width=&#8221;1\/4&#8243;][vc_row_inner row_type=&#8221;row&#8221; type=&#8221;full_width&#8221; use_row_as_full_screen_section_slide=&#8221;no&#8221; text_align=&#8221;left&#8221; css_animation=&#8221;&#8221;][vc_column_inner width=&#8221;1\/2&#8243;][\/vc_column_inner][vc_column_inner width=&#8221;1\/2&#8243;][vc_single_image image=&#8221;2495&#8243; img_size=&#8221;400&#215;400&#8243; qode_css_animation=&#8221;&#8221;][\/vc_column_inner][\/vc_row_inner][\/vc_column][\/vc_row][vc_row row_type=&#8221;row&#8221; use_row_as_full_screen_section=&#8221;no&#8221; type=&#8221;full_width&#8221; text_align=&#8221;left&#8221; background_animation=&#8221;none&#8221; css_animation=&#8221;&#8221;][vc_column][vc_column_text css=&#8221;&#8221;]<\/p>\n<h3><strong>RESID\u00c8NCIA DE CREACI\u00d3 FOTOGR\u00c0FICA<\/strong><\/h3>\n<div class=\"traductor-checkbox form-group\">\n<div class=\"row\">\n<div class=\"col-sm-offset-2 col-sm-5\"><\/div>\n<\/div>\n<\/div>\n<p>[\/vc_column_text][vc_column_text]<\/p>\n<h3><span style=\"color: #ff0000;\">Mar\u00eda Sainz Arandia<\/span><\/h3>\n<p>[\/vc_column_text][vc_empty_space][\/vc_column][\/vc_row][vc_row row_type=&#8221;row&#8221; use_row_as_full_screen_section=&#8221;no&#8221; type=&#8221;full_width&#8221; text_align=&#8221;left&#8221; background_animation=&#8221;none&#8221; css_animation=&#8221;&#8221;][vc_column width=&#8221;2\/3&#8243;][vc_column_text css=&#8221;&#8221;]<\/p>\n<p style=\"text-align: justify;\">Llicenciada en Belles arts per la Universitat Polit\u00e8cnica de Val\u00e8ncia i T\u00e8cnic Superior en\u00a0Fotografia Art\u00edstica per l&#8217;Escola d&#8217;Art i Superior de Disseny, ha completat la seva formaci\u00f3 en\u00a0nombrosos cursos i tallers amb professionals de prestigi com Rob Hornstra, Alessandra\u00a0Sanguinetti o David Jim\u00e9nez, entre altres.\u00a0El seu treball ha estat reconegut en diverses convocat\u00f2ries entre les quals destaquen la beca\u00a0Cultura Resident de Recerca i Producci\u00f3 Art\u00edstica del Consorci de Museus de la Comunitat\u00a0Valenciana, el programa de creaci\u00f3 Cidades na cidade organitzat per CI.CLOPlataforma de\u00a0Fotografia i PhotoEspa\u00f1a, les Ajudes SOS Art i Cultura de VEGAP, i la Beca d&#8217;Ajudes a la Creaci\u00f3\u00a0en Arts Pl\u00e0stiques i Fotografia del Govern de Navarra; i s&#8217;ha mostrat, en format expositiu i\u00a0audiovisual, en l&#8217;estat espanyol, Portugal i els EUA.<\/p>\n<p style=\"text-align: justify;\">Des de 2007 ha treballat en diferents \u00e0mbits de la fotografia, va ser s\u00f2cia fundadora del col\u00b7lectiu\u00a0i escola de fotografia efedePhoto, i de la revista de fotografia contempor\u00e0nia VA!, de la qual \u00e9s\u00a0coordinadora i coeditora. Interessada a utilitzar la imatge com a motor de canvi, ha desenvolupat\u00a0projectes art\u00edstics en centres educatius gr\u00e0cies a la convocat\u00f2ria Resist\u00e8ncies Art\u00edstiques, i de\u00a0fotografia participativa amb col\u00b7lectius en risc d&#8217;exclusi\u00f3 social, en col\u00b7laboraci\u00f3 amb entitats com\u00a0la Fundaci\u00f3 CEPAIM o el CREAP(Centre de Refer\u00e8ncia Estatal d&#8217;Atenci\u00f3 Psicosocial) de Val\u00e8ncia.\u00a0Actualment compagina el seu treball com a fot\u00f2grafa, docent i gestora cultural aut\u00f2noma, amb la\u00a0realitzaci\u00f3 de projectes personals centrats principalment a explorar a trav\u00e9s de la imatge les\u00a0relacions entre l&#8217;\u00e9sser hum\u00e0 i el seu entorn, sobre temes relacionats amb turisme, migraci\u00f3 i\u00a0territori.<\/p>\n<p>[\/vc_column_text][vc_empty_space height=&#8221;10px&#8221;][vc_empty_space height=&#8221;10px&#8221;][vc_column_text css=&#8221;&#8221;]<\/p>\n<p style=\"text-align: justify;\">La fotografia ha significat des que la vaig descobrir, una coartada per a la meva vida. Una aliada\u00a0per a explorar a trav\u00e9s d&#8217;ella la relaci\u00f3 de l&#8217;\u00e9sser hum\u00e0 amb el nostre entorn des de m\u00faltiples\u00a0perspectives.\u00a0En constant evoluci\u00f3, el meu treball actual tracta d&#8217;abordar territoris, entesos aquests no sols\u00a0com a espais geogr\u00e0fics, on existeix una tensi\u00f3. Turisme i migraci\u00f3, el natural i l&#8217;urb\u00e0, realitat i\u00a0ficci\u00f3. Binomis que generen preguntes i que em serveixen com a detonants per a la reflexi\u00f3 cr\u00edtica\u00a0de temes que em preocupen.<\/p>\n<p style=\"text-align: justify;\">Per aix\u00f2, i partint de la imatge com a base del meu treball, utilitzo diverses estrat\u00e8gies que varien\u00a0en funci\u00f3 dels projectes. Donant import\u00e0ncia a la flu\u00efdesa del proc\u00e9s creatiu, intento continuar\u00a0experimentant i aprenent amb cadascun d&#8217;ells.<\/p>\n<p>[\/vc_column_text][vc_empty_space height=&#8221;20px&#8221;][vc_single_image image=&#8221;2485&#8243; img_size=&#8221;large&#8221; alignment=&#8221;center&#8221; qode_css_animation=&#8221;&#8221;][\/vc_column][vc_column width=&#8221;1\/3&#8243;][vc_single_image image=&#8221;2484&#8243; img_size=&#8221;large&#8221; alignment=&#8221;center&#8221; qode_css_animation=&#8221;&#8221;][vc_empty_space height=&#8221;20px&#8221;][vc_column_text]<\/p>\n<p style=\"text-align: center;\"><a href=\"http:\/\/www.mariasainzarandia.com\">mariasainzarandia.com<\/a><\/p>\n<p style=\"text-align: center;\"><a href=\"https:\/\/www.instagram.com\/maria.sainzarandia\/\">@maria.sainzarandia<\/a><\/p>\n<p>[\/vc_column_text][\/vc_column][\/vc_row]<\/p>\n<\/div>","protected":false},"excerpt":{"rendered":"<p>[vc_row row_type=&#8221;row&#8221; use_row_as_full_screen_section=&#8221;no&#8221; type=&#8221;full_width&#8221; text_align=&#8221;left&#8221; background_animation=&#8221;none&#8221; css_animation=&#8221;&#8221;][vc_column width=&#8221;1\/4&#8243; css=&#8221;.vc_custom_1694417795589{margin-top: -60px !important;}&#8221;][vc_single_image image=&#8221;2494&#8243; img_size=&#8221;400&#215;400&#8243; qode_css_animation=&#8221;&#8221;][\/vc_column][vc_column width=&#8221;1\/4&#8243;][vc_empty_space][\/vc_column][vc_column width=&#8221;1\/4&#8243;][vc_empty_space][\/vc_column][vc_column width=&#8221;1\/4&#8243;][vc_row_inner row_type=&#8221;row&#8221; type=&#8221;full_width&#8221; use_row_as_full_screen_section_slide=&#8221;no&#8221; text_align=&#8221;left&#8221; css_animation=&#8221;&#8221;][vc_column_inner width=&#8221;1\/2&#8243;][\/vc_column_inner][vc_column_inner width=&#8221;1\/2&#8243;][vc_single_image image=&#8221;2495&#8243; img_size=&#8221;400&#215;400&#8243; qode_css_animation=&#8221;&#8221;][\/vc_column_inner][\/vc_row_inner][\/vc_column][\/vc_row][vc_row row_type=&#8221;row&#8221; use_row_as_full_screen_section=&#8221;no&#8221; type=&#8221;full_width&#8221; text_align=&#8221;left&#8221; background_animation=&#8221;none&#8221; css_animation=&#8221;&#8221;][vc_column][vc_column_text css=&#8221;&#8221;] RESID\u00c8NCIA DE CREACI\u00d3 FOTOGR\u00c0FICA [\/vc_column_text][vc_column_text] Mar\u00eda Sainz Arandia [\/vc_column_text][vc_empty_space][\/vc_column][\/vc_row][vc_row row_type=&#8221;row&#8221; use_row_as_full_screen_section=&#8221;no&#8221;&#8230;<\/p>\n","protected":false},"author":1,"featured_media":0,"parent":0,"menu_order":0,"comment_status":"closed","ping_status":"closed","template":"","meta":{"footnotes":""},"class_list":["post-2483","page","type-page","status-publish","hentry"],"_links":{"self":[{"href":"https:\/\/casadartistes.esfarcultural.net\/en\/wp-json\/wp\/v2\/pages\/2483","targetHints":{"allow":["GET"]}}],"collection":[{"href":"https:\/\/casadartistes.esfarcultural.net\/en\/wp-json\/wp\/v2\/pages"}],"about":[{"href":"https:\/\/casadartistes.esfarcultural.net\/en\/wp-json\/wp\/v2\/types\/page"}],"author":[{"embeddable":true,"href":"https:\/\/casadartistes.esfarcultural.net\/en\/wp-json\/wp\/v2\/users\/1"}],"replies":[{"embeddable":true,"href":"https:\/\/casadartistes.esfarcultural.net\/en\/wp-json\/wp\/v2\/comments?post=2483"}],"version-history":[{"count":30,"href":"https:\/\/casadartistes.esfarcultural.net\/en\/wp-json\/wp\/v2\/pages\/2483\/revisions"}],"predecessor-version":[{"id":2491,"href":"https:\/\/casadartistes.esfarcultural.net\/en\/wp-json\/wp\/v2\/pages\/2483\/revisions\/2491"}],"wp:attachment":[{"href":"https:\/\/casadartistes.esfarcultural.net\/en\/wp-json\/wp\/v2\/media?parent=2483"}],"curies":[{"name":"wp","href":"https:\/\/api.w.org\/{rel}","templated":true}]}}