{"id":2424,"date":"2023-08-22T07:25:46","date_gmt":"2023-08-22T07:25:46","guid":{"rendered":"https:\/\/casadartistes.esfarcultural.net\/?page_id=2424"},"modified":"2024-06-26T16:54:49","modified_gmt":"2024-06-26T16:54:49","slug":"lucia-lerendegui","status":"publish","type":"page","link":"https:\/\/casadartistes.esfarcultural.net\/en\/lucia-lerendegui","title":{"rendered":"LUCIA LERENDEGUI"},"content":{"rendered":"<div class=\"wpb-content-wrapper\"><p>[vc_row row_type=&#8221;row&#8221; use_row_as_full_screen_section=&#8221;no&#8221; type=&#8221;full_width&#8221; text_align=&#8221;center&#8221; background_animation=&#8221;none&#8221; css_animation=&#8221;&#8221; css=&#8221;.vc_custom_1610973632409{padding-bottom: 20px !important;}&#8221;][vc_column][vc_column_text]<\/p>\n<h5 style=\"text-align: left;\"><span style=\"color: #ea2d2e;\"><b>LUCIA LERENDEGUI<\/b><\/span><\/h5>\n<p>[\/vc_column_text][\/vc_column][\/vc_row][vc_row row_type=&#8221;row&#8221; use_row_as_full_screen_section=&#8221;no&#8221; type=&#8221;full_width&#8221; text_align=&#8221;left&#8221; background_animation=&#8221;none&#8221; css_animation=&#8221;&#8221; css=&#8221;.vc_custom_1610973590515{padding-top: 30px !important;padding-right: 0px !important;padding-bottom: 30px !important;padding-left: 0px !important;}&#8221;][vc_column width=&#8221;2\/3&#8243;][vc_column_text css=&#8221;&#8221;]<\/p>\n<p style=\"text-align: justify;\">Actriu, performer, ballarina i creadora en arts esc\u00e8niques.<\/p>\n<p>&nbsp;<\/p>\n<p style=\"text-align: justify;\">Nascuda a Buenos Aires i\u00a0resident a Barcelona. Llicenciada en Actuaci\u00f3 per l&#8217;Escola d&#8217;Art Dram\u00e0tic\u00a0de Buenos Aires. Combina la creaci\u00f3 esc\u00e8nica amb la doc\u00e8ncia i el disseny de projectes d&#8217;art i educaci\u00f3. \u00c9s docent de teatre en el Liceu Franc\u00e8s de Barcelona i membre de Artistespedagogs, col\u00b7lectiu de professionals dedicats a l&#8217;educaci\u00f3 a trav\u00e9s de l&#8217;art.<\/p>\n<p>&nbsp;<\/p>\n<p style=\"text-align: justify;\">Ha creat i interpretat espectacles com Un altredia div\u00ed (Festival Grec 2020 i 2021) i ha estat fundadora de la Companyia At\u00edpica Randagia amb seu a Brussel\u00b7les, amb la qual ha presentat creacions com Ilde (GC De Kirekelaar), Orage en la mineur (Ajuntament de Schaarbeek, CICUS Sevilla) i KEEP RIGHT (Uzinne, Brussel\u00b7les) una reflexi\u00f3 sobre l&#8217;univers urb\u00e0, el ritme i les contradiccions de la ciutat.<\/p>\n<p>&nbsp;<\/p>\n<p style=\"text-align: justify;\">Desenvolupa el seu treball en diverses lleng\u00fces i treballa en projectes que combinen dansa, m\u00fasica i teatre.<\/p>\n<p>&nbsp;<\/p>\n<p>&nbsp;<\/p>\n<p style=\"text-align: justify;\"><a href=\"https:\/\/lucialerendeguicom.wordpress.com\" target=\"_blank\" rel=\"noopener\">https:\/\/lucialerendeguicom.com<\/a><\/p>\n<p>[\/vc_column_text][\/vc_column][vc_column width=&#8221;1\/3&#8243;][vc_single_image image=&#8221;2426&#8243; img_size=&#8221;large&#8221; alignment=&#8221;center&#8221; onclick=&#8221;custom_link&#8221; img_link_target=&#8221;_blank&#8221; qode_css_animation=&#8221;&#8221; link=&#8221;http:\/\/sandrinedeumier.com\/&#8221;][vc_empty_space][vc_single_image image=&#8221;2425&#8243; img_size=&#8221;large&#8221; alignment=&#8221;center&#8221; onclick=&#8221;custom_link&#8221; img_link_target=&#8221;_blank&#8221; qode_css_animation=&#8221;&#8221; link=&#8221;http:\/\/sandrinedeumier.com\/&#8221;][\/vc_column][\/vc_row][vc_row row_type=&#8221;row&#8221; use_row_as_full_screen_section=&#8221;no&#8221; type=&#8221;full_width&#8221; text_align=&#8221;left&#8221; background_animation=&#8221;none&#8221; css_animation=&#8221;&#8221; css=&#8221;.vc_custom_1610971923298{padding-top: 10px !important;padding-bottom: 20px !important;}&#8221;][vc_column][vc_separator type=&#8221;normal&#8221; border_style=&#8221;&#8221; color=&#8221;#0a0a0a&#8221;][\/vc_column][\/vc_row]<\/p>\n<\/div>","protected":false},"excerpt":{"rendered":"<p>[vc_row row_type=&#8221;row&#8221; use_row_as_full_screen_section=&#8221;no&#8221; type=&#8221;full_width&#8221; text_align=&#8221;center&#8221; background_animation=&#8221;none&#8221; css_animation=&#8221;&#8221; css=&#8221;.vc_custom_1610973632409{padding-bottom: 20px !important;}&#8221;][vc_column][vc_column_text] LUCIA LERENDEGUI [\/vc_column_text][\/vc_column][\/vc_row][vc_row row_type=&#8221;row&#8221; use_row_as_full_screen_section=&#8221;no&#8221; type=&#8221;full_width&#8221; text_align=&#8221;left&#8221; background_animation=&#8221;none&#8221; css_animation=&#8221;&#8221; css=&#8221;.vc_custom_1610973590515{padding-top: 30px !important;padding-right: 0px !important;padding-bottom: 30px !important;padding-left: 0px !important;}&#8221;][vc_column width=&#8221;2\/3&#8243;][vc_column_text css=&#8221;&#8221;] Actriu, performer, ballarina i creadora en arts esc\u00e8niques. &nbsp; Nascuda a Buenos Aires i\u00a0resident a&#8230;<\/p>\n","protected":false},"author":1,"featured_media":0,"parent":0,"menu_order":0,"comment_status":"closed","ping_status":"closed","template":"","meta":{"footnotes":""},"class_list":["post-2424","page","type-page","status-publish","hentry"],"_links":{"self":[{"href":"https:\/\/casadartistes.esfarcultural.net\/en\/wp-json\/wp\/v2\/pages\/2424","targetHints":{"allow":["GET"]}}],"collection":[{"href":"https:\/\/casadartistes.esfarcultural.net\/en\/wp-json\/wp\/v2\/pages"}],"about":[{"href":"https:\/\/casadartistes.esfarcultural.net\/en\/wp-json\/wp\/v2\/types\/page"}],"author":[{"embeddable":true,"href":"https:\/\/casadartistes.esfarcultural.net\/en\/wp-json\/wp\/v2\/users\/1"}],"replies":[{"embeddable":true,"href":"https:\/\/casadartistes.esfarcultural.net\/en\/wp-json\/wp\/v2\/comments?post=2424"}],"version-history":[{"count":10,"href":"https:\/\/casadartistes.esfarcultural.net\/en\/wp-json\/wp\/v2\/pages\/2424\/revisions"}],"predecessor-version":[{"id":3097,"href":"https:\/\/casadartistes.esfarcultural.net\/en\/wp-json\/wp\/v2\/pages\/2424\/revisions\/3097"}],"wp:attachment":[{"href":"https:\/\/casadartistes.esfarcultural.net\/en\/wp-json\/wp\/v2\/media?parent=2424"}],"curies":[{"name":"wp","href":"https:\/\/api.w.org\/{rel}","templated":true}]}}