{"id":2107,"date":"2023-04-25T11:18:15","date_gmt":"2023-04-25T11:18:15","guid":{"rendered":"https:\/\/casadartistes.esfarcultural.net\/?page_id=2107"},"modified":"2025-03-19T10:12:26","modified_gmt":"2025-03-19T10:12:26","slug":"iii-jornades-de-performance","status":"publish","type":"page","link":"https:\/\/casadartistes.esfarcultural.net\/en\/iii-jornades-de-performance","title":{"rendered":"III JORNADES DE PERFORMANCE"},"content":{"rendered":"<div class=\"wpb-content-wrapper\"><p>[vc_row row_type=&#8221;row&#8221; use_row_as_full_screen_section=&#8221;no&#8221; type=&#8221;full_width&#8221; text_align=&#8221;left&#8221; background_animation=&#8221;none&#8221; css_animation=&#8221;&#8221;][vc_column][vc_column_text]<\/p>\n<h2 style=\"text-align: center;\"><strong>III JORNADES DE PERFORMANCE<\/strong><\/h2>\n<p>[\/vc_column_text][vc_empty_space height=&#8221;30px&#8221;][vc_column_text]<\/p>\n<p style=\"text-align: center; font-size: 22px;\"><span style=\"color: #000000;\"><strong>MENORCA \u00b7 5 > 13 DE MAIG 2023<\/strong><\/span><\/p>\n<p>[\/vc_column_text][vc_empty_space height=&#8221;30px&#8221;][\/vc_column][\/vc_row][vc_row row_type=&#8221;row&#8221; use_row_as_full_screen_section=&#8221;no&#8221; type=&#8221;full_width&#8221; text_align=&#8221;left&#8221; background_animation=&#8221;none&#8221; css_animation=&#8221;&#8221; css=&#8221;.vc_custom_1682527332215{background-color: #ddd9bc !important;}&#8221;][vc_column width=&#8221;1\/4&#8243;][vc_empty_space height=&#8221;20px&#8221;][vc_column_text]<\/p>\n<p style=\"font-size: 22px;\">PERFORMANCE<\/p>\n<p>[\/vc_column_text][vc_column_text]<\/p>\n<p style=\"font-size: 22px;\">CONCERT<\/p>\n<p>[\/vc_column_text][vc_column_text]<\/p>\n<p style=\"font-size: 22px;\">FORMACI\u00d3<\/p>\n<p>[\/vc_column_text][vc_column_text]<\/p>\n<p style=\"font-size: 22px;\">MOSTRA<\/p>\n<p>[\/vc_column_text][vc_empty_space height=&#8221;20px&#8221;][\/vc_column][vc_column width=&#8221;3\/4&#8243;][vc_empty_space height=&#8221;20px&#8221;][vc_column_text]<\/p>\n<p style=\"font-size: 22px;\"><strong>Lorena Izquierdo \u00b7 <\/strong>5 maig, 20 h. Castell de Sant Antoni (Fornells)<\/p>\n<p>[\/vc_column_text][vc_column_text]<\/p>\n<p style=\"font-size: 22px;\"><strong>N\u00e9fur \u00b7 <\/strong>5 maig, 21 h. Teatre de Fornells<\/p>\n<p>[\/vc_column_text][vc_column_text]<\/p>\n<p style=\"font-size: 22px;\"><strong>Lorena Izquierdo \u00b7<\/strong> 6 maig, 10-14 h. Casa d&#8217;Artistes<\/p>\n<p>[\/vc_column_text][vc_column_text]<\/p>\n<p style=\"font-size: 22px;\"><strong>Waiwen i Neus Masd\u00e9u \u00b7 <\/strong>13 maig, 19 h. Casa d&#8217;Artistes<\/p>\n<p>[\/vc_column_text][vc_empty_space height=&#8221;20px&#8221;][\/vc_column][\/vc_row][vc_row row_type=&#8221;row&#8221; use_row_as_full_screen_section=&#8221;no&#8221; type=&#8221;full_width&#8221; text_align=&#8221;left&#8221; background_animation=&#8221;none&#8221; css_animation=&#8221;&#8221;][vc_column][vc_empty_space height=&#8221;50px&#8221;][vc_column_text]<\/p>\n<p style=\"font-size: 22px; text-align: center;\"><strong>PROGRAMA D&#8217;ACTIVITATS<\/strong><\/p>\n<p>[\/vc_column_text][vc_empty_space height=&#8221;50px&#8221;][vc_separator type=&#8221;normal&#8221; border_style=&#8221;&#8221;][\/vc_column][\/vc_row][vc_row row_type=&#8221;row&#8221; use_row_as_full_screen_section=&#8221;no&#8221; type=&#8221;full_width&#8221; text_align=&#8221;left&#8221; background_animation=&#8221;none&#8221; css_animation=&#8221;&#8221;][vc_column width=&#8221;2\/3&#8243;][vc_empty_space height=&#8221;50px&#8221;][vc_column_text]<\/p>\n<p style=\"font-size: 22px;\"><strong>DIVENDRES 5 DE MAIG \u00b7 FORNELLS (Menorca)<\/strong><\/p>\n<p>[\/vc_column_text][vc_empty_space][vc_column_text]<\/p>\n<p style=\"font-size: 22px;\"><strong>20 h \u00b7 <\/strong><em>OSSOS I FLOR<\/em>, AMB LORENA IZQUIERDO<\/p>\n<p>[\/vc_column_text][vc_empty_space height=&#8221;22px&#8221;][vc_column_text]<b>PERFORMANCE<\/b><\/p>\n<p>&nbsp;<\/p>\n<p style=\"text-align: justify;\">Com s&#8217;articula una paradoxa sonorament i visualment? Com s&#8217;experimenta l&#8217;espai de noves maneres, s\u2019hi dona noves formes, es reinterpreta i amplia? Podem experimentar i superar els l\u00edmits entre objecte, cos, so i els seus intervals?<\/p>\n<p style=\"text-align: justify;\">En aquesta acci\u00f3, el p\u00fablic i la <i>performer<\/i> es troben en una relaci\u00f3 inusual amb el so i el context, cosa que permet una percepci\u00f3 expandida per trobar nous i estimulants llocs i idees per a la imaginaci\u00f3.<\/p>\n<p>&nbsp;<\/p>\n<p>&nbsp;<\/p>\n<p><b>Espai:\u00a0<\/b>Castell de Fornells<\/p>\n<p><strong>Activitat gratu\u00efta<\/strong>[\/vc_column_text][\/vc_column][vc_column width=&#8221;1\/3&#8243;][vc_empty_space height=&#8221;40px&#8221;][vc_single_image image=&#8221;2176&#8243; img_size=&#8221;large&#8221; qode_css_animation=&#8221;&#8221;][vc_empty_space height=&#8221;20px&#8221;][vc_column_text]Foto: Lorena Izquierdo[\/vc_column_text][\/vc_column][\/vc_row][vc_row row_type=&#8221;row&#8221; use_row_as_full_screen_section=&#8221;no&#8221; type=&#8221;full_width&#8221; text_align=&#8221;left&#8221; background_animation=&#8221;none&#8221; css_animation=&#8221;&#8221;][vc_column][vc_empty_space][vc_empty_space][\/vc_column][\/vc_row][vc_row row_type=&#8221;row&#8221; use_row_as_full_screen_section=&#8221;no&#8221; type=&#8221;full_width&#8221; text_align=&#8221;left&#8221; background_animation=&#8221;none&#8221; css_animation=&#8221;&#8221;][vc_column width=&#8221;2\/3&#8243;][vc_column_text]<\/p>\n<p style=\"font-size: 22px;\"><strong>21 h \u00b7 <\/strong><em>VULGIA<\/em>, AMB N\u00c9FUR<\/p>\n<p>[\/vc_column_text][vc_empty_space height=&#8221;22px&#8221;][vc_column_text]<b><strong>CONCERT PERFORMATIU<\/strong><\/b><\/p>\n<p>&nbsp;<\/p>\n<p style=\"text-align: justify;\"><i>Vulgia <\/i>{vulnerable salvatgia}, de <a href=\"https:\/\/lauraguarch.com\/\">N\u00e9fur<\/a>, \u00e9s una composici\u00f3 feta \u00fanicament a partir d&#8217;enregistraments sonors de la natura i veu. La veu humana interactua com una veu m\u00e9s del paisatge de les zones humides de Menorca i es comunica amb ocells, aus aqu\u00e0tiques, amfibis i insectes en un viatge ser\u00e8 i transcendent. <b><i>Vulgia<\/i><\/b> fa refer\u00e8ncia als petits \u00e9ssers que amb un pes de nom\u00e9s 8 grams travessen continents cada primavera.<\/p>\n<p>N\u00e9fur \u00e9s el nom art\u00edstic de Laura Guarch, cantant, compositora<i> <\/i>i<i> performer<\/i> d&#8217;Ulldecona. Kr\u00ebodylia \u00e9s el seu debut com a compositora. Tamb\u00e9 ha publicat dos singles <i>Fleeting Light<\/i> i <i>N\u00e0ufrags <\/i>i ha presentat projectes de <i>performance site-specific, <\/i>rutes participatives i instal\u00b7lacions sonores a diversos festivals.<\/p>\n<p>&nbsp;<\/p>\n<p>&nbsp;<\/p>\n<p><b>Espai:\u00a0<\/b>Teatre de Fornells<\/p>\n<p><strong>Activitat gratu\u00efta<\/strong>[\/vc_column_text][\/vc_column][vc_column width=&#8221;1\/3&#8243;][vc_single_image image=&#8221;2177&#8243; img_size=&#8221;large&#8221; qode_css_animation=&#8221;&#8221;][vc_empty_space height=&#8221;20px&#8221;][vc_column_text]Foto: Silvia Poch[\/vc_column_text][vc_empty_space height=&#8221;20px&#8221;][\/vc_column][\/vc_row][vc_row row_type=&#8221;row&#8221; use_row_as_full_screen_section=&#8221;no&#8221; type=&#8221;full_width&#8221; text_align=&#8221;left&#8221; background_animation=&#8221;none&#8221; css_animation=&#8221;&#8221;][vc_column][vc_empty_space][vc_empty_space][\/vc_column][\/vc_row][vc_row row_type=&#8221;row&#8221; use_row_as_full_screen_section=&#8221;no&#8221; type=&#8221;full_width&#8221; text_align=&#8221;left&#8221; background_animation=&#8221;none&#8221; css_animation=&#8221;&#8221;][vc_column width=&#8221;2\/3&#8243;][vc_column_text]<\/p>\n<p style=\"font-size: 22px;\"><strong>DISSABTE 13 DE MAIG \u00b7 CASA D&#8217;ARTISTES (Es Mercadal)<\/strong><\/p>\n<p>[\/vc_column_text][vc_empty_space][vc_column_text]<\/p>\n<p style=\"font-size: 22px;\"><strong>19 h \u00b7 <\/strong><em>MOSTRA DE PERFORMANCES<\/em>, AMB WAI WEN VIENTO DEL SUR I NEUS MASDEU<\/p>\n<p>[\/vc_column_text][vc_empty_space height=&#8221;22px&#8221;][vc_column_text]<b><strong>MOSTRA DE PERFORMANCES D&#8217;ARTISTES EN RESID\u00c8NCIA<\/strong><\/b><\/p>\n<p>&nbsp;<\/p>\n<p lang=\"ca-ES\" align=\"JUSTIFY\">El col\u00b7lectiu Waiwen Viento del Sur i l&#8217;artista Neus Masdeu han participat en la primera resid\u00e8ncia de formaci\u00f3 i creaci\u00f3 de les III Jornades de Performance. En aquesta mostra de performances, les artistes presentaran els treballs, acabats o en proc\u00e9s, que hagin estat treballant a Casa d&#8217;Artistes (es Mercadal) entre el 4 i el 15 de maig de 2023. Posteriorment es far\u00e0 un col\u00b7loqui.<\/p>\n<p lang=\"ca-ES\" align=\"LEFT\"><span style=\"font-family: Arial, sans-serif;\"><span style=\"font-size: small;\"><b>Espai <\/b>Casa d&#8217;Artistes (Es Mercadal)<\/span><\/span><\/p>\n<p lang=\"ca-ES\" align=\"LEFT\"><span style=\"font-family: Arial, sans-serif;\"><span style=\"font-size: small;\"><strong>Activitat gratu\u00efta<\/strong> amb inscripci\u00f3 pr\u00e8via.\u00a0<\/span><\/span><\/p>\n<p>[\/vc_column_text][vc_empty_space]<a href=\"https:\/\/forms.gle\/A52BXRYcAnPBnZiB7\" target=\"_blank\"  class=\"qbutton \" style=\"\">INSCRIPCI\u00d3<\/a>[\/vc_column][vc_column width=&#8221;1\/3&#8243;][vc_single_image image=&#8221;2179&#8243; img_size=&#8221;large&#8221; qode_css_animation=&#8221;&#8221;][vc_empty_space height=&#8221;20px&#8221;][vc_column_text]Foto: Wai Wen Viento del Sur[\/vc_column_text][\/vc_column][\/vc_row][vc_row row_type=&#8221;row&#8221; use_row_as_full_screen_section=&#8221;no&#8221; type=&#8221;full_width&#8221; text_align=&#8221;left&#8221; background_animation=&#8221;none&#8221; css_animation=&#8221;&#8221;][vc_column][vc_empty_space][vc_separator type=&#8221;normal&#8221; border_style=&#8221;&#8221;][vc_empty_space][\/vc_column][\/vc_row][vc_row row_type=&#8221;row&#8221; use_row_as_full_screen_section=&#8221;no&#8221; type=&#8221;full_width&#8221; text_align=&#8221;left&#8221; background_animation=&#8221;none&#8221; css_animation=&#8221;&#8221;][vc_column][vc_column_text]<\/p>\n<h4 style=\"font-size: 25px; text-align: center;\"><strong>FORMACI\u00d3 DE PERFORMANCE<\/strong><\/h4>\n<p>[\/vc_column_text][vc_empty_space height=&#8221;50px&#8221;][\/vc_column][\/vc_row][vc_row row_type=&#8221;row&#8221; use_row_as_full_screen_section=&#8221;no&#8221; type=&#8221;full_width&#8221; text_align=&#8221;left&#8221; background_animation=&#8221;none&#8221; css_animation=&#8221;&#8221;][vc_column width=&#8221;2\/3&#8243;][vc_column_text]<\/p>\n<p style=\"font-size: 22px; text-align: left;\"><strong>DISSABTE 6 DE MAIG \u00b7 CASA D&#8217;ARTISTES (Es Mercadal)<\/strong><\/p>\n<p>[\/vc_column_text][vc_empty_space height=&#8221;22px&#8221;][vc_column_text]<\/p>\n<h3><i>LA VEU COM A MAT\u00c8RIA SONORA I PERFORMATIVA<\/i><\/h3>\n<p>[\/vc_column_text][vc_empty_space height=&#8221;22px&#8221;][vc_column_text]<\/p>\n<h4><strong>10 h a 14 h \u00b7 T<\/strong><b>ALLER AMB LORENA IZQUIERDO<\/b><\/h4>\n<p>[\/vc_column_text][vc_empty_space height=&#8221;22px&#8221;][vc_column_text]<\/p>\n<p style=\"text-align: justify;\">Taller d&#8217;experimentaci\u00f3, improvisaci\u00f3 i creaci\u00f3 col\u00b7lectiva\u00a0a partir del di\u00e0leg entre la veu i l&#8217;art de la performance. Es donaran eines per desenvolupar activacions (accions performatives) tant individuals com col\u00b7lectives, basades en exercicis d\u2019escolta i d&#8217;exploraci\u00f3 de la veu com a mat\u00e8ria sonora en relaci\u00f3 amb el gest i l&#8217;acci\u00f3. S&#8217;habitaran les paradoxes, transitant pel crit, l&#8217;exageraci\u00f3, la contenci\u00f3 i tamb\u00e9 el que \u00e9s invisible. L&#8217;espai de treball ser\u00e0 el medi en el qual, des de la intu\u00efci\u00f3 i el joc amb els l\u00edmits, aprendrem a fer us del temps i el so en la creaci\u00f3 en viu.<\/p>\n<p>&nbsp;<\/p>\n<p style=\"text-align: justify;\"><b>Objectius<\/b><\/p>\n<ul>\n<li>Aprendre a emprar la veu pr\u00f2pia des d&#8217;un punt de vista pl\u00e0stic i performatiu.<\/li>\n<li>Fer servir l&#8217;escolta com mode de percepci\u00f3 en el qual s&#8217;uneixen la veu, l&#8217;espai, el temps i l&#8217;acci\u00f3.<\/li>\n<li>Con\u00e8ixer eines d&#8217;improvisaci\u00f3 individual i col\u00b7lectiva.<\/li>\n<\/ul>\n<p>&nbsp;<\/p>\n<p style=\"text-align: justify;\"><b>Destinataris<\/b><\/p>\n<ul>\n<li>Qualsevol persona interessada en l&#8217;\u00fas de la veu lligada a l&#8217;acci\u00f3.<\/li>\n<li>Artistes de totes les disciplines art\u00edstiques.<\/li>\n<\/ul>\n<p>&nbsp;<\/p>\n<p style=\"text-align: justify;\"><b>Necessitats a aportar pels participants:<\/b><\/p>\n<ul>\n<li>Es poden dur materials o objectes amb els quals es vulguin treballar: instruments, poesies, escrits, etc.<\/li>\n<\/ul>\n<p>&nbsp;<\/p>\n<p style=\"text-align: justify;\"><b>Com puc inscriure&#8217;m?<\/b><\/p>\n<ul>\n<li><span lang=\"ca-ES\"><span style=\"font-family: arial, sans-serif;\">Escriu una\u00a0<b>carta de motivaci\u00f3<\/b>\u00a0en la qual expliquis l&#8217;inter\u00e8s en el taller i\/o l&#8217;experi\u00e8ncia en l&#8217;\u00e0mbit de la performance (150 paraules com a m\u00e0xim, en catal\u00e0 o castell\u00e0).<\/span><\/span><\/li>\n<li><span lang=\"ca-ES\"><span style=\"font-family: arial, sans-serif;\">Omple el <b>formulari<\/b>\u00a0amb les teves dades i\u00a0<b>copia el text de la carta a l&#8217;apartat corresponent<\/b>\u00a0<\/span><\/span><\/li>\n<li><span lang=\"ca-ES\"><span style=\"font-family: arial, sans-serif;\">Termini per inscriure&#8217;t:\u00a0<span style=\"color: #ff0000;\"><b>3 de maig<\/b><\/span><\/span><\/span><\/li>\n<li><span style=\"font-family: arial, sans-serif;\"><span lang=\"ca-ES\"><b>Confirmaci\u00f3 de pla\u00e7a: <\/b>entre el 4 a la tarda i el 5 al mat\u00ed.<\/span><\/span><\/li>\n<\/ul>\n<p>&nbsp;<\/p>\n<p style=\"text-align: justify;\"><b>Espai:\u00a0<\/b>Casa d&#8217;Artistes (Es Mercadal)<\/p>\n<p style=\"text-align: justify;\"><b>Activitat gratu\u00efta<\/b> amb places limitades (5-6 places amb carta de motivaci\u00f3)<\/p>\n<p>[\/vc_column_text][vc_empty_space][vc_empty_space]<a href=\"https:\/\/forms.gle\/WfvkwKLemwdcGSzA7\" target=\"_blank\"  class=\"qbutton \" style=\"\">INSCRIPCI\u00d3<\/a>[\/vc_column][vc_column width=&#8221;1\/3&#8243;][vc_single_image image=&#8221;2173&#8243; img_size=&#8221;large&#8221; qode_css_animation=&#8221;&#8221;][vc_column_text]Foto: Lorena Izquierdo[\/vc_column_text][vc_empty_space height=&#8221;20px&#8221;][vc_column_text]<\/p>\n<p style=\"text-align: justify;\"><a href=\"https:\/\/lorenaizquierdo.net\/\">Lorena Izquierdo<\/a> \u00e9s accionista, vocalista i poeta valenciana. Llicenciada en Hist\u00f2ria de l&#8217;Art i Filosofia i m\u00e0ster en Pr\u00e0ctiques Art\u00edstiques a Belles Arts en l&#8217;especialitat de performance art. Va estudiar violoncel i es va formar en dansa <i>butoh<\/i> i improvisaci\u00f3. En les seves peces, explora diversos conceptes a trav\u00e9s del cos, la veu, la poesia, l&#8217;espai, el temps i la relaci\u00f3 inusual amb objectes quotidians, les quals denomina poesia d&#8217;acci\u00f3.<span class=\"Apple-converted-space\">\u00a0<\/span><\/p>\n<p style=\"text-align: justify;\">Viu i treballa entre Berl\u00edn i Val\u00e8ncia, on desenvolupa projectes internacionals junt amb altres plataformes i artistes. \u00c9s codirectora, al costat de Mario Montoya, de la plataforma art\u00edstica Di\u00e0leg Obert, des d&#8217;on realitza la gesti\u00f3 i comissariat de projectes culturals centrats en l&#8217;experimentaci\u00f3, la investigaci\u00f3 i l&#8217;exposici\u00f3 de propostes de performance art i de les arts sonores. Desenvolupa projectes internacionals junt amb altres plataformes i artistes, performant en format solo, duo i tamb\u00e9 en col\u00b7lectiu. Durant els darrers anys ha desenvolupat diversos projectes amb m\u00fasics de diferents formacions. Tamb\u00e9 escriu i investiga te\u00f2ricament sobre l&#8217;art experimental.<\/p>\n<p>[\/vc_column_text][\/vc_column][\/vc_row][vc_row row_type=&#8221;row&#8221; use_row_as_full_screen_section=&#8221;no&#8221; type=&#8221;full_width&#8221; text_align=&#8221;left&#8221; background_animation=&#8221;none&#8221; css_animation=&#8221;&#8221;][vc_column][vc_empty_space][vc_separator type=&#8221;normal&#8221; border_style=&#8221;&#8221;][vc_empty_space][\/vc_column][\/vc_row]<\/p>\n<\/div>","protected":false},"excerpt":{"rendered":"<p>[vc_row row_type=&#8221;row&#8221; use_row_as_full_screen_section=&#8221;no&#8221; type=&#8221;full_width&#8221; text_align=&#8221;left&#8221; background_animation=&#8221;none&#8221; css_animation=&#8221;&#8221;][vc_column][vc_column_text] III JORNADES DE PERFORMANCE [\/vc_column_text][vc_empty_space height=&#8221;30px&#8221;][vc_column_text] MENORCA \u00b7 5 > 13 DE MAIG 2023 [\/vc_column_text][vc_empty_space height=&#8221;30px&#8221;][\/vc_column][\/vc_row][vc_row row_type=&#8221;row&#8221; use_row_as_full_screen_section=&#8221;no&#8221; type=&#8221;full_width&#8221; text_align=&#8221;left&#8221; background_animation=&#8221;none&#8221; css_animation=&#8221;&#8221; css=&#8221;.vc_custom_1682527332215{background-color: #ddd9bc !important;}&#8221;][vc_column width=&#8221;1\/4&#8243;][vc_empty_space height=&#8221;20px&#8221;][vc_column_text] PERFORMANCE [\/vc_column_text][vc_column_text] CONCERT [\/vc_column_text][vc_column_text] FORMACI\u00d3 [\/vc_column_text][vc_column_text] MOSTRA [\/vc_column_text][vc_empty_space height=&#8221;20px&#8221;][\/vc_column][vc_column width=&#8221;3\/4&#8243;][vc_empty_space height=&#8221;20px&#8221;][vc_column_text]&#8230;<\/p>\n","protected":false},"author":1,"featured_media":0,"parent":0,"menu_order":0,"comment_status":"closed","ping_status":"closed","template":"","meta":{"footnotes":""},"class_list":["post-2107","page","type-page","status-publish","hentry"],"_links":{"self":[{"href":"https:\/\/casadartistes.esfarcultural.net\/en\/wp-json\/wp\/v2\/pages\/2107","targetHints":{"allow":["GET"]}}],"collection":[{"href":"https:\/\/casadartistes.esfarcultural.net\/en\/wp-json\/wp\/v2\/pages"}],"about":[{"href":"https:\/\/casadartistes.esfarcultural.net\/en\/wp-json\/wp\/v2\/types\/page"}],"author":[{"embeddable":true,"href":"https:\/\/casadartistes.esfarcultural.net\/en\/wp-json\/wp\/v2\/users\/1"}],"replies":[{"embeddable":true,"href":"https:\/\/casadartistes.esfarcultural.net\/en\/wp-json\/wp\/v2\/comments?post=2107"}],"version-history":[{"count":114,"href":"https:\/\/casadartistes.esfarcultural.net\/en\/wp-json\/wp\/v2\/pages\/2107\/revisions"}],"predecessor-version":[{"id":3412,"href":"https:\/\/casadartistes.esfarcultural.net\/en\/wp-json\/wp\/v2\/pages\/2107\/revisions\/3412"}],"wp:attachment":[{"href":"https:\/\/casadartistes.esfarcultural.net\/en\/wp-json\/wp\/v2\/media?parent=2107"}],"curies":[{"name":"wp","href":"https:\/\/api.w.org\/{rel}","templated":true}]}}