{"id":1906,"date":"2023-01-19T11:53:13","date_gmt":"2023-01-19T11:53:13","guid":{"rendered":"https:\/\/casadartistes.esfarcultural.net\/en\/?page_id=1906"},"modified":"2024-06-26T16:23:15","modified_gmt":"2024-06-26T16:23:15","slug":"gener-23","status":"publish","type":"page","link":"https:\/\/casadartistes.esfarcultural.net\/en\/gener-23","title":{"rendered":"GENER\/23"},"content":{"rendered":"<div class=\"wpb-content-wrapper\"><p>[vc_row row_type=&#8221;row&#8221; use_row_as_full_screen_section=&#8221;no&#8221; type=&#8221;full_width&#8221; text_align=&#8221;center&#8221; background_animation=&#8221;none&#8221; css_animation=&#8221;&#8221; css=&#8221;.vc_custom_1610973632409{padding-bottom: 20px !important;}&#8221;][vc_column][vc_column_text]<\/p>\n<h5 style=\"text-align: left;\"><span style=\"color: #ea2d2e;\"><b>AURA SEV\u00d3N<\/b><\/span><\/h5>\n<p>[\/vc_column_text][\/vc_column][\/vc_row][vc_row row_type=&#8221;row&#8221; use_row_as_full_screen_section=&#8221;no&#8221; type=&#8221;full_width&#8221; text_align=&#8221;left&#8221; background_animation=&#8221;none&#8221; css_animation=&#8221;&#8221; css=&#8221;.vc_custom_1610973590515{padding-top: 30px !important;padding-right: 0px !important;padding-bottom: 30px !important;padding-left: 0px !important;}&#8221;][vc_column width=&#8221;2\/3&#8243;][vc_column_text css=&#8221;&#8221;]<\/p>\n<p style=\"text-align: justify;\">Soc una novel\u00b7lista finlandesa, traductora liter\u00e0ria i erudita liter\u00e0ria. Treball en la intersecci\u00f3 entre l&#8217;escriptura autoficcional, la teoria i la traducci\u00f3. Per a mi, escriure \u00e9s una manera d&#8217;estar en el m\u00f3n. Actualment, estic treballant en una novel\u00b7la sobre l&#8217;amor i la sexualitat en l&#8217;era de les tecnologies modernes. A m\u00e9s d&#8217;aix\u00f2, tamb\u00e9 estic acabant el meu doctorat en Literatura Comparativa i Estudis de g\u00e8nere en la Universitat de Paris 8 i en la Universitat de Turku.<\/p>\n<p>&nbsp;<\/p>\n<p>&nbsp;<\/p>\n<p style=\"text-align: justify;\"><a href=\"https:\/\/www.aurasevon.com\/\">www.aurasevon.com<\/a><\/p>\n<p>[\/vc_column_text][\/vc_column][vc_column width=&#8221;1\/3&#8243;][vc_single_image image=&#8221;1909&#8243; img_size=&#8221;large&#8221; qode_css_animation=&#8221;&#8221;][vc_empty_space height=&#8221;15px&#8221;][vc_single_image image=&#8221;1911&#8243; img_size=&#8221;large&#8221; qode_css_animation=&#8221;&#8221;][vc_empty_space height=&#8221;15px&#8221;][vc_single_image image=&#8221;1912&#8243; img_size=&#8221;large&#8221; qode_css_animation=&#8221;&#8221;][\/vc_column][\/vc_row][vc_row row_type=&#8221;row&#8221; use_row_as_full_screen_section=&#8221;no&#8221; type=&#8221;full_width&#8221; text_align=&#8221;left&#8221; background_animation=&#8221;none&#8221; css_animation=&#8221;&#8221; css=&#8221;.vc_custom_1610971923298{padding-top: 10px !important;padding-bottom: 20px !important;}&#8221;][vc_column][vc_separator type=&#8221;normal&#8221; border_style=&#8221;&#8221; color=&#8221;#0a0a0a&#8221;][\/vc_column][\/vc_row][vc_row row_type=&#8221;row&#8221; use_row_as_full_screen_section=&#8221;no&#8221; type=&#8221;full_width&#8221; text_align=&#8221;center&#8221; background_animation=&#8221;none&#8221; css_animation=&#8221;&#8221; css=&#8221;.vc_custom_1610971790637{padding-top: 10px !important;padding-bottom: 30px !important;}&#8221;][vc_column][vc_column_text]<\/p>\n<h5 style=\"text-align: left;\"><span style=\"color: #ea2d2e;\"><b>CRIST\u00d3BAL ASCENCIO<\/b><\/span><\/h5>\n<p>[\/vc_column_text][\/vc_column][\/vc_row][vc_row row_type=&#8221;row&#8221; use_row_as_full_screen_section=&#8221;no&#8221; type=&#8221;full_width&#8221; text_align=&#8221;left&#8221; background_animation=&#8221;none&#8221; css_animation=&#8221;&#8221; css=&#8221;.vc_custom_1610973117877{padding-top: 0px !important;padding-bottom: 30px !important;}&#8221;][vc_column width=&#8221;2\/3&#8243;][vc_column_text css=&#8221;.vc_custom_1719418992785{padding-top: 30px !important;}&#8221;]<\/p>\n<p style=\"text-align: justify;\">Va estudiar una Llicenciatura en Mitjans Audiovisuals i Publicitat per la CAAV de Jalisco(2012) i un M\u00e0ster en fotografia contempor\u00e0nia\u00a0 i gesti\u00f3 de projectes a l&#8217;Escola EFTI a Madrid (2022).<\/p>\n<p>&nbsp;<\/p>\n<p style=\"text-align: justify;\">El seu treball se centra en la relaci\u00f3 que existeix entre imatges i mem\u00f2ria i com constru\u00efm diferents identitats i realitats a partir d&#8217;aquesta correspond\u00e8ncia. La seva pr\u00e0ctica s&#8217;expandeix a noves formes de la imatge com la realitat virtual, la manipulaci\u00f3 de dades i la fotogrametria.<\/p>\n<p>&nbsp;<\/p>\n<p style=\"text-align: justify;\">En el 2022 la seva obra Les flors moren dues vegades va ser seleccionada per a ser exposada en l&#8217;edici\u00f3 2022 del Getxo Photo Festival, en el festival Encontros dona Imagem 2022 de Braga, en el festival Panor\u00e0mic de Barcelona i en el festival Bfoto de Barbastre. Ha estat incl\u00f2s en la llista Ones to watch 2022 pel British Journal ofPhotography i en la llista 100 de The Next GreatFashion Image Makers de Photo Vogue. Va rebre el primer premi en l&#8217;edici\u00f3 del Art PhotoBarcelona portfloio review 2022. \u00a0En el 2021 va ser seleccionat en el PhotoSlam dels Rencontresde Arl\u00e9s (Fran\u00e7a) i exposat en llocs com a Gimn\u00e0s d&#8217;Art i Cultura (M\u00e8xic), Experimental Photo Festival (Barcelona), Karne Kunst (Berl\u00edn), Space Millepiani(Roma), Casa Volc\u00e0 (Guadalajara) o The CuratedFridge, entre altres.\u00a0 Actualment, forma part del sistema nacional de joves creadors 2022-2023 (FONCA, M\u00e8xic).<\/p>\n<p>&nbsp;<\/p>\n<p>&nbsp;<\/p>\n<p style=\"text-align: justify;\"><a href=\"http:\/\/www.cristobalascencio.com\/\"><span style=\"font-weight: 400;\">www.cristobalascencio.com<\/span><\/a><\/p>\n<p>[\/vc_column_text][\/vc_column][vc_column width=&#8221;1\/3&#8243;][vc_single_image image=&#8221;1907&#8243; img_size=&#8221;large&#8221; qode_css_animation=&#8221;&#8221;][vc_empty_space height=&#8221;15px&#8221;][vc_single_image image=&#8221;1908&#8243; img_size=&#8221;large&#8221; qode_css_animation=&#8221;&#8221;][\/vc_column][\/vc_row][vc_row row_type=&#8221;row&#8221; use_row_as_full_screen_section=&#8221;no&#8221; type=&#8221;full_width&#8221; text_align=&#8221;left&#8221; background_animation=&#8221;none&#8221; css_animation=&#8221;&#8221; css=&#8221;.vc_custom_1610973136118{padding-top: px !important;padding-bottom: 30px !important;}&#8221;][vc_column][vc_separator type=&#8221;normal&#8221; border_style=&#8221;&#8221; color=&#8221;#0a0a0a&#8221;][\/vc_column][\/vc_row]<\/p>\n<\/div>","protected":false},"excerpt":{"rendered":"<p>[vc_row row_type=&#8221;row&#8221; use_row_as_full_screen_section=&#8221;no&#8221; type=&#8221;full_width&#8221; text_align=&#8221;center&#8221; background_animation=&#8221;none&#8221; css_animation=&#8221;&#8221; css=&#8221;.vc_custom_1610973632409{padding-bottom: 20px !important;}&#8221;][vc_column][vc_column_text] AURA SEV\u00d3N [\/vc_column_text][\/vc_column][\/vc_row][vc_row row_type=&#8221;row&#8221; use_row_as_full_screen_section=&#8221;no&#8221; type=&#8221;full_width&#8221; text_align=&#8221;left&#8221; background_animation=&#8221;none&#8221; css_animation=&#8221;&#8221; css=&#8221;.vc_custom_1610973590515{padding-top: 30px !important;padding-right: 0px !important;padding-bottom: 30px !important;padding-left: 0px !important;}&#8221;][vc_column width=&#8221;2\/3&#8243;][vc_column_text css=&#8221;&#8221;] Soc una novel\u00b7lista finlandesa, traductora liter\u00e0ria i erudita liter\u00e0ria. Treball en la intersecci\u00f3 entre l&#8217;escriptura&#8230;<\/p>\n","protected":false},"author":1,"featured_media":0,"parent":0,"menu_order":0,"comment_status":"closed","ping_status":"closed","template":"","meta":{"footnotes":""},"class_list":["post-1906","page","type-page","status-publish","hentry"],"_links":{"self":[{"href":"https:\/\/casadartistes.esfarcultural.net\/en\/wp-json\/wp\/v2\/pages\/1906","targetHints":{"allow":["GET"]}}],"collection":[{"href":"https:\/\/casadartistes.esfarcultural.net\/en\/wp-json\/wp\/v2\/pages"}],"about":[{"href":"https:\/\/casadartistes.esfarcultural.net\/en\/wp-json\/wp\/v2\/types\/page"}],"author":[{"embeddable":true,"href":"https:\/\/casadartistes.esfarcultural.net\/en\/wp-json\/wp\/v2\/users\/1"}],"replies":[{"embeddable":true,"href":"https:\/\/casadartistes.esfarcultural.net\/en\/wp-json\/wp\/v2\/comments?post=1906"}],"version-history":[{"count":20,"href":"https:\/\/casadartistes.esfarcultural.net\/en\/wp-json\/wp\/v2\/pages\/1906\/revisions"}],"predecessor-version":[{"id":3076,"href":"https:\/\/casadartistes.esfarcultural.net\/en\/wp-json\/wp\/v2\/pages\/1906\/revisions\/3076"}],"wp:attachment":[{"href":"https:\/\/casadartistes.esfarcultural.net\/en\/wp-json\/wp\/v2\/media?parent=1906"}],"curies":[{"name":"wp","href":"https:\/\/api.w.org\/{rel}","templated":true}]}}