{"id":1893,"date":"2022-11-11T11:05:09","date_gmt":"2022-11-11T11:05:09","guid":{"rendered":"https:\/\/casadartistes.esfarcultural.net\/es\/?page_id=1893"},"modified":"2024-06-26T17:12:03","modified_gmt":"2024-06-26T17:12:03","slug":"hivern-22","status":"publish","type":"page","link":"https:\/\/casadartistes.esfarcultural.net\/en\/hivern-22","title":{"rendered":"HIVERN 22"},"content":{"rendered":"<div class=\"wpb-content-wrapper\"><p>[vc_row row_type=&#8221;row&#8221; use_row_as_full_screen_section=&#8221;no&#8221; type=&#8221;full_width&#8221; text_align=&#8221;center&#8221; background_animation=&#8221;none&#8221; css_animation=&#8221;&#8221; css=&#8221;.vc_custom_1610973632409{padding-bottom: 20px !important;}&#8221;][vc_column][vc_column_text]<\/p>\n<h5 style=\"text-align: center;\"><span style=\"color: #ea2d2e;\"><b>PATRIZIA MENICHELLI i M\u00d3NICA GONZ\u00c1LEZ<\/b><\/span><\/h5>\n<p>[\/vc_column_text][\/vc_column][\/vc_row][vc_row row_type=&#8221;row&#8221; use_row_as_full_screen_section=&#8221;no&#8221; type=&#8221;full_width&#8221; text_align=&#8221;left&#8221; background_animation=&#8221;none&#8221; css_animation=&#8221;&#8221; css=&#8221;.vc_custom_1610973590515{padding-top: 30px !important;padding-right: 0px !important;padding-bottom: 30px !important;padding-left: 0px !important;}&#8221;][vc_column width=&#8221;2\/3&#8243;][vc_column_text]<strong>Patrizia Menichelli <\/strong>Artista, performer, directora, dise\u00f1adora y formadora. Buscadora de metodolog\u00edas sensoriales aplicadas al teatro y al arte, a la educaci\u00f3n, a los procesos art\u00edsticos de participaci\u00f3n social. Desde el 1996 forma parte del n\u00facleo hist\u00f3rico de artistas buscadores de la compa\u00f1\u00eda de Teatro de los Sentidos. Al mismo tiempo crea proyectos independientes, performativos y formativos: instalaciones\/espect\u00e1culos y laboratorios interdisciplinares a nivel internacional.<\/p>\n<p>&nbsp;<\/p>\n<p><strong>M\u00f3nica Gonz\u00e1lez <\/strong>Profesora de Yoga, Meditaci\u00f3n, expresi\u00f3n y consciencia corporal. Buscadora de autoconocimiento y consciencia a trav\u00e9s de disciplinas art\u00edsticas esc\u00e9nicas como Danza Butoh, Teatro Sensorial, Teatro F\u00edsico y Teatro Experimental. Formada en Postgrado de Lenguaje y Po\u00e9tica Sensorial, as\u00ed como participante en proyectos de la Compa\u00f1\u00eda de Teatro de los Sentidos. Actualmente recibo formaci\u00f3n y realizo creaciones como actriz de Teatro Experimental en el Laboratorio Escuela Teatro de Jessica Walker.<\/p>\n<p>&nbsp;<\/p>\n<p><a href=\"http:\/\/www.arsinteatro.it\/\">http:\/\/www.arsinteatro.it\/\u00a0<\/a><\/p>\n<p>&nbsp;<\/p>\n<p><span style=\"color: #ff0000;\"><strong>Statement<\/strong><\/span><\/p>\n<p>Tender puentes entre la meditaci\u00f3n contemplativa y el lenguaje po\u00e9tico sensorial. A trav\u00e9s de bucear, profundizar y poner en com\u00fan nuestras b\u00fasquedas personales y profesionales de varios a\u00f1os de experiencia en las respectivas \u00e1reas. Investigando alrededor de los arquetipos, la mirada contemplativa y la atenci\u00f3n plena, la escucha, los cinco elementos fundamentales, el juego y la imaginaci\u00f3n encarnada. Nuestro objetivo es crear talleres para potenciar la creaci\u00f3n art\u00edstica y el crecimiento personal y espiritual.[\/vc_column_text][\/vc_column][vc_column width=&#8221;1\/3&#8243;][vc_single_image image=&#8221;1896&#8243; img_size=&#8221;large&#8221; alignment=&#8221;center&#8221; onclick=&#8221;custom_link&#8221; img_link_target=&#8221;_blank&#8221; qode_css_animation=&#8221;&#8221;][vc_empty_space][\/vc_column][\/vc_row][vc_row row_type=&#8221;row&#8221; use_row_as_full_screen_section=&#8221;no&#8221; type=&#8221;full_width&#8221; text_align=&#8221;left&#8221; background_animation=&#8221;none&#8221; css_animation=&#8221;&#8221; css=&#8221;.vc_custom_1610971923298{padding-top: 10px !important;padding-bottom: 20px !important;}&#8221;][vc_column][vc_separator type=&#8221;normal&#8221; border_style=&#8221;&#8221; color=&#8221;#0a0a0a&#8221;][\/vc_column][\/vc_row]<\/p>\n<\/div>","protected":false},"excerpt":{"rendered":"<p>[vc_row row_type=&#8221;row&#8221; use_row_as_full_screen_section=&#8221;no&#8221; type=&#8221;full_width&#8221; text_align=&#8221;center&#8221; background_animation=&#8221;none&#8221; css_animation=&#8221;&#8221; css=&#8221;.vc_custom_1610973632409{padding-bottom: 20px !important;}&#8221;][vc_column][vc_column_text] PATRIZIA MENICHELLI i M\u00d3NICA GONZ\u00c1LEZ [\/vc_column_text][\/vc_column][\/vc_row][vc_row row_type=&#8221;row&#8221; use_row_as_full_screen_section=&#8221;no&#8221; type=&#8221;full_width&#8221; text_align=&#8221;left&#8221; background_animation=&#8221;none&#8221; css_animation=&#8221;&#8221; css=&#8221;.vc_custom_1610973590515{padding-top: 30px !important;padding-right: 0px !important;padding-bottom: 30px !important;padding-left: 0px !important;}&#8221;][vc_column width=&#8221;2\/3&#8243;][vc_column_text]Patrizia Menichelli Artista, performer, directora, dise\u00f1adora y formadora. Buscadora de metodolog\u00edas sensoriales aplicadas al&#8230;<\/p>\n","protected":false},"author":1,"featured_media":0,"parent":0,"menu_order":0,"comment_status":"closed","ping_status":"closed","template":"","meta":{"footnotes":""},"class_list":["post-1893","page","type-page","status-publish","hentry"],"_links":{"self":[{"href":"https:\/\/casadartistes.esfarcultural.net\/en\/wp-json\/wp\/v2\/pages\/1893","targetHints":{"allow":["GET"]}}],"collection":[{"href":"https:\/\/casadartistes.esfarcultural.net\/en\/wp-json\/wp\/v2\/pages"}],"about":[{"href":"https:\/\/casadartistes.esfarcultural.net\/en\/wp-json\/wp\/v2\/types\/page"}],"author":[{"embeddable":true,"href":"https:\/\/casadartistes.esfarcultural.net\/en\/wp-json\/wp\/v2\/users\/1"}],"replies":[{"embeddable":true,"href":"https:\/\/casadartistes.esfarcultural.net\/en\/wp-json\/wp\/v2\/comments?post=1893"}],"version-history":[{"count":9,"href":"https:\/\/casadartistes.esfarcultural.net\/en\/wp-json\/wp\/v2\/pages\/1893\/revisions"}],"predecessor-version":[{"id":3106,"href":"https:\/\/casadartistes.esfarcultural.net\/en\/wp-json\/wp\/v2\/pages\/1893\/revisions\/3106"}],"wp:attachment":[{"href":"https:\/\/casadartistes.esfarcultural.net\/en\/wp-json\/wp\/v2\/media?parent=1893"}],"curies":[{"name":"wp","href":"https:\/\/api.w.org\/{rel}","templated":true}]}}