{"id":1867,"date":"2022-11-07T17:32:25","date_gmt":"2022-11-07T17:32:25","guid":{"rendered":"https:\/\/casadartistes.esfarcultural.net\/es\/?page_id=1867"},"modified":"2024-06-27T09:07:35","modified_gmt":"2024-06-27T09:07:35","slug":"deslocalitzacions-2022","status":"publish","type":"page","link":"https:\/\/casadartistes.esfarcultural.net\/en\/deslocalitzacions-2022","title":{"rendered":"DESLOCALITZACIONS 2022"},"content":{"rendered":"<div class=\"wpb-content-wrapper\"><p>[vc_row row_type=&#8221;row&#8221; use_row_as_full_screen_section=&#8221;no&#8221; type=&#8221;full_width&#8221; text_align=&#8221;left&#8221; background_animation=&#8221;none&#8221; css_animation=&#8221;&#8221;][vc_column][vc_column_text]<\/p>\r\n<p><p>[\/vc_column_text][\/vc_column][\/vc_row][vc_row row_type=&#8221;row&#8221; use_row_as_full_screen_section=&#8221;no&#8221; type=&#8221;full_width&#8221; text_align=&#8221;left&#8221; background_animation=&#8221;none&#8221; css_animation=&#8221;&#8221;][vc_column][vc_empty_space][vc_column_text]<\/p>\n<h3><em>DESLOCALITZACIONS<\/em><\/h3>\n<h3><em>ESPAI + TEMPS\u00a0<\/em><\/h3>\n<p>[\/vc_column_text][vc_empty_space][vc_empty_space][\/vc_column][\/vc_row][vc_row row_type=&#8221;row&#8221; use_row_as_full_screen_section=&#8221;no&#8221; type=&#8221;full_width&#8221; text_align=&#8221;left&#8221; background_animation=&#8221;none&#8221; css_animation=&#8221;&#8221;][vc_column][vc_column_text]<\/p>\n<p>\n\r\n\r\n[\/vc_column_text][\/vc_column][vc_column][vc_column_text css=&#8221;&#8221;]<\/p>\r\n<p style=\"text-align: justify;\">El projecte Deslocalitzacions. ESPAI + TEMPS \u00e9s fruit de la col\u00b7laboraci\u00f3 entre l&#8217;entitat Experimentem amb l\u2019ART (Barcelona)i l&#8217;associaci\u00f3 Es FAR Cultural (Menorca),les quals gestionen dos projectes de resid\u00e8ncia art\u00edstica; La Resid\u00e8ncia *EART i la Casa d&#8217;Artistes. Aquesta convocat\u00f2ria neix amb la voluntat de fer costat a projectes de recerca i recerca que necessitin espai i sobretot temps per a desenvolupar-se.<\/p>\r\n<p>&nbsp;<\/p>\r\n<p style=\"text-align: justify;\">Deslocalitzacionses un projecte de creaci\u00f3 en xarxa que planteja una resid\u00e8ncia de recerca a casa d\u2019Artistes (Menorca) i dirigida a artistes que estiguin o hagin estat residents en l&#8217;Espai EART, educadores i mediadores col\u00b7laboradores de EART. La finalitat \u00e9s propiciar i ampliar l&#8217;experi\u00e8ncia en la recerca i la recerca art\u00edstica, a trav\u00e9s d&#8217;una estada de 20 dies a casa d\u2019Artistes d\u2019Es Far Cultural a Menorca.<\/p>\r\n<p>[\/vc_column_text][\/vc_column][\/vc_row][vc_row row_type=&#8221;row&#8221; use_row_as_full_screen_section=&#8221;no&#8221; type=&#8221;full_width&#8221; text_align=&#8221;left&#8221; background_animation=&#8221;none&#8221; css_animation=&#8221;&#8221;][vc_column][vc_empty_space][vc_empty_space][\/vc_column][\/vc_row][vc_row row_type=&#8221;row&#8221; use_row_as_full_screen_section=&#8221;no&#8221; type=&#8221;full_width&#8221; text_align=&#8221;left&#8221; background_animation=&#8221;none&#8221; css_animation=&#8221;&#8221;][vc_column width=&#8221;1\/2&#8243;][vc_column_text css=&#8221;&#8221;]<\/p>\r\n<p style=\"text-align: justify;\"><strong>CONVOCAT\u00d2RIA 2022<\/strong><\/p>\r\n<p>&nbsp;<\/p>\r\n<p>&nbsp;<\/p>\r\n<p style=\"text-align: justify;\">Paula Vicente Puiggr\u00f2s ha estat seleccionada per a participar de la resid\u00e8ncia de recerca art\u00edstica ESPAI + TEMPS amb el projecte Tangere. Un projecte d&#8217;experimentaci\u00f3 i recerca que busca apropiar-se de la tecnoci\u00e8ncia per a obrir nous imaginaris multi esp\u00e8cies; establir noves relacions entre la tecnologia i formes de vida, humanes i m\u00e9s que humanes. Utilitzar metodologies de temporalitats m\u00e9s expandides que han quedat arraconades darrere les l\u00f2giques capitalistes. Recuperar la curiositat, l&#8217;inter\u00e8s, la prova i error, la intu\u00efci\u00f3. I si en comptes de mesurar la realitat des d&#8217;un punt de vista constructivista i productivista el f\u00e9ssim des de la cura, l&#8217;afecte, i all\u00f2 desconegut?<\/p>\r\n<p>&nbsp;<\/p>\r\n<p style=\"text-align: justify;\">Tangere sorgeix de la necessitat de problematitzar la idea del Tacte com a acte innocent i conscient entre individus per a donar espai a tot el que bloqueja aquesta definici\u00f3. Segons l&#8217;explicaci\u00f3 de la F\u00edsica, tocar no comporta contacte. Els electrons s\u00f3n part\u00edcules amb una c\u00e0rrega negativa, de manera que el que entenem com a &#8220;tacte&#8221; \u00e9s en realitat la for\u00e7a de repulsi\u00f3 electromagn\u00e8tica entre aquests. Aix\u00ed doncs, si no hi ha contacte en tocar, com prop hem d&#8217;estar per a tocar-nos? Per a tocar sense tocar, per a afectar(-nos)? Si el que el nostre cos ent\u00e9n com a tacte s\u00f3n forces de repulsi\u00f3 entre electrons, podem dir que realment \u00e9s un acte voluntari?<\/p>\r\n<p>&nbsp;<\/p>\r\n<p style=\"text-align: justify;\">Aquesta altra narrativa de tocar comportaria un pensament molt m\u00e9s ampli, que no t\u00e9 en compte nom\u00e9s la pr\u00f2pia persona sin\u00f3 tamb\u00e9 tot l&#8217;entorn i els cossos que el conformen. Una narrativa on el teu cos no acaba amb la pell, sin\u00f3 que traspassa i continua en l&#8217;altre en una xarxa multiesp\u00e8cies.Aix\u00ed doncs, de quines maneres estem afectant el nostre entorn sense ser conscients nom\u00e9s perqu\u00e8 el nostre cos no el percep? I de quina manera hem ensenyat el nostre cos a percebre? Com afectaria la nostra manera d&#8217;estar i habitar l&#8217;entorn una percepci\u00f3 diferent d&#8217;aquest? Quines pol\u00edtiques s&#8217;amaguen darrere la invisibilitat?<\/p>\r\n<p>&nbsp;<\/p>\r\n<p style=\"text-align: justify;\">Es proposa, doncs, una cerca d&#8217;all\u00f2 invisible, intangible. Obrir noves preguntes i relacions de simbiosis entre diferents esp\u00e8cies i una tecnologia lenta per a crear un imaginari que ens convidi a especular conjuntament noves maneres de tocar-nos i relacionar-nos amb la resta de vides que ens envolta.<\/p>\r\n<p>[\/vc_column_text][vc_empty_space][vc_column_text]<\/p>\r\n<h4><span style=\"color: #000000;\">PAULA VICENTE PUIGGR\u00d2S (1997, Barcelona)<\/span><\/h4>\r\n<p>[\/vc_column_text][vc_empty_space][vc_column_text css=&#8221;&#8221;]<\/p>\r\n<p style=\"text-align: justify;\"><a href=\"https:\/\/paulavicente.hotglue.me\/\">Paula Vicente Puiggr\u00f2s<\/a> \u00e9s una artista visual de Barcelona. Llicenciada en Belles arts per la Universitat de Barcelona i m\u00e0ster en Belles arts en KASK (Gent, Belgica). Ha guanyat una beca de producci\u00f3 en Sala d&#8217;Art Jove, on ha format part d&#8217;una exposici\u00f3 on ha d&#8217;aquells p\u00f3lvores, aquests llots (Barcelona, 2021). Tamb\u00e9 ha participat en festivals com Bauen, El B\u00f2lit, (Girona, 2021); Inund&#8217;*Art, Casa de la Cultura (Girona, 2020); Corrente, La notte bianca (Bologna, IT, 2019); ArtEmergent Sabadell (Barcelona, 2019). Ha realitzat resid\u00e8ncies art\u00edstiques en diferents llocs com Kovent Zero (Berga, 2021), Experimentem ambl&#8217;Art (Barcelona, 2021), \u00c9s Far Cultural (Menorca, 2021) i El B\u00f2lit (Girona, 2020), on tamb\u00e9 ha participat fent tallers, open studios i altres activitats.<\/p>\r\n<p>&nbsp;<\/p>\r\n<p><strong>Statement<\/strong><\/p>\r\n<p style=\"text-align: justify;\">Sempre he pensat la meva pr\u00e0ctica art\u00edstica comun mitj\u00e0 per repensar els cuses a trav\u00e9s d\u2019all\u00f2material, t\u00e0ctil. M\u2019interessa investigar sobretotentorn la idea d\u2019habitar i els relacions amb altres\u00e9ssers vius, ser conscient del focusantropoc\u00e8ntric i productivista prefixat per mirar d\u2019incidir donis d\u2019un altre angle.<\/p>\r\n<p style=\"text-align: justify;\">Molts projectes s\u2019inici\u00efn amb un pensament, una conversa que \u00e9s desplega cap a un inter\u00e8s o preocupaci\u00f3 que genera, al seu torn, una investigaci\u00f3. Trobar all\u00f2 subversiu del pensar en col\u00b7lectiu, del fer donis de la quotidianitat amb all\u00f2proper per generar qualcuna cosa que enspermeti obrir la pregunta enlloc de tancar-la, deixar lloc al dubte.<\/p>\r\n<p>[\/vc_column_text][vc_empty_space][vc_empty_space][vc_empty_space][\/vc_column][vc_column width=&#8221;1\/2&#8243;][vc_empty_space][vc_empty_space][vc_single_image image=&#8221;1872&#8243; img_size=&#8221;large&#8221; alignment=&#8221;center&#8221; qode_css_animation=&#8221;&#8221;][vc_empty_space][vc_empty_space][vc_empty_space][vc_empty_space][vc_empty_space][vc_empty_space][vc_empty_space][vc_single_image image=&#8221;1871&#8243; img_size=&#8221;large&#8221; alignment=&#8221;center&#8221; qode_css_animation=&#8221;&#8221;][vc_empty_space][vc_empty_space][\/vc_column][vc_column][\/vc_column][vc_column][\/vc_column][\/vc_row][vc_row row_type=&#8221;row&#8221; use_row_as_full_screen_section=&#8221;no&#8221; type=&#8221;full_width&#8221; text_align=&#8221;left&#8221; background_animation=&#8221;none&#8221; css_animation=&#8221;&#8221;][vc_column][vc_column_text]<\/p>\r\n<p>\r\n\r\n[\/vc_column_text][\/vc_column][\/vc_row][vc_row row_type=&#8221;row&#8221; use_row_as_full_screen_section=&#8221;no&#8221; type=&#8221;full_width&#8221; text_align=&#8221;left&#8221; background_animation=&#8221;none&#8221; css_animation=&#8221;&#8221;][vc_column][vc_empty_space][vc_empty_space][vc_empty_space][\/vc_column][\/vc_row][vc_row row_type=&#8221;row&#8221; use_row_as_full_screen_section=&#8221;no&#8221; type=&#8221;full_width&#8221; text_align=&#8221;left&#8221; background_animation=&#8221;none&#8221; css_animation=&#8221;&#8221;][vc_column][vc_column_text]<\/p>\r\n<p>\r\n\r\n<p>[\/vc_column_text][\/vc_column][\/vc_row][vc_row row_type=&#8221;row&#8221; use_row_as_full_screen_section=&#8221;no&#8221; type=&#8221;full_width&#8221; text_align=&#8221;left&#8221; background_animation=&#8221;none&#8221; css_animation=&#8221;&#8221;][vc_column][vc_empty_space][vc_empty_space][vc_empty_space][vc_empty_space][vc_column_text]<\/p>\n<div class=\"et_pb_row et_pb_row_2\">\n<div class=\"et_pb_column et_pb_column_4_4 et_pb_column_3 et_pb_css_mix_blend_mode_passthrough et-last-child\">\n<div class=\"et_pb_module et_pb_text et_pb_text_2 et_pb_text_align_justified et_pb_text_align_left-phone et_pb_bg_layout_light\">\n<div class=\"et_pb_text_inner\">Un proyecto de:<\/div>\n<\/div>\n<\/div>\n<\/div>\n<p>[\/vc_column_text][vc_empty_space][\/vc_column][\/vc_row][vc_row row_type=&#8221;row&#8221; use_row_as_full_screen_section=&#8221;no&#8221; type=&#8221;full_width&#8221; text_align=&#8221;left&#8221; background_animation=&#8221;none&#8221; css_animation=&#8221;&#8221;][vc_column][vc_column_text]<\/p>\n<p>\n\r\n\r\n[\/vc_column_text][\/vc_column][\/vc_row][vc_row row_type=&#8221;row&#8221; use_row_as_full_screen_section=&#8221;no&#8221; type=&#8221;full_width&#8221; text_align=&#8221;left&#8221; background_animation=&#8221;none&#8221; css_animation=&#8221;&#8221;][vc_column width=&#8221;1\/3&#8243;][vc_single_image image=&#8221;1121&#8243; img_size=&#8221;medium&#8221; qode_css_animation=&#8221;&#8221;][\/vc_column][vc_column width=&#8221;1\/3&#8243;][vc_single_image image=&#8221;1410&#8243; img_size=&#8221;medium&#8221; qode_css_animation=&#8221;&#8221;][\/vc_column][vc_column width=&#8221;1\/3&#8243;][\/vc_column][\/vc_row][vc_row row_type=&#8221;row&#8221; use_row_as_full_screen_section=&#8221;no&#8221; type=&#8221;full_width&#8221; text_align=&#8221;left&#8221; background_animation=&#8221;none&#8221; css_animation=&#8221;&#8221;][vc_column][vc_empty_space][vc_empty_space][vc_empty_space][vc_empty_space][vc_column_text css=&#8221;&#8221;]<\/p>\r\n<div class=\"et_pb_row et_pb_row_2\">\r\n<div class=\"et_pb_column et_pb_column_4_4 et_pb_column_3 et_pb_css_mix_blend_mode_passthrough et-last-child\">\r\n<div class=\"et_pb_module et_pb_text et_pb_text_2 et_pb_text_align_justified et_pb_text_align_left-phone et_pb_bg_layout_light\">\r\n<div class=\"et_pb_text_inner\">Amb el suport de:<\/div>\r\n<\/div>\r\n<\/div>\r\n<\/div>\r\n<p>[\/vc_column_text][vc_empty_space][\/vc_column][\/vc_row][vc_row row_type=&#8221;row&#8221; use_row_as_full_screen_section=&#8221;no&#8221; type=&#8221;full_width&#8221; text_align=&#8221;left&#8221; background_animation=&#8221;none&#8221; css_animation=&#8221;&#8221;][vc_column][vc_column_text]<\/p>\r\n<p>\r\n\r\n[\/vc_column_text][\/vc_column][\/vc_row][vc_row row_type=&#8221;row&#8221; use_row_as_full_screen_section=&#8221;no&#8221; type=&#8221;full_width&#8221; text_align=&#8221;left&#8221; background_animation=&#8221;none&#8221; css_animation=&#8221;&#8221;][vc_column width=&#8221;1\/3&#8243;][vc_single_image image=&#8221;1408&#8243; img_size=&#8221;medium&#8221; qode_css_animation=&#8221;&#8221;][\/vc_column][vc_column width=&#8221;1\/3&#8243;][vc_single_image image=&#8221;1874&#8243; img_size=&#8221;medium&#8221; qode_css_animation=&#8221;&#8221;][\/vc_column][vc_column width=&#8221;1\/3&#8243;][vc_single_image image=&#8221;1367&#8243; img_size=&#8221;medium&#8221; qode_css_animation=&#8221;&#8221;][\/vc_column][\/vc_row][vc_row row_type=&#8221;row&#8221; use_row_as_full_screen_section=&#8221;no&#8221; type=&#8221;full_width&#8221; text_align=&#8221;left&#8221; background_animation=&#8221;none&#8221; css_animation=&#8221;&#8221;][vc_column][vc_empty_space height=&#8221;52px&#8221;][vc_empty_space height=&#8221;52px&#8221;][vc_empty_space height=&#8221;52px&#8221;][vc_empty_space height=&#8221;52px&#8221;][vc_empty_space height=&#8221;52px&#8221;][\/vc_column][\/vc_row][vc_row row_type=&#8221;row&#8221; use_row_as_full_screen_section=&#8221;no&#8221; type=&#8221;full_width&#8221; text_align=&#8221;left&#8221; background_animation=&#8221;none&#8221; css_animation=&#8221;&#8221;][vc_column][\/vc_column][\/vc_row][vc_row row_type=&#8221;row&#8221; use_row_as_full_screen_section=&#8221;no&#8221; type=&#8221;full_width&#8221; text_align=&#8221;left&#8221; background_animation=&#8221;none&#8221; css_animation=&#8221;&#8221;][vc_column][\/vc_column][\/vc_row][vc_row row_type=&#8221;row&#8221; use_row_as_full_screen_section=&#8221;no&#8221; type=&#8221;full_width&#8221; text_align=&#8221;left&#8221; background_animation=&#8221;none&#8221; css_animation=&#8221;&#8221;][vc_column][vc_column_text]<\/p>\r\n<p>[\/vc_column_text][\/vc_column][\/vc_row]<\/p><\/div>","protected":false},"excerpt":{"rendered":"<p>[vc_row row_type=&#8221;row&#8221; use_row_as_full_screen_section=&#8221;no&#8221; type=&#8221;full_width&#8221; text_align=&#8221;left&#8221; background_animation=&#8221;none&#8221; css_animation=&#8221;&#8221;][vc_column][vc_column_text] [\/vc_column_text][\/vc_column][vc_column][vc_column_text css=&#8221;&#8221;] El projecte Deslocalitzacions. ESPAI + TEMPS \u00e9s fruit de la col\u00b7laboraci\u00f3 entre l&#8217;entitat Experimentem amb l\u2019ART (Barcelona)i l&#8217;associaci\u00f3 Es FAR Cultural (Menorca),les quals gestionen dos projectes de resid\u00e8ncia art\u00edstica; La Resid\u00e8ncia *EART i la Casa d&#8217;Artistes&#8230;.<\/p>\n","protected":false},"author":1,"featured_media":0,"parent":0,"menu_order":0,"comment_status":"closed","ping_status":"closed","template":"","meta":{"footnotes":""},"class_list":["post-1867","page","type-page","status-publish","hentry"],"_links":{"self":[{"href":"https:\/\/casadartistes.esfarcultural.net\/en\/wp-json\/wp\/v2\/pages\/1867","targetHints":{"allow":["GET"]}}],"collection":[{"href":"https:\/\/casadartistes.esfarcultural.net\/en\/wp-json\/wp\/v2\/pages"}],"about":[{"href":"https:\/\/casadartistes.esfarcultural.net\/en\/wp-json\/wp\/v2\/types\/page"}],"author":[{"embeddable":true,"href":"https:\/\/casadartistes.esfarcultural.net\/en\/wp-json\/wp\/v2\/users\/1"}],"replies":[{"embeddable":true,"href":"https:\/\/casadartistes.esfarcultural.net\/en\/wp-json\/wp\/v2\/comments?post=1867"}],"version-history":[{"count":12,"href":"https:\/\/casadartistes.esfarcultural.net\/en\/wp-json\/wp\/v2\/pages\/1867\/revisions"}],"predecessor-version":[{"id":3141,"href":"https:\/\/casadartistes.esfarcultural.net\/en\/wp-json\/wp\/v2\/pages\/1867\/revisions\/3141"}],"wp:attachment":[{"href":"https:\/\/casadartistes.esfarcultural.net\/en\/wp-json\/wp\/v2\/media?parent=1867"}],"curies":[{"name":"wp","href":"https:\/\/api.w.org\/{rel}","templated":true}]}}