{"id":1731,"date":"2022-04-27T11:52:11","date_gmt":"2022-04-27T11:52:11","guid":{"rendered":"https:\/\/casadartistes.esfarcultural.net\/?page_id=1731"},"modified":"2024-06-26T17:14:59","modified_gmt":"2024-06-26T17:14:59","slug":"maig2022","status":"publish","type":"page","link":"https:\/\/casadartistes.esfarcultural.net\/en\/maig2022","title":{"rendered":"MAIG\/22"},"content":{"rendered":"<div class=\"wpb-content-wrapper\"><p>[vc_row row_type=&#8221;row&#8221; use_row_as_full_screen_section=&#8221;no&#8221; type=&#8221;full_width&#8221; text_align=&#8221;center&#8221; background_animation=&#8221;none&#8221; css_animation=&#8221;&#8221; css=&#8221;.vc_custom_1610973632409{padding-bottom: 20px !important;}&#8221;][vc_column][vc_column_text]<\/p>\n<h5 style=\"text-align: center;\"><span style=\"color: #ea2d2e;\"><b>LUBADALU<\/b><\/span><\/h5>\n<p>[\/vc_column_text][\/vc_column][\/vc_row][vc_row row_type=&#8221;row&#8221; use_row_as_full_screen_section=&#8221;no&#8221; type=&#8221;full_width&#8221; text_align=&#8221;left&#8221; background_animation=&#8221;none&#8221; css_animation=&#8221;&#8221; css=&#8221;.vc_custom_1610973590515{padding-top: 30px !important;padding-right: 0px !important;padding-bottom: 30px !important;padding-left: 0px !important;}&#8221;][vc_column width=&#8221;2\/3&#8243;][vc_column_text]<span style=\"font-weight: 400;\">Lubadalu defiende la \u00f1o\u00f1ez como herramienta de lucha. En su obra se pueden encontrar personas y otrxs <\/span><span style=\"font-weight: 400;\">mam\u00edferos con pelo, florecillas, arcoiris, peces, y algo de iron\u00eda mordaz. Busca que su arte sean caricias (y <\/span><span style=\"font-weight: 400;\">alguna colleja) e intenta reivindicar la ternura absurda como modo de vida y ayudar a perder la verg\u00fcenza <\/span><span style=\"font-weight: 400;\">sobre lo m\u00e1s suave en nosotrxs.<\/span><\/p>\n<p>&nbsp;<\/p>\n<p><span style=\"font-weight: 400;\">Ha colaborado en diferentes fanzines publicados en Catalu\u00f1a, Estados Unidos e Inglaterra. Ha participado <\/span><span style=\"font-weight: 400;\">en la antolog\u00eda de c\u00f3mic Drawing Power, editada por Diane Noomin en Abrams Books. Tambi\u00e9n hace ruido <\/span><span style=\"font-weight: 400;\">con Avestruces.<\/span><\/p>\n<p>&nbsp;<\/p>\n<p><span style=\"font-weight: 400;\">Lubadalu sobrevive en Barcelona, con otrxs humanxs y todas las plantas que puede.<\/span><\/p>\n<p>&nbsp;<\/p>\n<p>IG <a href=\"https:\/\/www.instagram.com\/lubadalu\/\">@lubadalu<\/a>[\/vc_column_text][\/vc_column][vc_column width=&#8221;1\/3&#8243;][vc_single_image image=&#8221;1732&#8243; img_size=&#8221;large&#8221; alignment=&#8221;center&#8221; onclick=&#8221;custom_link&#8221; img_link_target=&#8221;_blank&#8221; qode_css_animation=&#8221;&#8221;][vc_empty_space][vc_single_image image=&#8221;1733&#8243; img_size=&#8221;large&#8221; alignment=&#8221;center&#8221; onclick=&#8221;custom_link&#8221; img_link_target=&#8221;_blank&#8221; qode_css_animation=&#8221;&#8221;][\/vc_column][\/vc_row][vc_row row_type=&#8221;row&#8221; use_row_as_full_screen_section=&#8221;no&#8221; type=&#8221;full_width&#8221; text_align=&#8221;left&#8221; background_animation=&#8221;none&#8221; css_animation=&#8221;&#8221; css=&#8221;.vc_custom_1610971923298{padding-top: 10px !important;padding-bottom: 20px !important;}&#8221;][vc_column][vc_separator type=&#8221;normal&#8221; border_style=&#8221;&#8221; color=&#8221;#0a0a0a&#8221;][\/vc_column][\/vc_row][vc_row row_type=&#8221;row&#8221; use_row_as_full_screen_section=&#8221;no&#8221; type=&#8221;full_width&#8221; text_align=&#8221;center&#8221; background_animation=&#8221;none&#8221; css_animation=&#8221;&#8221; css=&#8221;.vc_custom_1610971790637{padding-top: 10px !important;padding-bottom: 30px !important;}&#8221;][vc_column][vc_column_text]<\/p>\n<h5 style=\"text-align: center;\"><span style=\"color: #ea2d2e;\"><b>TERESA RUIZ DE LOBERA<\/b><\/span><\/h5>\n<p>[\/vc_column_text][\/vc_column][\/vc_row][vc_row row_type=&#8221;row&#8221; use_row_as_full_screen_section=&#8221;no&#8221; type=&#8221;full_width&#8221; text_align=&#8221;left&#8221; background_animation=&#8221;none&#8221; css_animation=&#8221;&#8221; css=&#8221;.vc_custom_1610973117877{padding-top: 0px !important;padding-bottom: 30px !important;}&#8221;][vc_column width=&#8221;3\/4&#8243;][vc_column_text css=&#8221;.vc_custom_1651060502603{padding-top: 30px !important;}&#8221;]<span style=\"font-weight: 400;\">En mi obra gr\u00e1fica, ver\u00e1s lo que tu quieras ver, lo que t\u00fa quieras sentir. En mis cuadros cuento mis vivencias i aprendizajes sentidos con una narrativa po\u00e9tica y &#8220;realismo m\u00e1gico&#8221;, &#8220;nuevo mundo rom\u00e1ntico.&#8221;<\/span><\/p>\n<p>&nbsp;<\/p>\n<p><span style=\"font-weight: 400;\">Las decisiones que tomo sobre los lienzos no son el c\u00f3mo sino el por qu\u00e9 o para qu\u00e9. Pintar me apasiona y meterme en el cuadro me ayuda a salir habiendo visto mi inconsciente, habiendo pintado mi sombra. Trabajo sobre los arquetipos universales, la mitolog\u00eda, el surrealismo y el humor tomando de referencias a Chagall, Matisse, Paula Rego, Sirget o los fauvistas.<\/span><\/p>\n<p>&nbsp;<\/p>\n<p>&nbsp;<\/p>\n<p><a href=\"http:\/\/teresaruizdelobera.com\/\" target=\"_blank\" rel=\"noopener noreferrer\">teresaderuizlobera.com<\/a><\/p>\n<p>IG <a href=\"https:\/\/www.instagram.com\/teresaruizdelobera\/\">@teresaruizdelobera<\/a>[\/vc_column_text][\/vc_column][vc_column width=&#8221;1\/4&#8243;][vc_single_image image=&#8221;1734&#8243; img_size=&#8221;medium&#8221; alignment=&#8221;center&#8221; onclick=&#8221;custom_link&#8221; img_link_target=&#8221;_blank&#8221; qode_css_animation=&#8221;&#8221; link=&#8221;https:\/\/www.alky0ni.com\/&#8221;][vc_empty_space][vc_single_image image=&#8221;1735&#8243; img_size=&#8221;medium&#8221; alignment=&#8221;center&#8221; onclick=&#8221;custom_link&#8221; img_link_target=&#8221;_blank&#8221; qode_css_animation=&#8221;&#8221; link=&#8221;https:\/\/www.alky0ni.com\/&#8221;][\/vc_column][\/vc_row][vc_row row_type=&#8221;row&#8221; use_row_as_full_screen_section=&#8221;no&#8221; type=&#8221;full_width&#8221; text_align=&#8221;left&#8221; background_animation=&#8221;none&#8221; css_animation=&#8221;&#8221; css=&#8221;.vc_custom_1610973136118{padding-top: px !important;padding-bottom: 30px !important;}&#8221;][vc_column][vc_separator type=&#8221;normal&#8221; border_style=&#8221;&#8221; color=&#8221;#0a0a0a&#8221;][\/vc_column][\/vc_row]<\/p>\n<\/div>","protected":false},"excerpt":{"rendered":"<p>[vc_row row_type=&#8221;row&#8221; use_row_as_full_screen_section=&#8221;no&#8221; type=&#8221;full_width&#8221; text_align=&#8221;center&#8221; background_animation=&#8221;none&#8221; css_animation=&#8221;&#8221; css=&#8221;.vc_custom_1610973632409{padding-bottom: 20px !important;}&#8221;][vc_column][vc_column_text] LUBADALU [\/vc_column_text][\/vc_column][\/vc_row][vc_row row_type=&#8221;row&#8221; use_row_as_full_screen_section=&#8221;no&#8221; type=&#8221;full_width&#8221; text_align=&#8221;left&#8221; background_animation=&#8221;none&#8221; css_animation=&#8221;&#8221; css=&#8221;.vc_custom_1610973590515{padding-top: 30px !important;padding-right: 0px !important;padding-bottom: 30px !important;padding-left: 0px !important;}&#8221;][vc_column width=&#8221;2\/3&#8243;][vc_column_text]Lubadalu defiende la \u00f1o\u00f1ez como herramienta de lucha. En su obra se pueden encontrar personas y otrxs mam\u00edferos&#8230;<\/p>\n","protected":false},"author":1,"featured_media":0,"parent":0,"menu_order":0,"comment_status":"closed","ping_status":"closed","template":"","meta":{"footnotes":""},"class_list":["post-1731","page","type-page","status-publish","hentry"],"_links":{"self":[{"href":"https:\/\/casadartistes.esfarcultural.net\/en\/wp-json\/wp\/v2\/pages\/1731","targetHints":{"allow":["GET"]}}],"collection":[{"href":"https:\/\/casadartistes.esfarcultural.net\/en\/wp-json\/wp\/v2\/pages"}],"about":[{"href":"https:\/\/casadartistes.esfarcultural.net\/en\/wp-json\/wp\/v2\/types\/page"}],"author":[{"embeddable":true,"href":"https:\/\/casadartistes.esfarcultural.net\/en\/wp-json\/wp\/v2\/users\/1"}],"replies":[{"embeddable":true,"href":"https:\/\/casadartistes.esfarcultural.net\/en\/wp-json\/wp\/v2\/comments?post=1731"}],"version-history":[{"count":10,"href":"https:\/\/casadartistes.esfarcultural.net\/en\/wp-json\/wp\/v2\/pages\/1731\/revisions"}],"predecessor-version":[{"id":3108,"href":"https:\/\/casadartistes.esfarcultural.net\/en\/wp-json\/wp\/v2\/pages\/1731\/revisions\/3108"}],"wp:attachment":[{"href":"https:\/\/casadartistes.esfarcultural.net\/en\/wp-json\/wp\/v2\/media?parent=1731"}],"curies":[{"name":"wp","href":"https:\/\/api.w.org\/{rel}","templated":true}]}}