{"id":1699,"date":"2022-04-04T09:07:05","date_gmt":"2022-04-04T09:07:05","guid":{"rendered":"https:\/\/casadartistes.esfarcultural.net\/?page_id=1699"},"modified":"2024-06-26T17:16:13","modified_gmt":"2024-06-26T17:16:13","slug":"abril-22","status":"publish","type":"page","link":"https:\/\/casadartistes.esfarcultural.net\/en\/abril-22","title":{"rendered":"ABRIL\/22"},"content":{"rendered":"<div class=\"wpb-content-wrapper\"><p>[vc_row row_type=&#8221;row&#8221; use_row_as_full_screen_section=&#8221;no&#8221; type=&#8221;full_width&#8221; text_align=&#8221;center&#8221; background_animation=&#8221;none&#8221; css_animation=&#8221;&#8221; css=&#8221;.vc_custom_1610973632409{padding-bottom: 20px !important;}&#8221;][vc_column][vc_column_text]<\/p>\n<h5 style=\"text-align: center;\"><span style=\"color: #ea2d2e;\"><b>CARLOS KLETT<br \/>\n<\/b><\/span><\/h5>\n<p>[\/vc_column_text][\/vc_column][\/vc_row][vc_row row_type=&#8221;row&#8221; use_row_as_full_screen_section=&#8221;no&#8221; type=&#8221;full_width&#8221; text_align=&#8221;left&#8221; background_animation=&#8221;none&#8221; css_animation=&#8221;&#8221; css=&#8221;.vc_custom_1610973590515{padding-top: 30px !important;padding-right: 0px !important;padding-bottom: 30px !important;padding-left: 0px !important;}&#8221;][vc_column width=&#8221;2\/3&#8243;][vc_column_text]Mi trabajo surge desde la multidisciplinariedad de forma natural. Considero que cada proyecto debe desarrollarse en la pr\u00e1ctica a la que se adec\u00fae mejor: comprendiendo escultura expandida, v\u00eddeo, instalaci\u00f3n, acciones&#8230; Interes\u00e1ndome por los procesos experimentales, alternativos, relacionales y performativos que derivan en lo objetual. Entendiendo el proceso como obra en s\u00ed misma sin una perspectiva finalista. La relaci\u00f3n con el espectador y las diferentes formas de involucrarle y condicionarle suelen ser elementos cruciales en mi forma de hacer, adem\u00e1s de una continua reflexi\u00f3n sobre qu\u00e9 es la obra de arte.<\/p>\n<p>&nbsp;<\/p>\n<p>Parto del cuerpo como eje constante e hilo conductor, en un principio focaliz\u00e1ndome en su representaci\u00f3n anat\u00f3mica y antropom\u00f3rfica mediante el dibujo, y con el tiempo entendi\u00e9ndolo desde otras perspectivas y procedimientos. Reflexiono en torno al ser humano y lo que lo compone, su existencia limitada vista a trav\u00e9s de un prisma antropol\u00f3gico, biol\u00f3gico y evolutivo. La relaci\u00f3n entre humanidad y naturaleza, los sentidos, el instinto. Nuestra percepci\u00f3n y cognici\u00f3n, y c\u00f3mo \u00e9stas condicionan nuestro comportamiento y nuestra definici\u00f3n y construcci\u00f3n de la realidad. Este cuestionamiento de la realidad y del antropocentrismo me hace preguntarme qu\u00e9 son la abstracci\u00f3n y la forma. Me lleva a pensar sobre los or\u00edgenes, lo ancestral, la fe, la divinidad y lo terrenal, las formas esenciales de la naturaleza. Hablo de un ser deshumanizado, inadaptado y vulnerable, de la herida. Hablo de la acci\u00f3n in\u00fatil, lo incoherente, lo incompleto, lo defectuoso, lo molesto, la forma sin forma.<\/p>\n<p>&nbsp;<\/p>\n<p>Trabajo desde m\u00ed y mi biograf\u00eda, sirvi\u00e9ndome como detonante de las posteriores investigaciones. Durante a\u00f1os trabaj\u00e9 como modelo de desnudo, lo cual me hizo desarrollar una relaci\u00f3n compleja con el cuerpo y un inter\u00e9s especial por \u00e9ste. Creo desde un deseo constante de entender mi propia realidad y existencia. Traslado lo personal a lo universal, planteando narrativas de sexualidad, enfermedad, funcionamiento de la mente y del cerebro, relaciones humanas, auto-reconocimiento, identidad&#8230; Lo que soy, lo que somos como especie. La verdadera divinidad es la naturaleza en s\u00ed.<\/p>\n<p>&nbsp;<\/p>\n<p>&nbsp;<\/p>\n<p>IG <a href=\"https:\/\/www.instagram.com\/carlosklett\/?hl=es\">@carlosklett<\/a>[\/vc_column_text][\/vc_column][vc_column width=&#8221;1\/3&#8243;][vc_single_image image=&#8221;1702&#8243; img_size=&#8221;large&#8221; alignment=&#8221;center&#8221; onclick=&#8221;custom_link&#8221; img_link_target=&#8221;_blank&#8221; qode_css_animation=&#8221;&#8221; link=&#8221;http:\/\/sandrinedeumier.com\/&#8221;][vc_empty_space][vc_empty_space][vc_single_image image=&#8221;1703&#8243; img_size=&#8221;large&#8221; alignment=&#8221;center&#8221; onclick=&#8221;custom_link&#8221; img_link_target=&#8221;_blank&#8221; qode_css_animation=&#8221;&#8221; link=&#8221;http:\/\/sandrinedeumier.com\/&#8221;][\/vc_column][\/vc_row][vc_row row_type=&#8221;row&#8221; use_row_as_full_screen_section=&#8221;no&#8221; type=&#8221;full_width&#8221; text_align=&#8221;left&#8221; background_animation=&#8221;none&#8221; css_animation=&#8221;&#8221; css=&#8221;.vc_custom_1610971923298{padding-top: 10px !important;padding-bottom: 20px !important;}&#8221;][vc_column][vc_separator type=&#8221;normal&#8221; border_style=&#8221;&#8221; color=&#8221;#0a0a0a&#8221;][\/vc_column][\/vc_row][vc_row row_type=&#8221;row&#8221; use_row_as_full_screen_section=&#8221;no&#8221; type=&#8221;full_width&#8221; text_align=&#8221;center&#8221; background_animation=&#8221;none&#8221; css_animation=&#8221;&#8221; css=&#8221;.vc_custom_1610971790637{padding-top: 10px !important;padding-bottom: 30px !important;}&#8221;][vc_column][vc_column_text]<\/p>\n<h5 style=\"text-align: center;\"><span style=\"color: #ea2d2e;\"><b>ANNA REPULLO<br \/>\n<\/b><\/span><\/h5>\n<p>[\/vc_column_text][\/vc_column][\/vc_row][vc_row row_type=&#8221;row&#8221; use_row_as_full_screen_section=&#8221;no&#8221; type=&#8221;full_width&#8221; text_align=&#8221;left&#8221; background_animation=&#8221;none&#8221; css_animation=&#8221;&#8221; css=&#8221;.vc_custom_1610973117877{padding-top: 0px !important;padding-bottom: 30px !important;}&#8221;][vc_column width=&#8221;3\/4&#8243;][vc_column_text css=&#8221;.vc_custom_1649071957148{padding-top: 30px !important;}&#8221;]Licenciada en Bellas Artes (Granada) y formaci\u00f3n en ilustraci\u00f3n en la escuela BAU, he realizado murales en espacios p\u00fablicos de la pen\u00ednsula y las islas como Tarragona, Toledo, Valencia, Barcelona, Huesca, Lugo, Sitges, Salamanca o Eivissa, entre otros, y tambi\u00e9n en espacios internacionales como en Francia y Nepal. Tambi\u00e9n he participado en varias exposiciones en diferentes ciudades de la provincia de Barcelona, Lleida, entre otros.<\/p>\n<p>&nbsp;<\/p>\n<p>Mi trabajo es pict\u00f3rico, siempre he trabajado en peque\u00f1o formato, (oleos, aqu\u00e9relas&#8230;) i \u00faltimamente me he centrado en los murales (pintura pl\u00e1stica). Mi trabajo se centra, principalemente, en la figura humana, buscando representar gestos y actitudes que muestren emociones sinceras, captar momentos especiales. Me interesa retratar a la gente e interpretar sus sentimientos, pero tambi\u00e9n me motiva la idea de representar el fondo como cielo, como espacio abierto que evoca a la libertad, a la necesidad de salir al exterior. Me interesa buscar la conexi\u00f3n entre el estado del cielo y el estado an\u00edmico.<\/p>\n<p>&nbsp;<\/p>\n<p>&nbsp;<\/p>\n<p>IG <a href=\"https:\/\/www.instagram.com\/annarepullovique\/\">@annarepullovique<\/a>[\/vc_column_text][\/vc_column][vc_column width=&#8221;1\/4&#8243;][vc_single_image image=&#8221;1706&#8243; img_size=&#8221;medium&#8221; alignment=&#8221;center&#8221; onclick=&#8221;custom_link&#8221; img_link_target=&#8221;_blank&#8221; qode_css_animation=&#8221;&#8221; link=&#8221;https:\/\/www.alky0ni.com\/&#8221;][vc_empty_space][vc_empty_space][vc_single_image image=&#8221;1704&#8243; img_size=&#8221;medium&#8221; alignment=&#8221;center&#8221; onclick=&#8221;custom_link&#8221; img_link_target=&#8221;_blank&#8221; qode_css_animation=&#8221;&#8221; link=&#8221;https:\/\/www.alky0ni.com\/&#8221;][\/vc_column][\/vc_row][vc_row row_type=&#8221;row&#8221; use_row_as_full_screen_section=&#8221;no&#8221; type=&#8221;full_width&#8221; text_align=&#8221;left&#8221; background_animation=&#8221;none&#8221; css_animation=&#8221;&#8221; css=&#8221;.vc_custom_1610973136118{padding-top: px !important;padding-bottom: 30px !important;}&#8221;][vc_column][vc_separator type=&#8221;normal&#8221; border_style=&#8221;&#8221; color=&#8221;#0a0a0a&#8221;][\/vc_column][\/vc_row][vc_row row_type=&#8221;row&#8221; use_row_as_full_screen_section=&#8221;no&#8221; type=&#8221;full_width&#8221; text_align=&#8221;left&#8221; background_animation=&#8221;none&#8221; css_animation=&#8221;&#8221; css=&#8221;.vc_custom_1610971612162{padding-top: 10px !important;}&#8221;][vc_column][vc_column_text]<\/p>\n<h5 style=\"text-align: center;\"><span style=\"color: #ea2d2e;\"><b>NIEVES GURI<br \/>\n<\/b><\/span><\/h5>\n<p>[\/vc_column_text][\/vc_column][\/vc_row][vc_row row_type=&#8221;row&#8221; use_row_as_full_screen_section=&#8221;no&#8221; type=&#8221;full_width&#8221; text_align=&#8221;left&#8221; background_animation=&#8221;none&#8221; css_animation=&#8221;&#8221; css=&#8221;.vc_custom_1610971880916{padding-top: 30px !important;padding-bottom: 20px !important;}&#8221;][vc_column width=&#8221;2\/3&#8243;][vc_column_text css=&#8221;.vc_custom_1649071921302{padding-top: 30px !important;}&#8221;]Soy Nieves Guri y soy artista multidisciplinar, psic\u00f3loga y mediadora art\u00edstica nacida en la isla de Mallorca en 1984. Me he formado en Mallorca y Barcelona y en el a\u00f1o 2022 me instal\u00e9 en Cabo de Gata tras participar en un taller de creaci\u00f3n con el artista Ernesto Artillo.<br \/>\nEn mi trayectoria confluyen la formaci\u00f3n art\u00edstica y la psicol\u00f3gica y mi trabajo profundiza, desde varios lenguajes art\u00edsticos, en las relaciones inter e intrapersonales, buscando acceder a los lugares m\u00e1s \u00edntimos de la condici\u00f3n humana y social.<\/p>\n<p>&nbsp;<\/p>\n<p>Me inici\u00e9 en la fotograf\u00eda anal\u00f3gica y digital de forma autodidacta y me form\u00e9 en fotograf\u00eda terap\u00e9utica. Tras mi paso por la Escuela de Artes Audiovisuales de Mallorca (CEF), empiezo a incorporar a mi trabajos lenguajes como el videomapping. He desarrollado varios proyectos fotogr\u00e1ficos en relaci\u00f3n con el cuerpo y profundamente asociados a lo psicol\u00f3gico y lo filos\u00f3fico.<\/p>\n<p>&nbsp;<\/p>\n<p>Me especialic\u00e9 en terapias creativas en la escuela Met\u00e1fora (Barcelona) y en mediaci\u00f3n art\u00edstica (UB, Barcelona). He desarrollado proyectos art\u00edsticos dentro del \u00e1mbito comunitario colaborando con asociaciones como Karmala Cultura (La Palma) y Fundaci\u00f3n ASNIMO (Palma de Mallorca). Actualmente realizo acompa\u00f1amientos al desarrollo art\u00edstico desde la mediaci\u00f3n y dise\u00f1o talleres de investigaci\u00f3n art\u00edstica en los que promuevo la incorporaci\u00f3n de lo psicol\u00f3gico y lo emocional al proceso creativo.<\/p>\n<p>&nbsp;<\/p>\n<p>IG <a href=\"https:\/\/www.instagram.com\/nievesguri\/\">@nievesguri<\/a>[\/vc_column_text][\/vc_column][vc_column width=&#8221;1\/3&#8243;][vc_single_image image=&#8221;1701&#8243; img_size=&#8221;large&#8221; alignment=&#8221;center&#8221; onclick=&#8221;custom_link&#8221; img_link_target=&#8221;_blank&#8221; qode_css_animation=&#8221;&#8221; link=&#8221;https:\/\/paulavicente.hotglue.me&#8221;][vc_empty_space][vc_empty_space][vc_single_image image=&#8221;1700&#8243; img_size=&#8221;large&#8221; alignment=&#8221;center&#8221; onclick=&#8221;custom_link&#8221; img_link_target=&#8221;_blank&#8221; qode_css_animation=&#8221;&#8221; link=&#8221;https:\/\/paulavicente.hotglue.me&#8221;][\/vc_column][\/vc_row]<\/p>\n<\/div>","protected":false},"excerpt":{"rendered":"<p>[vc_row row_type=&#8221;row&#8221; use_row_as_full_screen_section=&#8221;no&#8221; type=&#8221;full_width&#8221; text_align=&#8221;center&#8221; background_animation=&#8221;none&#8221; css_animation=&#8221;&#8221; css=&#8221;.vc_custom_1610973632409{padding-bottom: 20px !important;}&#8221;][vc_column][vc_column_text] CARLOS KLETT [\/vc_column_text][\/vc_column][\/vc_row][vc_row row_type=&#8221;row&#8221; use_row_as_full_screen_section=&#8221;no&#8221; type=&#8221;full_width&#8221; text_align=&#8221;left&#8221; background_animation=&#8221;none&#8221; css_animation=&#8221;&#8221; css=&#8221;.vc_custom_1610973590515{padding-top: 30px !important;padding-right: 0px !important;padding-bottom: 30px !important;padding-left: 0px !important;}&#8221;][vc_column width=&#8221;2\/3&#8243;][vc_column_text]Mi trabajo surge desde la multidisciplinariedad de forma natural. Considero que cada proyecto debe desarrollarse en la&#8230;<\/p>\n","protected":false},"author":1,"featured_media":0,"parent":0,"menu_order":0,"comment_status":"closed","ping_status":"closed","template":"","meta":{"footnotes":""},"class_list":["post-1699","page","type-page","status-publish","hentry"],"_links":{"self":[{"href":"https:\/\/casadartistes.esfarcultural.net\/en\/wp-json\/wp\/v2\/pages\/1699","targetHints":{"allow":["GET"]}}],"collection":[{"href":"https:\/\/casadartistes.esfarcultural.net\/en\/wp-json\/wp\/v2\/pages"}],"about":[{"href":"https:\/\/casadartistes.esfarcultural.net\/en\/wp-json\/wp\/v2\/types\/page"}],"author":[{"embeddable":true,"href":"https:\/\/casadartistes.esfarcultural.net\/en\/wp-json\/wp\/v2\/users\/1"}],"replies":[{"embeddable":true,"href":"https:\/\/casadartistes.esfarcultural.net\/en\/wp-json\/wp\/v2\/comments?post=1699"}],"version-history":[{"count":13,"href":"https:\/\/casadartistes.esfarcultural.net\/en\/wp-json\/wp\/v2\/pages\/1699\/revisions"}],"predecessor-version":[{"id":3109,"href":"https:\/\/casadartistes.esfarcultural.net\/en\/wp-json\/wp\/v2\/pages\/1699\/revisions\/3109"}],"wp:attachment":[{"href":"https:\/\/casadartistes.esfarcultural.net\/en\/wp-json\/wp\/v2\/media?parent=1699"}],"curies":[{"name":"wp","href":"https:\/\/api.w.org\/{rel}","templated":true}]}}