{"id":1402,"date":"2021-11-09T12:06:18","date_gmt":"2021-11-09T12:06:18","guid":{"rendered":"https:\/\/casadartistes.esfarcultural.net\/?page_id=1402"},"modified":"2025-04-14T08:50:40","modified_gmt":"2025-04-14T08:50:40","slug":"deslocalitzacions","status":"publish","type":"page","link":"https:\/\/casadartistes.esfarcultural.net\/en\/deslocalitzacions","title":{"rendered":"DESLOCALITZACIONS"},"content":{"rendered":"<div class=\"wpb-content-wrapper\"><p>[vc_row row_type=&#8221;row&#8221; use_row_as_full_screen_section=&#8221;no&#8221; type=&#8221;full_width&#8221; text_align=&#8221;left&#8221; background_animation=&#8221;none&#8221; css_animation=&#8221;&#8221;][vc_column][vc_column_text]<\/p>\r\n<p><p>[\/vc_column_text][\/vc_column][\/vc_row][vc_row row_type=&#8221;row&#8221; use_row_as_full_screen_section=&#8221;no&#8221; type=&#8221;full_width&#8221; text_align=&#8221;left&#8221; background_animation=&#8221;none&#8221; css_animation=&#8221;&#8221;][vc_column][vc_empty_space][vc_column_text css=&#8221;&#8221;]<\/p>\n<h3><span id=\"m_-9071871754609855825gmail-docs-internal-guid-8a90b02e-7fff-bdf2-046a-b43f8ce1c5fb\"><b>DESLOCALITZACIONS. RELACIONS SIMBI\u00d2TICAS ENTRE RESID\u00c8NCIES <\/b><\/span><\/h3>\n<h3><span style=\"color: #ff0000;\">Artista seleccionat<\/span><\/h3>\n<p>[\/vc_column_text][\/vc_column][\/vc_row][vc_row row_type=&#8221;row&#8221; use_row_as_full_screen_section=&#8221;no&#8221; type=&#8221;full_width&#8221; text_align=&#8221;left&#8221; background_animation=&#8221;none&#8221; css_animation=&#8221;&#8221;][vc_column][vc_column_text]<\/p>\n\r\n<p>[\/vc_column_text][\/vc_column][\/vc_row][vc_row row_type=&#8221;row&#8221; use_row_as_full_screen_section=&#8221;no&#8221; type=&#8221;full_width&#8221; text_align=&#8221;left&#8221; background_animation=&#8221;none&#8221; css_animation=&#8221;&#8221;][vc_column][vc_empty_space][vc_empty_space][\/vc_column][\/vc_row][vc_row row_type=&#8221;row&#8221; use_row_as_full_screen_section=&#8221;no&#8221; type=&#8221;full_width&#8221; text_align=&#8221;left&#8221; background_animation=&#8221;none&#8221; css_animation=&#8221;&#8221;][vc_column][vc_column_text]<\/p>\r\n\r\n<p><p>[\/vc_column_text][\/vc_column][\/vc_row][vc_row row_type=&#8221;row&#8221; use_row_as_full_screen_section=&#8221;no&#8221; type=&#8221;full_width&#8221; text_align=&#8221;left&#8221; background_animation=&#8221;none&#8221; css_animation=&#8221;&#8221;][vc_column width=&#8221;2\/3&#8243;][vc_empty_space][vc_column_text css=&#8221;&#8221;]<\/p>\n<h4 style=\"text-align: left;\"><span style=\"color: #ff0000;\">JORDI MORELL (Girona, Catalunya) <\/span><\/h4>\n<p style=\"text-align: justify;\">Artista visual i professor lector (Serra H\u00fanter Fellow) del Departament d\u2019Arts Visuals i Disseny de la Facultat de Belles Arts de la Universitat de Barcelona. Doctor en Belles Arts per la Universitat de Barcelona, amb la tesi: \u201c[Mind the Gap] Experi\u00e8ncies i representacions contempor\u00e0nies entorn del forat\u201d (2016).<\/p>\n<p>&nbsp;<\/p>\n<p style=\"text-align: justify;\">Dels darrers treballs realitzats en destaca per una banda la participaci\u00f3 del projecte art\u00edstic \u201cLloc, mem\u00f2ria i salic\u00f2rnies\u201d, col\u00b7laboraci\u00f3 vinculada al projecte europeu LIFE Pletera en el qual es va fer el seguiment de la desurbanitzaci\u00f3 i posterior restauraci\u00f3 ecol\u00f2gica d\u2019unes maresmes a l\u2019Estartit (2015-2018). Per un altre costat, des del 2014 treballa amb diverses obres\/assajos que parteixen de l\u2019estranyament causat per les troballes de bombes de la 2a Guerra Mundial en diversos indrets d\u2019Europa en l\u2019actualitat. La darrera exposici\u00f3 d\u2019aquesta l\u00ednia \u00e9s \u201cUn pati, una merla i un tros de ferralla\u201d (Cultural Rizoma, Celr\u00e0, 2019).<\/p>\n<p>&nbsp;<\/p>\n<p style=\"text-align: justify;\">Ha realitzat exposicions individuals i col\u00b7lectives en espais nacionals com: Centre d\u2019Art Santa M\u00f2nica (Barcelona), Casa Encendida (Madrid), B\u00f2lit. Centre d\u2019Art Contemporani de Girona, Capella de St. Nicolau (Girona), Museu de Tortosa, Museu de la Mediterr\u00e0nia (Torroella de Montgr\u00ed), Sala 15 de l\u2019\u00c0rea de Creaci\u00f3 Contempor\u00e0nia d\u2019Olot, Sala d\u2019Art Jove (Barcelona), Galeria Espai 2nou2 \u2013 Senda (Barcelona), Espai Cavallers (Lleida), Fundaci\u00f3 Studium (Girona), aix\u00ed com d\u2019internacionals: Vrije Academie (La Haia), Mus\u00e9e d\u2019Art Moderne de C\u00e9ret, ENSAD (Par\u00eds), Salon de Jeunes Cr\u00e9ateurs Europ\u00e9ennes (itinerant). Ha gaudit de beques de creaci\u00f3 art\u00edstica com: Fundaci\u00f3 Guasch-Coranty, Fundaci\u00f3 Fel\u00edcia Fuster, Fundaci\u00f3n Rodr\u00edguez-Acosta.<\/p>\n<p>&nbsp;<\/p>\n<p style=\"text-align: justify;\">Ha publicat diversos articles a la revista \u201c:Est\u00fadio. Artistas sobre Outras Obras\u201d (Facultat de Belles Arts, Universitat de Lisboa) i en el BR::AC (Barcelona Research Art Creation). Des del 2007 col\u00b7labora amb aportacions art\u00edstiques amb la revista \u201cAurora. Papeles del Seminario Mar\u00eda Zambrano\u201d (Facultat de Filosofia, Universitat de Barcelona).<\/p>\n<p>&nbsp;<\/p>\n<p>&nbsp;<\/p>\n<p style=\"text-align: justify;\"><a href=\"https:\/\/www.jordimorell.net\/\">jordimorell.net<\/a><\/p>\n<p>[\/vc_column_text][vc_empty_space][vc_empty_space][\/vc_column][vc_column width=&#8221;1\/3&#8243;][vc_empty_space][vc_single_image image=&#8221;3447&#8243; img_size=&#8221;full&#8221; css=&#8221;&#8221; qode_css_animation=&#8221;&#8221;][vc_empty_space][vc_single_image image=&#8221;3448&#8243; img_size=&#8221;large&#8221; alignment=&#8221;right&#8221; css=&#8221;&#8221; qode_css_animation=&#8221;&#8221;][vc_empty_space][\/vc_column][\/vc_row][vc_row row_type=&#8221;row&#8221; use_row_as_full_screen_section=&#8221;no&#8221; type=&#8221;full_width&#8221; text_align=&#8221;left&#8221; background_animation=&#8221;none&#8221; css_animation=&#8221;&#8221;][vc_column][vc_empty_space][vc_column_text css=&#8221;&#8221;]<\/p>\n<p style=\"text-align: left;\"><strong>Deslocalitzacions \u00e9s fruit de la col\u00b7laboraci\u00f3 entre l\u2019entitat <a href=\"https:\/\/experimentem.org\/\" target=\"_blank\" rel=\"noopener\" data-saferedirecturl=\"https:\/\/www.google.com\/url?q=https:\/\/experimentem.org\/&#038;source=gmail&#038;ust=1744705846231000&#038;usg=AOvVaw08UjqHxxPwOXhTCwwGEGhQ\">Experimentem amb l\u2019ART<\/a>(Barcelona) i l\u2019associaci\u00f3 <a href=\"https:\/\/esfarcultural.net\/\" target=\"_blank\" rel=\"noopener\" data-saferedirecturl=\"https:\/\/www.google.com\/url?q=https:\/\/esfarcultural.net\/&#038;source=gmail&#038;ust=1744705846231000&#038;usg=AOvVaw3RVA46JZq3lu73N3315fmD\">Es FAR Cultural<\/a> (Menorca)<\/strong><\/p>\n<p>[\/vc_column_text][\/vc_column][\/vc_row][vc_row row_type=&#8221;row&#8221; use_row_as_full_screen_section=&#8221;no&#8221; type=&#8221;full_width&#8221; text_align=&#8221;left&#8221; background_animation=&#8221;none&#8221; css_animation=&#8221;&#8221;][vc_column][\/vc_column][\/vc_row][vc_row row_type=&#8221;row&#8221; use_row_as_full_screen_section=&#8221;no&#8221; type=&#8221;full_width&#8221; text_align=&#8221;left&#8221; background_animation=&#8221;none&#8221; css_animation=&#8221;&#8221;][vc_column][vc_empty_space][vc_empty_space][vc_empty_space][\/vc_column][\/vc_row]<\/p>\n<\/div>","protected":false},"excerpt":{"rendered":"<p>[vc_row row_type=&#8221;row&#8221; use_row_as_full_screen_section=&#8221;no&#8221; type=&#8221;full_width&#8221; text_align=&#8221;left&#8221; background_animation=&#8221;none&#8221; css_animation=&#8221;&#8221;][vc_column][vc_column_text] [\/vc_column_text][\/vc_column][\/vc_row][vc_row row_type=&#8221;row&#8221; use_row_as_full_screen_section=&#8221;no&#8221; type=&#8221;full_width&#8221; text_align=&#8221;left&#8221; background_animation=&#8221;none&#8221; css_animation=&#8221;&#8221;][vc_column][vc_empty_space][vc_empty_space][\/vc_column][\/vc_row][vc_row row_type=&#8221;row&#8221; use_row_as_full_screen_section=&#8221;no&#8221; type=&#8221;full_width&#8221; text_align=&#8221;left&#8221; background_animation=&#8221;none&#8221; css_animation=&#8221;&#8221;][vc_column][vc_column_text]<\/p>\n","protected":false},"author":1,"featured_media":0,"parent":0,"menu_order":0,"comment_status":"closed","ping_status":"closed","template":"","meta":{"footnotes":""},"class_list":["post-1402","page","type-page","status-publish","hentry"],"_links":{"self":[{"href":"https:\/\/casadartistes.esfarcultural.net\/en\/wp-json\/wp\/v2\/pages\/1402","targetHints":{"allow":["GET"]}}],"collection":[{"href":"https:\/\/casadartistes.esfarcultural.net\/en\/wp-json\/wp\/v2\/pages"}],"about":[{"href":"https:\/\/casadartistes.esfarcultural.net\/en\/wp-json\/wp\/v2\/types\/page"}],"author":[{"embeddable":true,"href":"https:\/\/casadartistes.esfarcultural.net\/en\/wp-json\/wp\/v2\/users\/1"}],"replies":[{"embeddable":true,"href":"https:\/\/casadartistes.esfarcultural.net\/en\/wp-json\/wp\/v2\/comments?post=1402"}],"version-history":[{"count":10,"href":"https:\/\/casadartistes.esfarcultural.net\/en\/wp-json\/wp\/v2\/pages\/1402\/revisions"}],"predecessor-version":[{"id":3454,"href":"https:\/\/casadartistes.esfarcultural.net\/en\/wp-json\/wp\/v2\/pages\/1402\/revisions\/3454"}],"wp:attachment":[{"href":"https:\/\/casadartistes.esfarcultural.net\/en\/wp-json\/wp\/v2\/media?parent=1402"}],"curies":[{"name":"wp","href":"https:\/\/api.w.org\/{rel}","templated":true}]}}