{"id":1286,"date":"2021-06-28T10:34:28","date_gmt":"2021-06-28T10:34:28","guid":{"rendered":"https:\/\/casadartistes.esfarcultural.net\/?page_id=1286"},"modified":"2024-06-26T17:22:58","modified_gmt":"2024-06-26T17:22:58","slug":"residents-constel%c2%b7lacions","status":"publish","type":"page","link":"https:\/\/casadartistes.esfarcultural.net\/en\/residents-constel%c2%b7lacions","title":{"rendered":"RESIDENTS CONSTEL\u00b7LACIONS"},"content":{"rendered":"<div class=\"wpb-content-wrapper\"><p>[vc_row row_type=&#8221;row&#8221; use_row_as_full_screen_section=&#8221;no&#8221; type=&#8221;full_width&#8221; text_align=&#8221;left&#8221; background_animation=&#8221;none&#8221; css_animation=&#8221;&#8221;][vc_column][vc_empty_space][vc_column_text]<\/p>\n<h3>Artistas seleccionadas en la Convocatoria CONSTELACIONES<\/h3>\n<p>[\/vc_column_text][\/vc_column][\/vc_row][vc_row row_type=&#8221;row&#8221; use_row_as_full_screen_section=&#8221;no&#8221; type=&#8221;full_width&#8221; text_align=&#8221;left&#8221; background_animation=&#8221;none&#8221; css_animation=&#8221;&#8221;][vc_column][vc_empty_space][vc_empty_space][\/vc_column][\/vc_row][vc_row row_type=&#8221;row&#8221; use_row_as_full_screen_section=&#8221;no&#8221; type=&#8221;full_width&#8221; text_align=&#8221;left&#8221; background_animation=&#8221;none&#8221; css_animation=&#8221;&#8221;][vc_column width=&#8221;1\/2&#8243;][vc_column_text]<\/p>\n<h3><strong>Residencia Casa d&#8217;Artistes<br \/>\n<\/strong><strong>(Es Far Cultural)<\/strong><br \/>\nNoa Morales y Sergi Conesa<\/h3>\n<p>[\/vc_column_text][vc_empty_space][vc_empty_space][vc_column_text]<span style=\"color: #ff0000;\">NOA MORALES<br \/>\n<\/span><\/p>\n<p>Nace en octubre del 1994 en Barcelona. Desde la adolescencia ha tenido inquietudes sociales y art\u00edsticas encaminando su carrera formativa al realizar el bachillerato art\u00edstico. A la vez participa de los movimientos sociales de su zona hasta la actualidad. Movida por estos intereses encuentra en la fotograf\u00eda el espacio donde explorar su faceta creativa al servicio del cambio social gradu\u00e1ndose en iluminaci\u00f3n y fotograf\u00eda art\u00edstica. Su trabajo se centra en la identidad, el g\u00e9nero, y los procesos creativos colectivos realizando proyectos de larga duraci\u00f3n.<\/p>\n<p>&nbsp;<\/p>\n<p>Inicialmente influenciada por el fotoperiodismo avanza hacia una fotograf\u00eda m\u00e1s creativa y realiza el curso de documental creativo, bajo beca con su trabajo \u201cMama\u2019s *Mamas\u201d, al CFD. Paralelamente expone el proyecto de \u201cMama\u2019s *Mamas\u201d en el Festival Photogenic. En constante formaci\u00f3n sigue cuestion\u00e1ndose cual es la mejor forma de interpelar al p\u00fablico dentro de un mundo visual sobresaturado asistiendo a varias charlas, talleres y festivales de fotograf\u00eda.<\/p>\n<p>&nbsp;<\/p>\n<p>Siguiendo sus intereses colectivos inicia proyectos de creaci\u00f3n compartida con otros profesionales del sector y realiza, entre otros, talleres de fotograf\u00eda participativa en el colectivo La R\u00e1faga.<\/p>\n<p>&nbsp;<\/p>\n<p>IG @no.a.mar<\/p>\n<p>[\/vc_column_text][vc_empty_space][vc_empty_space][vc_column_text]<span style=\"color: #ff0000;\">SERGI CONESA<\/span><\/p>\n<p>Nace en julio de 1991 en Barcelona. Desde la infancia vive en un constante cuestionamiento y reflexi\u00f3n verso las cosas que lo rodean. Durante la adolescencia utiliza la poes\u00eda para plasmar todas las preguntas ontol\u00f3gicas y vitales que se plantea. busca de respuestas se interesa por las ciencias sociales, gradu\u00e1ndose en Antropolog\u00eda Social y Cultural. Posteriormente se dedica en el mundo de la educaci\u00f3n social y se profesionaliza trabajando en diferentes Centros residenciales para ni\u00f1os y j\u00f3venes. Paralelamente estudia fotograf\u00eda. Despu\u00e9s de hacer el posgrado en *Fotoperiodime colabora puntualmente con varios medios de comunicaci\u00f3n como La Marea, Lo Salto, El Pa\u00eds o 5w. Actualmente colabora habitualmente con El Peri\u00f3dico de Catalu\u00f1a.<\/p>\n<p>&nbsp;<\/p>\n<p>Debido a su bagaje como educador social y antrop\u00f3logo y convencido que la fotograf\u00eda puede ser una herramienta posibilitadora muy \u00fatil tanto a nivel individual como colectivo, se agrupa con otros profesionales para realizar talleres de fotograf\u00eda participativa a trav\u00e9s de La R\u00e1faga.<\/p>\n<p>&nbsp;<\/p>\n<p>&nbsp;<\/p>\n<p>&nbsp;<\/p>\n<p>IG @sergiconesa<\/p>\n<p><a href=\"http:\/\/www.sergiconesa.com\">www.sergiconesa.com<\/a><\/p>\n<p>[\/vc_column_text][\/vc_column][vc_column width=&#8221;1\/2&#8243;][vc_empty_space][vc_empty_space][vc_empty_space][vc_empty_space][vc_empty_space][vc_empty_space][vc_single_image image=&#8221;1113&#8243; img_size=&#8221;large&#8221; alignment=&#8221;center&#8221; qode_css_animation=&#8221;&#8221;][\/vc_column][vc_column][\/vc_column][\/vc_row][vc_row row_type=&#8221;row&#8221; use_row_as_full_screen_section=&#8221;no&#8221; type=&#8221;full_width&#8221; text_align=&#8221;left&#8221; background_animation=&#8221;none&#8221; css_animation=&#8221;&#8221;][vc_column][vc_empty_space][vc_empty_space][vc_empty_space][\/vc_column][\/vc_row][vc_row row_type=&#8221;row&#8221; use_row_as_full_screen_section=&#8221;no&#8221; type=&#8221;full_width&#8221; text_align=&#8221;left&#8221; background_animation=&#8221;none&#8221; css_animation=&#8221;&#8221;][vc_column][vc_column_text]<\/p>\n<div class=\"et_pb_row et_pb_row_2\">\n<div class=\"et_pb_column et_pb_column_4_4 et_pb_column_3 et_pb_css_mix_blend_mode_passthrough et-last-child\">\n<div class=\"et_pb_module et_pb_text et_pb_text_2 et_pb_text_align_justified et_pb_text_align_left-phone et_pb_bg_layout_light\">\n<div class=\"et_pb_text_inner\">\n<p>Un projecte de<\/p>\n<\/div>\n<\/div>\n<\/div>\n<\/div>\n<p>[\/vc_column_text][vc_empty_space][vc_single_image image=&#8221;1134&#8243; img_size=&#8221;large&#8221; alignment=&#8221;center&#8221; qode_css_animation=&#8221;&#8221;][vc_empty_space][vc_empty_space][vc_empty_space][vc_column_text]<\/p>\n<div class=\"et_pb_row et_pb_row_2\">\n<div class=\"et_pb_column et_pb_column_4_4 et_pb_column_3 et_pb_css_mix_blend_mode_passthrough et-last-child\">\n<div class=\"et_pb_module et_pb_text et_pb_text_2 et_pb_text_align_justified et_pb_text_align_left-phone et_pb_bg_layout_light\">\n<div class=\"et_pb_text_inner\">\n<p>Amb la participaci\u00f3 de<\/p>\n<\/div>\n<\/div>\n<\/div>\n<\/div>\n<p>[\/vc_column_text][vc_empty_space][\/vc_column][\/vc_row][vc_row row_type=&#8221;row&#8221; use_row_as_full_screen_section=&#8221;no&#8221; type=&#8221;full_width&#8221; text_align=&#8221;left&#8221; background_animation=&#8221;none&#8221; css_animation=&#8221;&#8221;][vc_column width=&#8221;1\/3&#8243;][vc_single_image image=&#8221;593&#8243; img_size=&#8221;medium&#8221; qode_css_animation=&#8221;&#8221;][\/vc_column][vc_column width=&#8221;1\/3&#8243;][vc_single_image image=&#8221;1117&#8243; img_size=&#8221;medium&#8221; qode_css_animation=&#8221;&#8221;][\/vc_column][vc_column width=&#8221;1\/3&#8243;][vc_single_image image=&#8221;1118&#8243; img_size=&#8221;medium&#8221; qode_css_animation=&#8221;&#8221;][\/vc_column][\/vc_row][vc_row row_type=&#8221;row&#8221; use_row_as_full_screen_section=&#8221;no&#8221; type=&#8221;full_width&#8221; text_align=&#8221;left&#8221; background_animation=&#8221;none&#8221; css_animation=&#8221;&#8221;][vc_column][vc_empty_space height=&#8221;52px&#8221;][vc_empty_space height=&#8221;52px&#8221;][\/vc_column][\/vc_row][vc_row row_type=&#8221;row&#8221; use_row_as_full_screen_section=&#8221;no&#8221; type=&#8221;full_width&#8221; text_align=&#8221;left&#8221; background_animation=&#8221;none&#8221; css_animation=&#8221;&#8221;][vc_column][vc_column_text]<\/p>\n<div class=\"et_pb_row et_pb_row_2\">\n<div class=\"et_pb_column et_pb_column_4_4 et_pb_column_3 et_pb_css_mix_blend_mode_passthrough et-last-child\">\n<div class=\"et_pb_module et_pb_text et_pb_text_2 et_pb_text_align_justified et_pb_text_align_left-phone et_pb_bg_layout_light\">\n<div class=\"et_pb_text_inner\">\n<p>Amb el suport de<\/p>\n<\/div>\n<\/div>\n<\/div>\n<\/div>\n<p>[\/vc_column_text][vc_single_image image=&#8221;1119&#8243; img_size=&#8221;medium&#8221; alignment=&#8221;center&#8221; qode_css_animation=&#8221;&#8221;][\/vc_column][\/vc_row]<\/p>\n<\/div>","protected":false},"excerpt":{"rendered":"<p>[vc_row row_type=&#8221;row&#8221; use_row_as_full_screen_section=&#8221;no&#8221; type=&#8221;full_width&#8221; text_align=&#8221;left&#8221; background_animation=&#8221;none&#8221; css_animation=&#8221;&#8221;][vc_column][vc_empty_space][vc_column_text] Artistas seleccionadas en la Convocatoria CONSTELACIONES [\/vc_column_text][\/vc_column][\/vc_row][vc_row row_type=&#8221;row&#8221; use_row_as_full_screen_section=&#8221;no&#8221; type=&#8221;full_width&#8221; text_align=&#8221;left&#8221; background_animation=&#8221;none&#8221; css_animation=&#8221;&#8221;][vc_column][vc_empty_space][vc_empty_space][\/vc_column][\/vc_row][vc_row row_type=&#8221;row&#8221; use_row_as_full_screen_section=&#8221;no&#8221; type=&#8221;full_width&#8221; text_align=&#8221;left&#8221; background_animation=&#8221;none&#8221; css_animation=&#8221;&#8221;][vc_column width=&#8221;1\/2&#8243;][vc_column_text] Residencia Casa d&#8217;Artistes (Es Far Cultural) Noa Morales y Sergi Conesa [\/vc_column_text][vc_empty_space][vc_empty_space][vc_column_text]NOA MORALES Nace en octubre del 1994&#8230;<\/p>\n","protected":false},"author":1,"featured_media":0,"parent":0,"menu_order":0,"comment_status":"closed","ping_status":"closed","template":"","meta":{"footnotes":""},"class_list":["post-1286","page","type-page","status-publish","hentry"],"_links":{"self":[{"href":"https:\/\/casadartistes.esfarcultural.net\/en\/wp-json\/wp\/v2\/pages\/1286","targetHints":{"allow":["GET"]}}],"collection":[{"href":"https:\/\/casadartistes.esfarcultural.net\/en\/wp-json\/wp\/v2\/pages"}],"about":[{"href":"https:\/\/casadartistes.esfarcultural.net\/en\/wp-json\/wp\/v2\/types\/page"}],"author":[{"embeddable":true,"href":"https:\/\/casadartistes.esfarcultural.net\/en\/wp-json\/wp\/v2\/users\/1"}],"replies":[{"embeddable":true,"href":"https:\/\/casadartistes.esfarcultural.net\/en\/wp-json\/wp\/v2\/comments?post=1286"}],"version-history":[{"count":13,"href":"https:\/\/casadartistes.esfarcultural.net\/en\/wp-json\/wp\/v2\/pages\/1286\/revisions"}],"predecessor-version":[{"id":3114,"href":"https:\/\/casadartistes.esfarcultural.net\/en\/wp-json\/wp\/v2\/pages\/1286\/revisions\/3114"}],"wp:attachment":[{"href":"https:\/\/casadartistes.esfarcultural.net\/en\/wp-json\/wp\/v2\/media?parent=1286"}],"curies":[{"name":"wp","href":"https:\/\/api.w.org\/{rel}","templated":true}]}}