{"id":1096,"date":"2021-04-07T09:41:47","date_gmt":"2021-04-07T09:41:47","guid":{"rendered":"https:\/\/casadartistes.esfarcultural.net\/?page_id=1096"},"modified":"2024-07-11T11:14:09","modified_gmt":"2024-07-11T11:14:09","slug":"arts-al-nord","status":"publish","type":"page","link":"https:\/\/casadartistes.esfarcultural.net\/en\/arts-al-nord","title":{"rendered":"ARTS AL NORD"},"content":{"rendered":"<div class=\"wpb-content-wrapper\"><p>[vc_row row_type=&#8221;row&#8221; use_row_as_full_screen_section=&#8221;no&#8221; type=&#8221;full_width&#8221; text_align=&#8221;left&#8221; background_animation=&#8221;none&#8221; css_animation=&#8221;&#8221;][vc_column][vc_empty_space][vc_column_text]<img loading=\"lazy\" decoding=\"async\" class=\"alignnone size-full wp-image-1353\" src=\"https:\/\/casadartistes.esfarcultural.net\/wp-content\/uploads\/2021\/08\/an21-convoca-scaled.jpg\" alt=\"\" width=\"2560\" height=\"853\" srcset=\"https:\/\/casadartistes.esfarcultural.net\/wp-content\/uploads\/2021\/08\/an21-convoca-scaled.jpg 2560w, https:\/\/casadartistes.esfarcultural.net\/wp-content\/uploads\/2021\/08\/an21-convoca-300x100.jpg 300w, https:\/\/casadartistes.esfarcultural.net\/wp-content\/uploads\/2021\/08\/an21-convoca-1024x341.jpg 1024w, https:\/\/casadartistes.esfarcultural.net\/wp-content\/uploads\/2021\/08\/an21-convoca-768x256.jpg 768w, https:\/\/casadartistes.esfarcultural.net\/wp-content\/uploads\/2021\/08\/an21-convoca-1536x512.jpg 1536w, https:\/\/casadartistes.esfarcultural.net\/wp-content\/uploads\/2021\/08\/an21-convoca-2048x683.jpg 2048w, https:\/\/casadartistes.esfarcultural.net\/wp-content\/uploads\/2021\/08\/an21-convoca-700x233.jpg 700w, https:\/\/casadartistes.esfarcultural.net\/wp-content\/uploads\/2021\/08\/an21-convoca-1100x367.jpg 1100w, https:\/\/casadartistes.esfarcultural.net\/wp-content\/uploads\/2021\/08\/an21-convoca-600x200.jpg 600w\" sizes=\"auto, (max-width: 2560px) 100vw, 2560px\" \/>[\/vc_column_text][vc_column_text css=&#8221;.vc_custom_1628084137240{border-top-width: 30px !important;}&#8221;]<\/p>\n<h3 style=\"text-align: center;\"><span style=\"color: #000000;\"><b>RESIDENCIA DE CREACI\u00d3N SONORA<\/b><\/span><\/h3>\n<p>[\/vc_column_text][vc_empty_space][vc_column_text css=&#8221;&#8221;]BASES DE LA CONVOCATORIA<\/p>\n<p>&nbsp;<\/p>\n<p>CASA D&#8217;ARTISTES (ES FAR CULTURAL) presenta el programa de residencias de creaci\u00f3n sonora para apoyar a la investigaci\u00f3n y la experimentaci\u00f3n en el \u00e1mbito del arte sonoro y\/o la m\u00fasica experimental. La convocatoria est\u00e1 dirigida a artistas que trabajen a partir del sonido y que necesitan un tiempo para dedicarlo a a proyectos de investigaci\u00f3n y\/o creaci\u00f3n sonora. Pueden ser proyectos y\/o investigaciones en proceso.<\/p>\n<p>&nbsp;<\/p>\n<p>Se seleccionar\u00e1 una propuesta para realizar una estancia de creaci\u00f3n en la Casa d&#8217;Artistes (Menorca) entre el 10 de septiembre al 3 de octubre 2021.<\/p>\n<p>&nbsp;<\/p>\n<p><strong>Qu\u00e9 se ofrece?<\/strong><\/p>\n<ul>\n<li>1 beca (1 artista). Alojamiento y espacio de trabajo en la Casa de Artistas (no incluye las dietas).<\/li>\n<li>Desplazamientos hasta Menorca (desde Barcelona o Palma) en el supuesto de que el artista sea de fuera de la isla.<\/li>\n<li>Ayuda a la creaci\u00f3n de 300 \u20ac<\/li>\n<li>El 2 de octubre del 2021 el proyecto seleccionado (acabado o en proceso) se mostrar\u00e1 a Se Claustro (Ma\u00f3).<\/li>\n<\/ul>\n<p>&nbsp;<\/p>\n<p>&nbsp;<\/p>\n<p><strong>\u00bfC\u00f3mo participar?<\/strong><\/p>\n<p>Debe presentar la siguiente documentaci\u00f3n en un solo documento pdf al correo <strong>casadartistes@gmail.com<\/strong><\/p>\n<p>&nbsp;<\/p>\n<p>El \u00edndice del documento ser\u00e1 el siguiente:<\/p>\n<ol>\n<li>Biograf\u00eda \/ statement (declaraci\u00f3n de intenciones).<\/li>\n<li>Breve carta de motivaci\u00f3n.<\/li>\n<li>Muestra del trabajo reciente. Un m\u00ednimo de 2 proyectos y m\u00e1ximo 5.<\/li>\n<li>CV art\u00edstico. Debe incluir los datos personales (nombre completo, lugar y fecha de nacimiento, correo electr\u00f3nico, n\u00famero de tel\u00e9fono, web o v\u00ednculos a redes sociales).<\/li>\n<\/ol>\n<p>&nbsp;<\/p>\n<p>El documento puede estar en catal\u00e1n, castellano o ingl\u00e9s.<\/p>\n<ul>\n<li>Plazo de presentaci\u00f3n: <strong>hasta el 14 de agosto de 2021<\/strong><\/li>\n<li>Resoluci\u00f3n: 16 de mayo de 2021<\/li>\n<li>Estancia entre el 10 de septiembre al 3 de octubre 2021<\/li>\n<\/ul>\n<p>&nbsp;<\/p>\n<p>Aceptaci\u00f3n:<\/p>\n<p>Una vez se haya notificado la resoluci\u00f3n, el artista tendr\u00e1 5 d\u00edas para aceptar o rechazar la beca. En aceptarla, los y las artistas se comprometen a:<\/p>\n<ul>\n<li>Aceptar los t\u00e9rminos de la convocatoria.<\/li>\n<li>Asegurar su participaci\u00f3n durante las fechas pactadas (* no aplazable).<\/li>\n<li>Autorizar el uso de la documentaci\u00f3n visual y sonora con fines divulgativos y como archivo de la Casa de Artistas \/ Se FAR Cultural.<\/li>\n<\/ul>\n<p>[\/vc_column_text][vc_empty_space][vc_empty_space]<a href=\"https:\/\/forms.gle\/2pjRkAiQkDDZ79sF6\" target=\"_blank\"  class=\"qbutton \" style=\"\">INSCRIPCI\u00d3N<\/a>[vc_empty_space][vc_empty_space][vc_empty_space][\/vc_column][\/vc_row][vc_row row_type=&#8221;row&#8221; use_row_as_full_screen_section=&#8221;no&#8221; type=&#8221;full_width&#8221; text_align=&#8221;left&#8221; background_animation=&#8221;none&#8221; css_animation=&#8221;&#8221;][vc_column width=&#8221;1\/5&#8243;][\/vc_column][vc_column width=&#8221;1\/5&#8243;][\/vc_column][vc_column width=&#8221;1\/5&#8243;][vc_column_text]<\/p>\n<p style=\"text-align: center;\"><strong>CON EL SOPORTE DE<\/strong><\/p>\n<p>[\/vc_column_text][vc_empty_space][vc_column_text]<img loading=\"lazy\" decoding=\"async\" class=\"alignnone size-full wp-image-1240\" src=\"https:\/\/casadartistes.esfarcultural.net\/wp-content\/uploads\/2021\/04\/Logo_estirat-.png\" alt=\"\" width=\"569\" height=\"291\" srcset=\"https:\/\/casadartistes.esfarcultural.net\/wp-content\/uploads\/2021\/04\/Logo_estirat-.png 569w, https:\/\/casadartistes.esfarcultural.net\/wp-content\/uploads\/2021\/04\/Logo_estirat--300x153.png 300w\" sizes=\"auto, (max-width: 569px) 100vw, 569px\" \/>[\/vc_column_text][\/vc_column][vc_column width=&#8221;1\/5&#8243;][\/vc_column][vc_column width=&#8221;1\/5&#8243;][\/vc_column][\/vc_row][vc_row row_type=&#8221;row&#8221; use_row_as_full_screen_section=&#8221;no&#8221; type=&#8221;full_width&#8221; text_align=&#8221;left&#8221; background_animation=&#8221;none&#8221; css_animation=&#8221;&#8221;][vc_column][vc_empty_space][vc_column_text]ES CLAUSTRE (Ma\u00f3): un Espacio Abierto, Fiesta Compartida y Cultura Viva<\/p>\n<p>En el patio, el espacio central del edificio, y enmarcado por unas preciosas b\u00f3vedas de piedra arenisca, es donde realizamos actividades culturales y l\u00fadicas al aire libre. Conciertos de jazz, pop, folk, cl\u00e1sica, teatro, danza, arte &#8230; Un entorno \u00fanico donde disfrutar de una oferta cultural sin parang\u00f3n en la isla, con una propuesta gastron\u00f3mica elaborada con productos locales y de calidad. Por su escenario han pasado grupos y artistas como Love of Lesbian, Kiko Veneno, Jordi Savall, Rosal\u00eda, Coque Malla, La Mala Rodriguez, Xoel Lopez, Jay Jay Johanson, Antonia Font, Jorge Drexler, Mastretta, Albert Pla, Macaco, Muchachito Bombo Infierno, Sopa de Cabra, Celtas Cortos, Toreros Muertos, El Ni\u00f1o de Elche, Marco Mezquida y Sol Pic\u00f3, Quimi Portet, Manel, Ivan Ferreiro, Mar\u00eda Arnal y Marcel Bag\u00e9s, Carles Benavent y Tomasito, CaboSanRoque, Roger Bernat, Joan catal\u00e1n, Circo Bov\u00e9, Leo Bassi &#8230;[\/vc_column_text][vc_empty_space][\/vc_column][\/vc_row][vc_row row_type=&#8221;row&#8221; use_row_as_full_screen_section=&#8221;no&#8221; type=&#8221;full_width&#8221; text_align=&#8221;left&#8221; background_animation=&#8221;none&#8221; css_animation=&#8221;&#8221;][vc_column width=&#8221;1\/5&#8243;][\/vc_column][vc_column width=&#8221;1\/5&#8243;][\/vc_column][vc_column width=&#8221;1\/5&#8243;][vc_column_text]<\/p>\n<p style=\"text-align: center;\"><strong>CON LA COLABORACI\u00d3N<\/strong><\/p>\n<p>[\/vc_column_text][vc_empty_space][vc_column_text]<img loading=\"lazy\" decoding=\"async\" class=\"alignnone size-full wp-image-1367\" src=\"https:\/\/casadartistes.esfarcultural.net\/wp-content\/uploads\/2021\/08\/CULTURA-I-EDUCACI\u00d3-CONSELL-INSULAR.png\" alt=\"\" width=\"1210\" height=\"389\" \/>[\/vc_column_text][vc_empty_space][\/vc_column][vc_column width=&#8221;1\/5&#8243;][\/vc_column][vc_column width=&#8221;1\/5&#8243;][\/vc_column][\/vc_row][vc_row row_type=&#8221;row&#8221; use_row_as_full_screen_section=&#8221;no&#8221; type=&#8221;full_width&#8221; text_align=&#8221;left&#8221; background_animation=&#8221;none&#8221; css_animation=&#8221;&#8221;][vc_column][vc_separator type=&#8221;normal&#8221; border_style=&#8221;&#8221;][\/vc_column][\/vc_row]<\/p>\n<\/div>","protected":false},"excerpt":{"rendered":"<p>[vc_row row_type=&#8221;row&#8221; use_row_as_full_screen_section=&#8221;no&#8221; type=&#8221;full_width&#8221; text_align=&#8221;left&#8221; background_animation=&#8221;none&#8221; css_animation=&#8221;&#8221;][vc_column][vc_empty_space][vc_column_text][\/vc_column_text][vc_column_text css=&#8221;.vc_custom_1628084137240{border-top-width: 30px !important;}&#8221;] RESIDENCIA DE CREACI\u00d3N SONORA [\/vc_column_text][vc_empty_space][vc_column_text css=&#8221;&#8221;]BASES DE LA CONVOCATORIA &nbsp; CASA D&#8217;ARTISTES (ES FAR CULTURAL) presenta el programa de residencias de creaci\u00f3n sonora para apoyar a la investigaci\u00f3n y la experimentaci\u00f3n en el \u00e1mbito del&#8230;<\/p>\n","protected":false},"author":1,"featured_media":0,"parent":0,"menu_order":0,"comment_status":"closed","ping_status":"closed","template":"","meta":{"footnotes":""},"class_list":["post-1096","page","type-page","status-publish","hentry"],"_links":{"self":[{"href":"https:\/\/casadartistes.esfarcultural.net\/en\/wp-json\/wp\/v2\/pages\/1096","targetHints":{"allow":["GET"]}}],"collection":[{"href":"https:\/\/casadartistes.esfarcultural.net\/en\/wp-json\/wp\/v2\/pages"}],"about":[{"href":"https:\/\/casadartistes.esfarcultural.net\/en\/wp-json\/wp\/v2\/types\/page"}],"author":[{"embeddable":true,"href":"https:\/\/casadartistes.esfarcultural.net\/en\/wp-json\/wp\/v2\/users\/1"}],"replies":[{"embeddable":true,"href":"https:\/\/casadartistes.esfarcultural.net\/en\/wp-json\/wp\/v2\/comments?post=1096"}],"version-history":[{"count":82,"href":"https:\/\/casadartistes.esfarcultural.net\/en\/wp-json\/wp\/v2\/pages\/1096\/revisions"}],"predecessor-version":[{"id":3225,"href":"https:\/\/casadartistes.esfarcultural.net\/en\/wp-json\/wp\/v2\/pages\/1096\/revisions\/3225"}],"wp:attachment":[{"href":"https:\/\/casadartistes.esfarcultural.net\/en\/wp-json\/wp\/v2\/media?parent=1096"}],"curies":[{"name":"wp","href":"https:\/\/api.w.org\/{rel}","templated":true}]}}